{"id":8817,"date":"2020-05-18T12:43:06","date_gmt":"2020-05-18T10:43:06","guid":{"rendered":"https:\/\/www.fauveparis.com\/?page_id=8817"},"modified":"2020-05-18T12:43:09","modified_gmt":"2020-05-18T10:43:09","slug":"data-privacy-policy","status":"publish","type":"page","link":"https:\/\/www.fauveparis.com\/en\/data-privacy-policy\/","title":{"rendered":"Data privacy policy"},"content":{"rendered":"<h4>Quelles donn\u00e9es personnelles collectons-nous ?<\/h4>\n<p>Lorsque vous visitez et\/ou utilisez notre site internet, lorsque vous nous contactez, lorsque vous faites estimer des biens, ou lorsque vous participez \u00e0 l&#8217;une de nos ventes aux ench\u00e8res en tant que vendeur\u00b7se ou acheteur\u00b7se et quel que soit le moyen par lequel vous ench\u00e9rissez, nous pouvons collecter les donn\u00e9es suivantes :<\/p>\n<p>\u2022 Les donn\u00e9es personnelles que vous d\u00e9cidez de nous communiquer lorsque vous cr\u00e9ez un compte, lorsque vous vous abonnez \u00e0 des courriels, newsletters ou alertes, lorsque vous nous envoyez des demandes d&#8217;expertise ou d&#8217;inventaire, lorsque vous participez \u00e0 une vente aux ench\u00e8res en tant que vendeur\u00b7se ou acheteur\u00b7se, par quelque biais que ce soit (ordre \u00e9crit, t\u00e9l\u00e9phone, plateformes de type Auction.fr, Drouot Digital, etc.) et que vous nous communiquez lorsque vous faites appel \u00e0 nos services, avis et r\u00e9ponses \u00e0 nos enqu\u00eates de satisfaction. Par exemple, vos pr\u00e9nom, nom, adresse, adresse email, num\u00e9ro de t\u00e9l\u00e9phone.<\/p>\n<p>\u2022 Si vous participez \u00e0 une vente aux ench\u00e8res en tant que vendeur\u00b7se ou acheteur\u00b7se, , par quelque biais que ce soit (ordre \u00e9crit, t\u00e9l\u00e9phone, plateformes de type Auction.fr, Drouot Digital, etc.), nous sommes \u00e9galement amen\u00e9\u00b7e\u00b7s \u00e0 collecter, conform\u00e9ment \u00e0 la loi relative aux ventes aux ench\u00e8res, les informations de votre pi\u00e8ce d&#8217;identit\u00e9 (vous n&#8217;avez pas le droit de vendre ni d&#8217;acheter \u00e0 la place de quelqu&#8217;un d&#8217;autre) et de votre compte bancaire (pour pouvoir r\u00e9gler les lots que nous vendons pour vous si vous \u00eates vendeur\u00b7se ou pour nous assurer de votre solvabilit\u00e9 si vous souhaitez acheter aux ench\u00e8res).<br \/>\n<strong>Lorsque vous participez \u00e0 l&#8217;une de nos ventes aux ench\u00e8res, vous acceptez, sauf mention contraire de votre part, de recevoir nos newsletters. Vous pourrez vous en d\u00e9sabonner \u00e0 tout moment. <\/strong><\/p>\n<p>\u2022 Dans le cas o\u00f9 vous utilisez notre service de paiement en ligne, la transaction se fait via Paybox (un outil tr\u00e8s utilis\u00e9 en e-commerce et hautement s\u00e9curis\u00e9) et peut stocker votre num\u00e9ro de carte de cr\u00e9dit et de d\u00e9bit sous forme crypt\u00e9e s\u00e9curis\u00e9e. Pour en savoir plus : http:\/\/www1.paybox.com\/nos-produits-et-services\/conditions-generales-de-vente\/<\/p>\n<p>Vos donn\u00e9es personnelles sont conserv\u00e9es de mani\u00e8re informatis\u00e9e et s\u00e9curis\u00e9e.<\/p>\n<h4>Prot\u00e9ger vos donn\u00e9es personnelles<\/h4>\n<p>La transmission d\u2019informations sur internet n\u2019est pas totalement s\u00fbre. Toutes les donn\u00e9es que vous renseignez <strong>ne sont pas et ne seront jamais vendues ou utilis\u00e9es \u00e0 d\u2019autres fins que celles relatives \u00e0 FauveParis.<\/strong><\/p>\n<h4>Comment utilisons-nous vos donn\u00e9es personnelles ?<\/h4>\n<p>Nous utilisons les donn\u00e9es personnelles pour <strong>vous fournir les services et les produits que vous demandez, vous permettre de faire estimer vos biens, de les vendre ou d&#8217;ench\u00e9rir, pour traiter les paiements, assurer le service client, pr\u00e9senter notre contenu, \u00e0 des fins d\u2019analyse de la client\u00e8le (notamment votre satisfaction), pour vous envoyer des courriels marketing et pour vous informer des modifications importantes relatives \u00e0 notre site internet.<\/strong><\/p>\n<h4>Retirer votre consentement ou vous opposer au marketing direct<\/h4>\n<p>Si vous souhaitez ne plus recevoir de communications envoy\u00e9es par FauveParis, vous pouvez cliquer sur le bouton de d\u00e9sabonnement \u00bb en bas de nos newsletter ou encore nous contacter \u00e0 contact@fauveparis.com &#8211; 01 55 28 80 90.<br \/>\nDans le cas de no snewsletters, merci de nous laisser un d\u00e9lai de 48 heures ouvr\u00e9es pour que votre adresse \u00e9lectronique soit retir\u00e9e de notre syst\u00e8me.<\/p>\n<h4>Partager des donn\u00e9es personnelles avec des tiers<\/h4>\n<p>Nous prenons la s\u00e9curit\u00e9 et la m\u00e9thode de traitement de vos donn\u00e9es personnelles tr\u00e8s au s\u00e9rieux et ne vendrons jamais vos donn\u00e9es personnelles, en aucune circonstance.<\/p>\n<p>Vous pouvez \u00e9galement avoir le droit de porter r\u00e9clamation si vous estimez que vos donn\u00e9es personnelles ont \u00e9t\u00e9 mal g\u00e9r\u00e9es. Nous vous encourageons \u00e0 nous contacter en premier lieu mais, dans la mesure o\u00f9 vous b\u00e9n\u00e9ficiez de ce droit, vous \u00eates en droit de vous plaindre directement aupr\u00e8s de l\u2019autorit\u00e9 de protection des donn\u00e9es comp\u00e9tente (en France, la CNIL).<\/p>\n<p>FauveParis est par ailleurs adh\u00e9rent au Registre central de pr\u00e9vention des impay\u00e9s des commissaires-priseurs aupr\u00e8s duquel les incidents de paiement sont susceptibles d\u2019inscription. Les droits d\u2019acc\u00e8s, de rectification et d\u2019opposition pour motif l\u00e9gitime sont \u00e0 exercer par le\u00b7la d\u00e9biteur\u00b7trice concern\u00e9\u00b7e aupr\u00e8s du Symev 15 rue Freycinet 75016 Paris.<\/p>\n<h4>Modifications de notre politique de confidentialit\u00e9<\/h4>\n<p>Si nous modifions nos politiques et proc\u00e9dures en mati\u00e8re de confidentialit\u00e9, nous publierons ces modifications sur notre site afin que vous soyez inform\u00e9\u00b7e des informations que nous collectons, de la mani\u00e8re dont nous les utilisons et des cas dans lesquels nous sommes susceptibles de les communiquer.<\/p>\n<h4>Conservation des donn\u00e9es<\/h4>\n<p>Nous conservons vos donn\u00e9es personnelles aussi longtemps que n\u00e9cessaire pour mener les activit\u00e9s qui sont d\u00e9crites dans la pr\u00e9sente politique de confidentialit\u00e9 ou qui vous sont communiqu\u00e9es, ou encore aussi longtemps que la loi nous y autorise.<\/p>\n<h4>Notre politique en mati\u00e8re de cookies<\/h4>\n<p>\u00c0 l\u2019instar des autres sites internet, notre site fait appel \u00e0 des technologies classiques telles que les cookies et autres outils similaires, parmi lesquels les journaux de serveur web, les balises, les pixels le stockage local, les identifiants d\u2019appareils et les ID de suivi (collectivement, les \u00ab cookies \u00bb dans la pr\u00e9sente Politique de Confidentialit\u00e9) aux finalit\u00e9s d\u00e9crites ci-dessous.<\/p>\n<p>Pourquoi utilisons-nous des cookies ?<\/p>\n<p><em>Cookies strictement n\u00e9cessaires\/transactionnels<\/em><\/p>\n<p>L\u2019utilisation de ce type de Cookies est indispensable au bon fonctionnement de notre site. Ces cookies peuvent s\u2019av\u00e9rer n\u00e9cessaires pour vous permettre de vous d\u00e9placer sur notre site et d\u2019utiliser nos services, pour l\u2019administration du syst\u00e8me, pour emp\u00eacher les actes frauduleux, pour maintenir votre connexion d\u2019une page \u00e0 l\u2019autre ou pour que nous puissions garder en m\u00e9moire vos pr\u00e9f\u00e9rences ou ordres d&#8217;achats. Ces cookies ne peuvent pas \u00eatre d\u00e9sactiv\u00e9s parce que notre site ne peut pas fonctionner correctement sans eux.<\/p>\n<p><em> Cookies fonctionnels<\/em><\/p>\n<p>L\u2019utilisation de ce type de cookies nous permet d\u2019am\u00e9liorer et de simplifier votre exp\u00e9rience utilisateur. Par exemple, ils peuvent garder en m\u00e9moire les choix que vous faites, comme par exemple le pays depuis lequel vous visitez notre site, la langue, les param\u00e8tres de recherche tels que la date, la zone ou le traitement, et aident \u00e0 identifier les probl\u00e8mes de notre Site (comme les crash incidents par exemple). Ils peuvent ensuite \u00eatre utilis\u00e9s pour vous proposer une exp\u00e9rience plus adapt\u00e9e \u00e0 vos choix et pour personnaliser et am\u00e9liorer vos visites sur notre Site. Les informations collect\u00e9es \u00e0 l\u2019aide de ces technologies peuvent permettre de vous identifier personnellement, comme c\u2019est le cas par exemple de vos identifiants de connexion. Ces cookies ne peuvent suivre votre activit\u00e9 de navigation sur d\u2019autres sites Internet ou applis en dehors du site.<\/p>\n<p><em> Cookies de performance<\/em><\/p>\n<p>L\u2019utilisation de ce type de cookies nous permet de mieux comprendre combien d\u2019utilisateur\u00b7trice\u00b7s visitent notre site, comment ils\u00b7elles arrivent et naviguent sur notre site ou l\u2019utilisent, et quelles parties de notre site sont les plus populaires. Cela nous aide \u00e0 am\u00e9liorer le site, comme par exemple l\u2019exp\u00e9rience de navigation et d\u2019interface, et \u00e0 am\u00e9liorer nos produits et services. Pour y parvenir, nous collectons des informations sur la mani\u00e8re dont les gens utilisent notre site et nous faisons appel \u00e0 des technologies tierces, incluant mais ne se limitant pas \u00e0 Google Analytics, Hotjar, Facebook, Google Tag Manager. Nous utilisons \u00e9galement ces cookies pour nous aider \u00e0 mesurer l\u2019efficacit\u00e9 de nos activit\u00e9s marketing et publicitaires en ligne.<\/p>\n<p>Google Analytics est un service d\u2019analyse en ligne propos\u00e9 par Google, Inc. Nous utilisons Google Analytics pour savoir comment les visiteur\u00b7se\u00b7s utilisent notre site, pour pr\u00e9parer des rapports et nous aider \u00e0 am\u00e9liorer le site. Google collecte des informations sous forme anonyme, parmi lesquelles le nombre de visiteur\u00b7se\u00b7s du site, les sites depuis lesquels les visiteur\u00b7se\u00b7s sont arriv\u00e9\u00b7e\u00b7s sur le site et les pages qu\u2019ils\u00b7elles ont consult\u00e9es sur le site. Ces informations sont ensuite utilis\u00e9es par Google pour nous pr\u00e9senter des rapports et pour nous aider \u00e0 am\u00e9liorer le site. Pour en savoir plus sur les donn\u00e9es collect\u00e9es par Google et la mani\u00e8re dont elles sont trait\u00e9es, consultez la politique de confidentialit\u00e9 Google \u00e0 l\u2019adresse https:\/\/policies.google.com\/privacy?hl=fr-CA .<\/p>\n<p><em>Comment faire pour modifier mes pr\u00e9f\u00e9rences en mati\u00e8re de cookies ?<\/em><\/p>\n<p>Nous d\u00e9crivons ci-dessous un certain nombre de m\u00e9thodes que vous pouvez utiliser pour g\u00e9rer vos pr\u00e9f\u00e9rences en mati\u00e8re de cookies en ligne. Pour en savoir plus, consultez \u00e9galement les politiques en mati\u00e8re de confidentialit\u00e9 et de cookies du tiers en question.<\/p>\n<p>La plupart des navigateurs et des appareils vous permettent de supprimer les technologies de tra\u00e7age et\/ou de bloquer le d\u00e9p\u00f4t de nouvelles technologies de tra\u00e7age. Pour d\u00e9sactiver les technologies de tra\u00e7age, consultez le menu \u00ab Aide \u00bb de votre navigateur ou les param\u00e8tres de votre appareil. Notez toutefois que (a) cette manipulation peut ne pas s\u2019av\u00e9rer efficace pour toutes les technologies de tra\u00e7age et (b) la d\u00e9sactivation des technologies de tra\u00e7age peut limiter votre capacit\u00e9 \u00e0 utiliser les sites et\/ou retarder ou affecter la mani\u00e8re dont ils fonctionnent.<\/p>\n<p>Utilisez les param\u00e8tres de votre appareil mobile pour configurer vos pr\u00e9f\u00e9rences en mati\u00e8re de publicit\u00e9.<\/p>\n<p>Google Analytics: Si vous souhaitez que vos donn\u00e9es ne soient pas utilis\u00e9es par Google Analytics, vous pouvez installer le module compl\u00e9mentaire de navigateur pour la d\u00e9sactivation de Google Analytics en suivant les instructions donn\u00e9es ici : google.com\/dlpage\/gaoptout?hl=fr. Vous pouvez vous opposer \u00e0 l\u2019utilisation de cookies par Google en vous rendant sur la page de d\u00e9sactivation des publicit\u00e9s Google : policies.google.com\/technologies?hl=fr-CA.<br \/>\nFacebook Ads: Vous pouvez contr\u00f4ler la mani\u00e8re dont Facebook utilise des donn\u00e9es pour vous pr\u00e9senter des publicit\u00e9s en d\u00e9sactivant les publicit\u00e9s qui peuvent \u00eatre bas\u00e9es sur des centres d\u2019int\u00e9r\u00eats et \/ ou votre relation avec des annonceurs sp\u00e9cifiques, dans vos pr\u00e9f\u00e9rences publicitaires. Pour en savoir plus, consultez les diff\u00e9rentes pages de Facebook qui vous permettent d\u2019en savoir plus sur les publicit\u00e9s et cookies de Facebook et de mettre \u00e0 jour vos param\u00e8tres :<br \/>\nfr-fr.facebook.com\/policies\/cookies\/<br \/>\nfr-fr.facebook.com\/about\/ads<br \/>\nfr-fr.facebook.com\/ads\/preferences\/edit\/<\/p>\n<p>Nous attirons votre attention sur le fait que m\u00eame si vous avez choisi de ne pas recevoir nos messages marketing par courriel en employant l\u2019une des m\u00e9thodes d\u00e9crites ci-dessus dans la section \u00ab Retirer mon consentement ou encore refuser le marketing direct \u00bb, vous pouvez toujours voir nos publicit\u00e9s non cibl\u00e9es lorsque vous \u00eates en ligne dans la mesure o\u00f9 les param\u00e8tres de vos centres d\u2019int\u00e9r\u00eat sur Facebook sont associ\u00e9s \u00e0 un segment d\u2019audience (pr\u00e9d\u00e9fini par Facebook) auquel notre activit\u00e9 est \u00e9galement associ\u00e9e. Nous n\u2019avons aucun moyen de contr\u00f4ler l\u2019affichage ou le non-affichage de ces publicit\u00e9s sur votre \u00e9cran.<\/p>\n<p>Dans le cas de tiers qui ne sont pas sp\u00e9cifi\u00e9s dans la pr\u00e9sente section, consultez leur politique en mati\u00e8re de confidentialit\u00e9 et de cookies pour en savoir plus sur les publicit\u00e9s qui apparaissent sur votre \u00e9cran lorsque vous \u00eates en ligne et la mani\u00e8re dont vous pouvez les refuser.<\/p>\n","protected":false},"excerpt":{"rendered":"<p>Quelles donn\u00e9es personnelles collectons-nous ? Lorsque vous visitez et\/ou utilisez notre site internet, lorsque vous nous contactez, lorsque vous faites estimer des [&hellip;]<\/p>\n","protected":false},"author":4,"featured_media":8183,"parent":0,"menu_order":0,"comment_status":"closed","ping_status":"closed","template":"qui-sommes-nous-template.php","meta":{"_acf_changed":false,"footnotes":""},"class_list":["post-8817","page","type-page","status-publish","has-post-thumbnail","hentry"],"acf":[],"yoast_head":"<!-- This site is optimized with the Yoast SEO plugin v27.3 - https:\/\/yoast.com\/product\/yoast-seo-wordpress\/ -->\n<title>Data privacy policy - FauveParis<\/title>\n<meta name=\"robots\" content=\"index, follow, max-snippet:-1, max-image-preview:large, max-video-preview:-1\" \/>\n<link rel=\"canonical\" href=\"https:\/\/www.fauveparis.com\/en\/wp-json\/wp\/v2\/pages\/8817\" \/>\n<meta property=\"og:locale\" content=\"en_US\" \/>\n<meta property=\"og:type\" content=\"article\" \/>\n<meta property=\"og:title\" content=\"Data privacy policy - FauveParis\" \/>\n<meta property=\"og:description\" content=\"Quelles donn\u00e9es personnelles collectons-nous ? Lorsque vous visitez et\/ou utilisez notre site internet, lorsque vous nous contactez, lorsque vous faites estimer des [&hellip;]\" \/>\n<meta property=\"og:url\" content=\"https:\/\/www.fauveparis.com\/en\/data-privacy-policy\/\" \/>\n<meta property=\"og:site_name\" content=\"FauveParis\" \/>\n<meta property=\"article:publisher\" content=\"https:\/\/www.facebook.com\/fauveparis\/\" \/>\n<meta property=\"article:modified_time\" content=\"2020-05-18T10:43:09+00:00\" \/>\n<meta property=\"og:image\" content=\"https:\/\/www.fauveparis.com\/wp-content\/uploads\/2020\/05\/fauveparis_entrechienetloup_9juin16_7.jpg\" \/>\n\t<meta property=\"og:image:width\" content=\"808\" \/>\n\t<meta property=\"og:image:height\" content=\"1142\" \/>\n\t<meta property=\"og:image:type\" content=\"image\/jpeg\" \/>\n<meta name=\"twitter:card\" content=\"summary_large_image\" \/>\n<meta name=\"twitter:site\" content=\"@FauveParis\" \/>\n<meta name=\"twitter:label1\" content=\"Est. reading time\" \/>\n\t<meta name=\"twitter:data1\" content=\"10 minutes\" \/>\n<script type=\"application\/ld+json\" class=\"yoast-schema-graph\">{\"@context\":\"https:\\\/\\\/schema.org\",\"@graph\":[{\"@type\":\"WebPage\",\"@id\":\"https:\\\/\\\/www.fauveparis.com\\\/en\\\/data-privacy-policy\\\/\",\"url\":\"https:\\\/\\\/www.fauveparis.com\\\/en\\\/data-privacy-policy\\\/\",\"name\":\"Data privacy policy - FauveParis\",\"isPartOf\":{\"@id\":\"https:\\\/\\\/www.fauveparis.com\\\/en\\\/#website\"},\"primaryImageOfPage\":{\"@id\":\"https:\\\/\\\/www.fauveparis.com\\\/en\\\/data-privacy-policy\\\/#primaryimage\"},\"image\":{\"@id\":\"https:\\\/\\\/www.fauveparis.com\\\/en\\\/data-privacy-policy\\\/#primaryimage\"},\"thumbnailUrl\":\"https:\\\/\\\/www.fauveparis.com\\\/wp-content\\\/uploads\\\/2020\\\/05\\\/fauveparis_entrechienetloup_9juin16_7.jpg\",\"datePublished\":\"2020-05-18T10:43:06+00:00\",\"dateModified\":\"2020-05-18T10:43:09+00:00\",\"breadcrumb\":{\"@id\":\"https:\\\/\\\/www.fauveparis.com\\\/en\\\/data-privacy-policy\\\/#breadcrumb\"},\"inLanguage\":\"en-US\",\"potentialAction\":[{\"@type\":\"ReadAction\",\"target\":[\"https:\\\/\\\/www.fauveparis.com\\\/en\\\/data-privacy-policy\\\/\"]}]},{\"@type\":\"ImageObject\",\"inLanguage\":\"en-US\",\"@id\":\"https:\\\/\\\/www.fauveparis.com\\\/en\\\/data-privacy-policy\\\/#primaryimage\",\"url\":\"https:\\\/\\\/www.fauveparis.com\\\/wp-content\\\/uploads\\\/2020\\\/05\\\/fauveparis_entrechienetloup_9juin16_7.jpg\",\"contentUrl\":\"https:\\\/\\\/www.fauveparis.com\\\/wp-content\\\/uploads\\\/2020\\\/05\\\/fauveparis_entrechienetloup_9juin16_7.jpg\",\"width\":808,\"height\":1142,\"caption\":\"Politique de confidentialit\u00e9 des donn\u00e9es\"},{\"@type\":\"BreadcrumbList\",\"@id\":\"https:\\\/\\\/www.fauveparis.com\\\/en\\\/data-privacy-policy\\\/#breadcrumb\",\"itemListElement\":[{\"@type\":\"ListItem\",\"position\":1,\"name\":\"Home\",\"item\":\"https:\\\/\\\/www.fauveparis.com\\\/en\\\/\"},{\"@type\":\"ListItem\",\"position\":2,\"name\":\"Data privacy policy\"}]},{\"@type\":\"WebSite\",\"@id\":\"https:\\\/\\\/www.fauveparis.com\\\/en\\\/#website\",\"url\":\"https:\\\/\\\/www.fauveparis.com\\\/en\\\/\",\"name\":\"FauveParis\",\"description\":\"Ventes aux ench\u00e8res \u00b7 Auctions now\",\"publisher\":{\"@id\":\"https:\\\/\\\/www.fauveparis.com\\\/en\\\/#organization\"},\"potentialAction\":[{\"@type\":\"SearchAction\",\"target\":{\"@type\":\"EntryPoint\",\"urlTemplate\":\"https:\\\/\\\/www.fauveparis.com\\\/en\\\/?s={search_term_string}\"},\"query-input\":{\"@type\":\"PropertyValueSpecification\",\"valueRequired\":true,\"valueName\":\"search_term_string\"}}],\"inLanguage\":\"en-US\"},{\"@type\":\"Organization\",\"@id\":\"https:\\\/\\\/www.fauveparis.com\\\/en\\\/#organization\",\"name\":\"FauveParis\",\"url\":\"https:\\\/\\\/www.fauveparis.com\\\/en\\\/\",\"logo\":{\"@type\":\"ImageObject\",\"inLanguage\":\"en-US\",\"@id\":\"https:\\\/\\\/www.fauveparis.com\\\/en\\\/#\\\/schema\\\/logo\\\/image\\\/\",\"url\":\"https:\\\/\\\/www.fauveparis.com\\\/wp-content\\\/uploads\\\/2023\\\/05\\\/fauveparis_logo_800.png\",\"contentUrl\":\"https:\\\/\\\/www.fauveparis.com\\\/wp-content\\\/uploads\\\/2023\\\/05\\\/fauveparis_logo_800.png\",\"width\":800,\"height\":228,\"caption\":\"FauveParis\"},\"image\":{\"@id\":\"https:\\\/\\\/www.fauveparis.com\\\/en\\\/#\\\/schema\\\/logo\\\/image\\\/\"},\"sameAs\":[\"https:\\\/\\\/www.facebook.com\\\/fauveparis\\\/\",\"https:\\\/\\\/x.com\\\/FauveParis\",\"https:\\\/\\\/www.instagram.com\\\/fauveparis\\\/\"]}]}<\/script>\n<!-- \/ Yoast SEO plugin. -->","yoast_head_json":{"title":"Data privacy policy - FauveParis","robots":{"index":"index","follow":"follow","max-snippet":"max-snippet:-1","max-image-preview":"max-image-preview:large","max-video-preview":"max-video-preview:-1"},"canonical":"https:\/\/www.fauveparis.com\/en\/wp-json\/wp\/v2\/pages\/8817","og_locale":"en_US","og_type":"article","og_title":"Data privacy policy - FauveParis","og_description":"Quelles donn\u00e9es personnelles collectons-nous ? Lorsque vous visitez et\/ou utilisez notre site internet, lorsque vous nous contactez, lorsque vous faites estimer des [&hellip;]","og_url":"https:\/\/www.fauveparis.com\/en\/data-privacy-policy\/","og_site_name":"FauveParis","article_publisher":"https:\/\/www.facebook.com\/fauveparis\/","article_modified_time":"2020-05-18T10:43:09+00:00","og_image":[{"width":808,"height":1142,"url":"https:\/\/www.fauveparis.com\/wp-content\/uploads\/2020\/05\/fauveparis_entrechienetloup_9juin16_7.jpg","type":"image\/jpeg"}],"twitter_card":"summary_large_image","twitter_site":"@FauveParis","twitter_misc":{"Est. reading time":"10 minutes"},"schema":{"@context":"https:\/\/schema.org","@graph":[{"@type":"WebPage","@id":"https:\/\/www.fauveparis.com\/en\/data-privacy-policy\/","url":"https:\/\/www.fauveparis.com\/en\/data-privacy-policy\/","name":"Data privacy policy - FauveParis","isPartOf":{"@id":"https:\/\/www.fauveparis.com\/en\/#website"},"primaryImageOfPage":{"@id":"https:\/\/www.fauveparis.com\/en\/data-privacy-policy\/#primaryimage"},"image":{"@id":"https:\/\/www.fauveparis.com\/en\/data-privacy-policy\/#primaryimage"},"thumbnailUrl":"https:\/\/www.fauveparis.com\/wp-content\/uploads\/2020\/05\/fauveparis_entrechienetloup_9juin16_7.jpg","datePublished":"2020-05-18T10:43:06+00:00","dateModified":"2020-05-18T10:43:09+00:00","breadcrumb":{"@id":"https:\/\/www.fauveparis.com\/en\/data-privacy-policy\/#breadcrumb"},"inLanguage":"en-US","potentialAction":[{"@type":"ReadAction","target":["https:\/\/www.fauveparis.com\/en\/data-privacy-policy\/"]}]},{"@type":"ImageObject","inLanguage":"en-US","@id":"https:\/\/www.fauveparis.com\/en\/data-privacy-policy\/#primaryimage","url":"https:\/\/www.fauveparis.com\/wp-content\/uploads\/2020\/05\/fauveparis_entrechienetloup_9juin16_7.jpg","contentUrl":"https:\/\/www.fauveparis.com\/wp-content\/uploads\/2020\/05\/fauveparis_entrechienetloup_9juin16_7.jpg","width":808,"height":1142,"caption":"Politique de confidentialit\u00e9 des donn\u00e9es"},{"@type":"BreadcrumbList","@id":"https:\/\/www.fauveparis.com\/en\/data-privacy-policy\/#breadcrumb","itemListElement":[{"@type":"ListItem","position":1,"name":"Home","item":"https:\/\/www.fauveparis.com\/en\/"},{"@type":"ListItem","position":2,"name":"Data privacy policy"}]},{"@type":"WebSite","@id":"https:\/\/www.fauveparis.com\/en\/#website","url":"https:\/\/www.fauveparis.com\/en\/","name":"FauveParis","description":"Ventes aux ench\u00e8res \u00b7 Auctions now","publisher":{"@id":"https:\/\/www.fauveparis.com\/en\/#organization"},"potentialAction":[{"@type":"SearchAction","target":{"@type":"EntryPoint","urlTemplate":"https:\/\/www.fauveparis.com\/en\/?s={search_term_string}"},"query-input":{"@type":"PropertyValueSpecification","valueRequired":true,"valueName":"search_term_string"}}],"inLanguage":"en-US"},{"@type":"Organization","@id":"https:\/\/www.fauveparis.com\/en\/#organization","name":"FauveParis","url":"https:\/\/www.fauveparis.com\/en\/","logo":{"@type":"ImageObject","inLanguage":"en-US","@id":"https:\/\/www.fauveparis.com\/en\/#\/schema\/logo\/image\/","url":"https:\/\/www.fauveparis.com\/wp-content\/uploads\/2023\/05\/fauveparis_logo_800.png","contentUrl":"https:\/\/www.fauveparis.com\/wp-content\/uploads\/2023\/05\/fauveparis_logo_800.png","width":800,"height":228,"caption":"FauveParis"},"image":{"@id":"https:\/\/www.fauveparis.com\/en\/#\/schema\/logo\/image\/"},"sameAs":["https:\/\/www.facebook.com\/fauveparis\/","https:\/\/x.com\/FauveParis","https:\/\/www.instagram.com\/fauveparis\/"]}]}},"_links":{"self":[{"href":"https:\/\/www.fauveparis.com\/en\/wp-json\/wp\/v2\/pages\/8817","targetHints":{"allow":["GET"]}}],"collection":[{"href":"https:\/\/www.fauveparis.com\/en\/wp-json\/wp\/v2\/pages"}],"about":[{"href":"https:\/\/www.fauveparis.com\/en\/wp-json\/wp\/v2\/types\/page"}],"author":[{"embeddable":true,"href":"https:\/\/www.fauveparis.com\/en\/wp-json\/wp\/v2\/users\/4"}],"replies":[{"embeddable":true,"href":"https:\/\/www.fauveparis.com\/en\/wp-json\/wp\/v2\/comments?post=8817"}],"version-history":[{"count":1,"href":"https:\/\/www.fauveparis.com\/en\/wp-json\/wp\/v2\/pages\/8817\/revisions"}],"predecessor-version":[{"id":8818,"href":"https:\/\/www.fauveparis.com\/en\/wp-json\/wp\/v2\/pages\/8817\/revisions\/8818"}],"wp:featuredmedia":[{"embeddable":true,"href":"https:\/\/www.fauveparis.com\/en\/wp-json\/wp\/v2\/media\/8183"}],"wp:attachment":[{"href":"https:\/\/www.fauveparis.com\/en\/wp-json\/wp\/v2\/media?parent=8817"}],"curies":[{"name":"wp","href":"https:\/\/api.w.org\/{rel}","templated":true}]}}