{"id":24926,"date":"2026-04-09T20:48:35","date_gmt":"2026-04-09T18:48:35","guid":{"rendered":"https:\/\/www.fauveparis.com\/?page_id=24926"},"modified":"2026-04-15T13:37:30","modified_gmt":"2026-04-15T11:37:30","slug":"livres-anciens-et-manuscrits","status":"publish","type":"page","link":"https:\/\/www.fauveparis.com\/en\/nos-specialites\/livres-anciens-et-manuscrits\/","title":{"rendered":"Livres anciens et manuscrits"},"content":{"rendered":"\n<div class=\"container-default\">\n  <div class=\"hero-section-desktop\">\n    <div class=\" hero-intro\">\n      <h1 class=\"hero-text\">Estimation de livres anciens et manuscrits<\/h1>\n      <div class=\"hero-intro-main-text\">Profitez d\u2019une \u00e9valuation gratuite et confidentielle<\/div>\n      <div class=\"hero-intro-br\"><\/div>\n      <div class=\"hero-intro-desc\">L\u2019estimation de livres anciens et de manuscrits repose sur une analyse fine de leur raret\u00e9, de leur \u00e9tat, de leur \u00e9dition et de leur provenance. \u00c0 Paris, FauveParis accompagne les collectionneurs et h\u00e9ritiers dans l\u2019\u00e9valuation de leurs ouvrages gr\u00e2ce \u00e0 une expertise fond\u00e9e sur le march\u00e9 des ench\u00e8res et des livres rares.\n      <\/div>\n      <a href=\"https:\/\/www.fauveparis.com\/estimation-en-ligne\/ \" class=\"call-to-action\">B\u00e9n\u00e9ficiez d\u2019une estimation en ligne simple et confidentielle en 24 h<i class=\"fas fa-chevron-right\"><\/i> <\/a> <\/div>\n    <div class=\"hero-desktop\"> <img decoding=\"async\" style=\"width:100%\" src=\"https:\/\/www.fauveparis.com\/wp-content\/uploads\/2020\/05\/fauveparis_lalanne_2.jpg\"> <\/div>\n  <\/div>\n<\/div>\n\n\n\n<div class=\"hero-logos-drouot-interencheres-container\">\n  <div class=\"hero-logos-drouot-container-item\">\n    <img decoding=\"async\" src=\"https:\/\/www.fauveparis.com\/wp-content\/uploads\/2025\/12\/logo_drouot_rouge_interencheres.png\" alt=\"Logo Drouot\">\n  <\/div>\n  <div class=\"hero-logos-interencheres-container-item\">\n    <img decoding=\"async\" src=\"https:\/\/www.fauveparis.com\/wp-content\/uploads\/2025\/12\/interenchere.png\" alt=\"Logo Interencheres\">\n  <\/div>\n<\/div>\n\n\n\n<div class=\"reassurance\">\n  <div class=\"reassurance-item\">\n    <div class=\"reassurance-icon\">\n      <img decoding=\"async\" src=\"https:\/\/www.fauveparis.com\/wp-content\/uploads\/2024\/06\/Groupe-109@2x.png\">\n    <\/div>\n    <div class=\"reassurance-item-br\"><\/div>\n    <div class=\"reassurance-text\">\n      1 \u00e0 2 ventes par semaine &#8211; A Paris, Drouot + Interench\u00e8res    <\/div>\n  <\/div>\n  <div class=\"reassurance-item reassurance-light\">\n    <div class=\"reassurance-icon\">\n      <img decoding=\"async\" class=\"larger-icon\" src=\"https:\/\/www.fauveparis.com\/wp-content\/uploads\/2024\/06\/Groupe-50@2x.png\">\n    <\/div>\n    <div class=\"reassurance-item-br\"><\/div>\n    <div class=\"reassurance-text\">\n      Paiement rapide apr\u00e8s la vente    <\/div>\n  <\/div>\n  <div class=\"reassurance-item\">\n    <div class=\"reassurance-icon\">\n      <img decoding=\"async\" class=\"smaller-icon\" src=\"https:\/\/www.fauveparis.com\/wp-content\/uploads\/2024\/06\/Groupe-141@2x.png\">\n    <\/div>\n    <div class=\"reassurance-item-br\"><\/div>\n    <div class=\"reassurance-text\">\n      Objets et \u0153uvres d&#8217;art contemporains    <\/div>\n  <\/div>\n<\/div>\n\n\n\n<div class=\"container-default\">\n<section>\n  <div class=\"wrap-text\">\n    <div>\n      <h2>Quand faire expertiser un livre ancien ou rare ?<\/h2>\n      <p>Une estimation de livres anciens \u00e0 Paris r\u00e9pond \u00e0 plusieurs besoins concrets :<\/p>\n      <ul>\n        <li>Vente aux ench\u00e8res d\u2019un ouvrage rare ou d\u2019une biblioth\u00e8que<\/li>\n        <li>Succession et partage patrimonial<\/li>\n        <li>Assurance ou r\u00e9\u00e9valuation de collection<\/li>\n        <li>Identification d\u2019un livre de valeur<\/li>\n        <li>Arbitrage entre conservation et vente<\/li>\n      <\/ul>\n      <p>L\u2019\u00e9valuation permet de situer un ouvrage dans son contexte de march\u00e9. Certains livres anciens peuvent voir leur valeur varier fortement selon leur \u00e9dition, leur \u00e9tat ou la pr\u00e9sence d\u2019annotations et de reliures originales.<\/p>\n      <p>Nos experts analysent chaque ouvrage \u00e0 partir de donn\u00e9es comparatives issues de ventes r\u00e9centes et de r\u00e9f\u00e9rences bibliographiques sp\u00e9cialis\u00e9es.<\/p>\n    <\/div>\n    <div>\n      <h2>Quels \u00e9l\u00e9ments influencent la valeur d\u2019un livre ancien ?<\/h2>\n      <p>L\u2019expertise de livre ancien repose sur plusieurs crit\u00e8res d\u00e9terminants, crois\u00e9s avec l\u2019\u00e9tat actuel du march\u00e9 :<\/p>\n      <ul>\n        <li>Auteur et importance historique de l\u2019ouvrage<\/li>\n        <li>\u00c9dition, tirage et date d\u2019impression<\/li>\n        <li>Raret\u00e9 et disponibilit\u00e9 sur le march\u00e9<\/li>\n        <li>\u00c9tat de conservation et reliure<\/li>\n        <li>Provenance et \u00e9ventuelles annotations manuscrites<\/li>\n        <li>Demande des collectionneurs et institutions<\/li>\n      <\/ul>\n        <p>Un manuscrit autographe, une premi\u00e8re \u00e9dition ou un ouvrage illustr\u00e9 peut ainsi pr\u00e9senter des \u00e9carts de valeur importants par rapport \u00e0 un exemplaire courant.<\/p>\n    <\/div>\n  <\/div>\n  <\/div>\n<\/section>\n\n\n\n<div class=\"container-default\">\n<section>\n  <div class=\"wrap-text\">\n    <div>\n     <h2>R\u00e9sultats de ventes aux ench\u00e8res de livres anciens et manuscrits<\/h2>\n<p>D\u00e9couvrez une s\u00e9lection de livres anciens et manuscrits vendus aux ench\u00e8res, illustrant notre expertise et notre capacit\u00e9 \u00e0 valoriser chaque pi\u00e8ce dans les meilleures conditions.<\/p>\n\n<h2>Exemple de livre ancien ou manuscrit vendu aux ench\u00e8res<\/h2>\n<p>&gt; 01320_11 : <a href=\"https:\/\/www.fauveparis.com\/lot\/312\/49684\/\">Alexandre Dumas p\u00e8re (1802-1870), premi\u00e8re version autographe de La Route de Varennes, dat\u00e9e du 2[4]* juillet 1856<\/a><\/p>\n\n<h2>Autres r\u00e9sultats de ventes aux ench\u00e8res de livres anciens et manuscrits<\/h2>\n<ul>\n  <li>01042_3_1 : <a href=\"https:\/\/www.fauveparis.com\/lot\/24\/2165\/\">Cyrnaeus (Pietro Corso, dit Petrus), L&#8217;Histoire de Corse par Pierre Cyrneemise en nostre langue, 1624, manuscrit \u00e0 la plume, 21 467 \u20ac<\/a><\/li>\n  <li>01320_11_4 : <a href=\"https:\/\/www.fauveparis.com\/lot\/312\/49684\/\">Alexandre Dumas p\u00e8re (1802-1870), premi\u00e8re version autographe de La Route de Varennes, dat\u00e9e du 2[4]* juillet 1856, manuscrit autographe, 69 850 \u20ac<\/a><\/li>\n  <li>04631_157_1 : <a href=\"https:\/\/www.fauveparis.com\/lot\/647\/82646\/\">Beard (Peter), Peter Beard, Collector&#8217;s Edition, Fayel Tall, Taschen, 2006, important coffret, 7 204 \u20ac<\/a><\/li>\n  <li>10888_17_1 : <a href=\"https:\/\/www.fauveparis.com\/lot\/343\/51908\/\">Premier Empire, Postes Imp\u00e9riales, \u00c9tat g\u00e9n\u00e9ral par ordre alphab\u00e9tique des routes de poste, 12 282 \u20ac<\/a><\/li>\n  <li>11463_138_1 : <a href=\"https:\/\/www.fauveparis.com\/lot\/346\/52355\/\">[Schmied (Fran\u00e7ois-Louis) &#8211; Goulden (Jean)], Salonique, la Mac\u00e9doine, l&#8217;Athos, 11 250 \u20ac<\/a><\/li>\n  <li>11463_140_1 : <a href=\"https:\/\/www.fauveparis.com\/lot\/346\/52356\/\">[Oudry (Jean-Baptiste)] &#8211; La Fontaine (Jean de), Fables choisies, 8 228 \u20ac<\/a><\/li>\n  <li>11463_290_1 : <a href=\"https:\/\/www.fauveparis.com\/lot\/353\/53358\/\">[Schmied (Fran\u00e7ois-Louis)] &#8211; Flaubert (Gustave), Salammb\u00f4, Paris, Le Livre, 1923, 7 595 \u20ac<\/a><\/li>\n  <li>12350_2_12 : <a href=\"https:\/\/www.fauveparis.com\/lot\/366\/54300\/\">France, XVe si\u00e8cle, livre d\u2019heures, in-12, reliure de peau brod\u00e9e, 8 079 \u20ac<\/a><\/li>\n  <li>14296_1_1 : <a href=\"https:\/\/www.fauveparis.com\/lot\/426\/61594\/\">Rare carnet comprenant plus de 360 autographes (1925-1979), dont celui de Walt Disney, 12 850 \u20ac<\/a><\/li>\n<\/ul>\n    <\/div>\n  <\/div>\n  <\/div>\n<\/section>\n\n\n\n<div class=\"kpi-container\">\n  <h2 class=\"kpi-title\">\n    Quelques  <span class=\"kpi-title-bold\">chiffres<\/span>\n  <\/h2>\n  <div class=\"kpi-desc\">\n    Une maison de ventes aux ench\u00e8res dynamique et performante  <\/div>\n  <div class=\"kpi-grid\">\n                  <div class=\"kpi-item\">\n          <div class=\"kpi-icon\">\n            <img decoding=\"async\" src=\"https:\/\/www.fauveparis.com\/wp-content\/uploads\/2024\/06\/Groupe-13@2x.png\">\n          <\/div>\n          <div class=\"kpi-value\">\n            67 000          <\/div>\n          <div class=\"kpi-text\">\n            Lots pass\u00e9s en ventes          <\/div>\n        <\/div>\n        <div class=\"kpi-br\"><\/div>\n              <div class=\"kpi-item\">\n          <div class=\"kpi-icon\">\n            <img decoding=\"async\" src=\"https:\/\/www.fauveparis.com\/wp-content\/uploads\/2024\/06\/Groupe-15@2x.png\">\n          <\/div>\n          <div class=\"kpi-value\">\n            600          <\/div>\n          <div class=\"kpi-text\">\n            Inventaires          <\/div>\n        <\/div>\n        <div class=\"kpi-br\"><\/div>\n              <div class=\"kpi-item\">\n          <div class=\"kpi-icon\">\n            <img decoding=\"async\" src=\"https:\/\/www.fauveparis.com\/wp-content\/uploads\/2024\/06\/Groupe-17@2x.png\">\n          <\/div>\n          <div class=\"kpi-value\">\n            120 000          <\/div>\n          <div class=\"kpi-text\">\n            Estimations          <\/div>\n        <\/div>\n        <div class=\"kpi-br\"><\/div>\n            <\/div>\n<\/div>\n\n\n\n<div class=\"container-default\">\n  <section>\n    <div class=\"wrap-text\">\n      <div>\n        <h2>Quelle valeur peut atteindre un livre ancien ou un manuscrit ?<\/h2>\n        <p>L\u2019estimation du prix de livres anciens d\u00e9pend fortement de la combinaison de ces crit\u00e8res. Certains ouvrages courants poss\u00e8dent une valeur principalement patrimoniale. Des \u00e9ditions rares, des incunables ou des manuscrits sign\u00e9s peuvent, quant \u00e0 eux, atteindre des montants \u00e9lev\u00e9s en salle des ventes.<\/p>\n        <p>Le march\u00e9 du livre ancien reste structur\u00e9 par une demande internationale, port\u00e9e par les bibliophiles, les collectionneurs et certaines institutions sp\u00e9cialis\u00e9es. <\/p>\n      <\/div>\n      <div>\n        <h2>Valorisez vos livres anciens et manuscrits avec FauveParis<\/h2>\n        <p>FauveParis propose un accompagnement complet pour faire estimer un livre, qu\u2019il s\u2019agisse d\u2019un ouvrage isol\u00e9 ou d\u2019une biblioth\u00e8que enti\u00e8re. Une estimation de livre en ligne peut \u00eatre r\u00e9alis\u00e9e \u00e0 partir de photographies ou directement dans nos bureaux \u00e0 Paris.<\/p>\n        <p>Nous assurons une estimation de livres anciens gratuite, confidentielle et sans engagement, avec une premi\u00e8re analyse rapide du potentiel de vos ouvrages.<\/p>\n        <p>Que vous recherchiez une estimation de livre ancien ou une estimation de livre rare, notre \u00e9quipe vous guide dans chaque \u00e9tape, de l\u2019\u00e9valuation initiale jusqu\u2019\u00e0 la mise en vente aux ench\u00e8res.<\/p>\n        <p>FauveParis r\u00e9alise des expertises dans plus de 20 sp\u00e9cialit\u00e9s et s\u2019appuie, lorsque n\u00e9cessaire, sur des experts reconnus dans le domaine du livre ancien et des manuscrits.<\/p>\n        <p>Pour toute estimation de livre ancien \u00e0 Paris, une expertise ou un inventaire, nos \u00e9quipes vous accueillent ou vous r\u00e9pondent sous 24 h.<\/p>\n      <\/div>\n    <\/div>\n  <\/section>\n<\/div>\n\n\n\n<div class=\"estimation\">\n  <h2 class=\"estimation-title\">\n   Estimation gratuite de livres anciens et manuscrits   <div class=\"estimation-title-lower\">\n      en ligne ou dans nos bureaux    <\/div>\n  <\/h2>\n  <div class=\"estimation-desc\">\n    Recevez sous 24h une estimation d&#8217;un commissaire-priseur et vendez sous 10 jours  <\/div>\n  <a href=\"https:\/\/www.fauveparis.com\/estimation-en-ligne\/\">\n\n    <div class=\"estimation-cta\">\n      Je demande une estimation gratuite <i class=\"fas fa-chevron-right\"><\/i>\n    <\/div>\n\n  <\/a>\n  <div class=\"estimation-addresses\">\n\n    <div class=\"estimation-address\">\n      <img decoding=\"async\" src=\"https:\/\/www.fauveparis.com\/wp-content\/uploads\/2024\/06\/Groupe-31@2x.png\">\n      18 Place des Vosges, Paris 4e    <\/div>\n    <div class=\"estimation-address-sep\">&nbsp;<\/div>\n    <div class=\"estimation-address\">\n      <img decoding=\"async\" src=\"https:\/\/www.fauveparis.com\/wp-content\/uploads\/2024\/06\/Groupe-31@2x.png\">\n      49 rue Saint-Sabin, Paris 11e    <\/div>\n\n  <\/div>\n<\/div>\n\n\n\n<div class=\"container-default\">\n<section>\n    <div class=\"wrap-text\">\n    <div>\n <h2>Autres expertises \u00e0 d\u00e9couvrir : <\/h2>\n      <ul>\n  <li><a href=\"https:\/\/www.fauveparis.com\/nos-specialites\/estimation-tableau-ancien\/\">Estimation de tableau ancien<\/a><\/li>\n  <li><a href=\"https:\/\/www.fauveparis.com\/nos-specialites\/estimation-de-tableau-contemporain\/\">Estimation de tableau contemporain<\/a><\/li>   \n  <li><a href=\"https:\/\/www.fauveparis.com\/nos-specialites\/estimation-sculpture\/\">Estimation de sculpture<\/a><\/li>\n  <li><a href=\"https:\/\/www.fauveparis.com\/nos-specialites\/estimation-porcelaines-ceramiques-et-vases\/\">Estimation de porcelaines, c\u00e9ramiques et vases<\/a><\/li>\n  <li><a href=\"https:\/\/www.fauveparis.com\/nos-specialites\/estimation-de-bijoux\/\">Estimation de bijoux<\/a><\/li>      \n  <li><a href=\"https:\/\/www.fauveparis.com\/nos-specialites\/estimation-de-montre\/\">Estimation de montres<\/a><\/li>\n  <li><a href=\"https:\/\/www.fauveparis.com\/nos-specialites\/estimation-design-arts-decoratifs\/\">Estimation de design et arts d\u00e9coratifs<\/a><\/li>\n  <li><a href=\"https:\/\/www.fauveparis.com\/nos-specialites\/vins-et-spiritueux\/\">Estimation de vins et spiritueux<\/a><\/li>\n  <li><a href=\"https:\/\/www.fauveparis.com\/nos-specialites\/art-asiatique\/\">Estimation d\u2019art asiatique<\/a><\/li>\n  <li><a href=\"https:\/\/www.fauveparis.com\/nos-specialites\/art-premier-africain\/\">Estimation d\u2019art premier et africain<\/a><\/li> \n<\/ul>\n <p>Retrouvez ici toutes <a href=\"https:\/\/www.fauveparis.com\/nos-specialites\/\">nos expertises<\/a>.<\/p>\n  <\/div>\n  <\/div>\n<\/section>\n<\/div>\n\n\n\n<p><\/p>\n","protected":false},"excerpt":{"rendered":"<p>Estimation de livres anciens et manuscrits Profitez d\u2019une \u00e9valuation gratuite et confidentielle L\u2019estimation de livres anciens et de manuscrits repose sur une [&hellip;]<\/p>\n","protected":false},"author":15,"featured_media":0,"parent":6365,"menu_order":0,"comment_status":"closed","ping_status":"closed","template":"templates\/page-statique.php","meta":{"_acf_changed":false,"footnotes":""},"class_list":["post-24926","page","type-page","status-publish","hentry"],"acf":[],"yoast_head":"<!-- This site is optimized with the Yoast SEO plugin v27.3 - https:\/\/yoast.com\/product\/yoast-seo-wordpress\/ -->\n<title>Estimation livres anciens et manuscrits \u00e0 Paris<\/title>\n<meta name=\"description\" content=\"Vous souhaitez faire estimer un livre en ligne ? B\u00e9n\u00e9ficiez d\u2019une premi\u00e8re \u00e9valuation sous 24 h par nos sp\u00e9cialistes.\" \/>\n<meta name=\"robots\" content=\"index, follow, max-snippet:-1, max-image-preview:large, max-video-preview:-1\" \/>\n<link rel=\"canonical\" href=\"https:\/\/www.fauveparis.com\/en\/wp-json\/wp\/v2\/pages\/24926\" \/>\n<meta property=\"og:locale\" content=\"en_US\" \/>\n<meta property=\"og:type\" content=\"article\" \/>\n<meta property=\"og:title\" content=\"Estimation livres anciens et manuscrits \u00e0 Paris\" \/>\n<meta property=\"og:description\" content=\"Vous souhaitez faire estimer un livre en ligne ? B\u00e9n\u00e9ficiez d\u2019une premi\u00e8re \u00e9valuation sous 24 h par nos sp\u00e9cialistes.\" \/>\n<meta property=\"og:url\" content=\"https:\/\/www.fauveparis.com\/nos-specialites\/livres-anciens-et-manuscrits\/\" \/>\n<meta property=\"og:site_name\" content=\"FauveParis\" \/>\n<meta property=\"article:publisher\" content=\"https:\/\/www.facebook.com\/fauveparis\/\" \/>\n<meta property=\"article:modified_time\" content=\"2026-04-15T11:37:30+00:00\" \/>\n<meta property=\"og:image\" content=\"https:\/\/www.fauveparis.com\/wp-content\/uploads\/2020\/05\/fauveparis_lalanne_2.jpg\" \/>\n<meta name=\"twitter:card\" content=\"summary_large_image\" \/>\n<meta name=\"twitter:site\" content=\"@FauveParis\" \/>\n<meta name=\"twitter:label1\" content=\"Est. reading time\" \/>\n\t<meta name=\"twitter:data1\" content=\"7 minutes\" \/>\n<script type=\"application\/ld+json\" class=\"yoast-schema-graph\">{\"@context\":\"https:\\\/\\\/schema.org\",\"@graph\":[{\"@type\":\"WebPage\",\"@id\":\"https:\\\/\\\/www.fauveparis.com\\\/nos-specialites\\\/livres-anciens-et-manuscrits\\\/\",\"url\":\"https:\\\/\\\/www.fauveparis.com\\\/nos-specialites\\\/livres-anciens-et-manuscrits\\\/\",\"name\":\"Estimation livres anciens et manuscrits \u00e0 Paris\",\"isPartOf\":{\"@id\":\"https:\\\/\\\/www.fauveparis.com\\\/en\\\/#website\"},\"primaryImageOfPage\":{\"@id\":\"https:\\\/\\\/www.fauveparis.com\\\/nos-specialites\\\/livres-anciens-et-manuscrits\\\/#primaryimage\"},\"image\":{\"@id\":\"https:\\\/\\\/www.fauveparis.com\\\/nos-specialites\\\/livres-anciens-et-manuscrits\\\/#primaryimage\"},\"thumbnailUrl\":\"https:\\\/\\\/www.fauveparis.com\\\/wp-content\\\/uploads\\\/2020\\\/05\\\/fauveparis_lalanne_2.jpg\",\"datePublished\":\"2026-04-09T18:48:35+00:00\",\"dateModified\":\"2026-04-15T11:37:30+00:00\",\"description\":\"Vous souhaitez faire estimer un livre en ligne ? B\u00e9n\u00e9ficiez d\u2019une premi\u00e8re \u00e9valuation sous 24 h par nos sp\u00e9cialistes.\",\"breadcrumb\":{\"@id\":\"https:\\\/\\\/www.fauveparis.com\\\/nos-specialites\\\/livres-anciens-et-manuscrits\\\/#breadcrumb\"},\"inLanguage\":\"en-US\",\"potentialAction\":[{\"@type\":\"ReadAction\",\"target\":[\"https:\\\/\\\/www.fauveparis.com\\\/nos-specialites\\\/livres-anciens-et-manuscrits\\\/\"]}]},{\"@type\":\"ImageObject\",\"inLanguage\":\"en-US\",\"@id\":\"https:\\\/\\\/www.fauveparis.com\\\/nos-specialites\\\/livres-anciens-et-manuscrits\\\/#primaryimage\",\"url\":\"https:\\\/\\\/www.fauveparis.com\\\/wp-content\\\/uploads\\\/2020\\\/05\\\/fauveparis_lalanne_2.jpg\",\"contentUrl\":\"https:\\\/\\\/www.fauveparis.com\\\/wp-content\\\/uploads\\\/2020\\\/05\\\/fauveparis_lalanne_2.jpg\"},{\"@type\":\"BreadcrumbList\",\"@id\":\"https:\\\/\\\/www.fauveparis.com\\\/nos-specialites\\\/livres-anciens-et-manuscrits\\\/#breadcrumb\",\"itemListElement\":[{\"@type\":\"ListItem\",\"position\":1,\"name\":\"Home\",\"item\":\"https:\\\/\\\/www.fauveparis.com\\\/en\\\/\"},{\"@type\":\"ListItem\",\"position\":2,\"name\":\"Toutes nos expertises : objets pr\u00e9cieux et \u0153uvres d\u2019art\",\"item\":\"https:\\\/\\\/www.fauveparis.com\\\/nos-specialites\\\/\"},{\"@type\":\"ListItem\",\"position\":3,\"name\":\"Livres anciens et manuscrits\"}]},{\"@type\":\"WebSite\",\"@id\":\"https:\\\/\\\/www.fauveparis.com\\\/en\\\/#website\",\"url\":\"https:\\\/\\\/www.fauveparis.com\\\/en\\\/\",\"name\":\"FauveParis\",\"description\":\"Ventes aux ench\u00e8res \u00b7 Auctions now\",\"publisher\":{\"@id\":\"https:\\\/\\\/www.fauveparis.com\\\/en\\\/#organization\"},\"potentialAction\":[{\"@type\":\"SearchAction\",\"target\":{\"@type\":\"EntryPoint\",\"urlTemplate\":\"https:\\\/\\\/www.fauveparis.com\\\/en\\\/?s={search_term_string}\"},\"query-input\":{\"@type\":\"PropertyValueSpecification\",\"valueRequired\":true,\"valueName\":\"search_term_string\"}}],\"inLanguage\":\"en-US\"},{\"@type\":\"Organization\",\"@id\":\"https:\\\/\\\/www.fauveparis.com\\\/en\\\/#organization\",\"name\":\"FauveParis\",\"url\":\"https:\\\/\\\/www.fauveparis.com\\\/en\\\/\",\"logo\":{\"@type\":\"ImageObject\",\"inLanguage\":\"en-US\",\"@id\":\"https:\\\/\\\/www.fauveparis.com\\\/en\\\/#\\\/schema\\\/logo\\\/image\\\/\",\"url\":\"https:\\\/\\\/www.fauveparis.com\\\/wp-content\\\/uploads\\\/2023\\\/05\\\/fauveparis_logo_800.png\",\"contentUrl\":\"https:\\\/\\\/www.fauveparis.com\\\/wp-content\\\/uploads\\\/2023\\\/05\\\/fauveparis_logo_800.png\",\"width\":800,\"height\":228,\"caption\":\"FauveParis\"},\"image\":{\"@id\":\"https:\\\/\\\/www.fauveparis.com\\\/en\\\/#\\\/schema\\\/logo\\\/image\\\/\"},\"sameAs\":[\"https:\\\/\\\/www.facebook.com\\\/fauveparis\\\/\",\"https:\\\/\\\/x.com\\\/FauveParis\",\"https:\\\/\\\/www.instagram.com\\\/fauveparis\\\/\"]}]}<\/script>\n<!-- \/ Yoast SEO plugin. -->","yoast_head_json":{"title":"Estimation livres anciens et manuscrits \u00e0 Paris","description":"Vous souhaitez faire estimer un livre en ligne ? B\u00e9n\u00e9ficiez d\u2019une premi\u00e8re \u00e9valuation sous 24 h par nos sp\u00e9cialistes.","robots":{"index":"index","follow":"follow","max-snippet":"max-snippet:-1","max-image-preview":"max-image-preview:large","max-video-preview":"max-video-preview:-1"},"canonical":"https:\/\/www.fauveparis.com\/en\/wp-json\/wp\/v2\/pages\/24926","og_locale":"en_US","og_type":"article","og_title":"Estimation livres anciens et manuscrits \u00e0 Paris","og_description":"Vous souhaitez faire estimer un livre en ligne ? B\u00e9n\u00e9ficiez d\u2019une premi\u00e8re \u00e9valuation sous 24 h par nos sp\u00e9cialistes.","og_url":"https:\/\/www.fauveparis.com\/nos-specialites\/livres-anciens-et-manuscrits\/","og_site_name":"FauveParis","article_publisher":"https:\/\/www.facebook.com\/fauveparis\/","article_modified_time":"2026-04-15T11:37:30+00:00","og_image":[{"url":"https:\/\/www.fauveparis.com\/wp-content\/uploads\/2020\/05\/fauveparis_lalanne_2.jpg","type":"","width":"","height":""}],"twitter_card":"summary_large_image","twitter_site":"@FauveParis","twitter_misc":{"Est. reading time":"7 minutes"},"schema":{"@context":"https:\/\/schema.org","@graph":[{"@type":"WebPage","@id":"https:\/\/www.fauveparis.com\/nos-specialites\/livres-anciens-et-manuscrits\/","url":"https:\/\/www.fauveparis.com\/nos-specialites\/livres-anciens-et-manuscrits\/","name":"Estimation livres anciens et manuscrits \u00e0 Paris","isPartOf":{"@id":"https:\/\/www.fauveparis.com\/en\/#website"},"primaryImageOfPage":{"@id":"https:\/\/www.fauveparis.com\/nos-specialites\/livres-anciens-et-manuscrits\/#primaryimage"},"image":{"@id":"https:\/\/www.fauveparis.com\/nos-specialites\/livres-anciens-et-manuscrits\/#primaryimage"},"thumbnailUrl":"https:\/\/www.fauveparis.com\/wp-content\/uploads\/2020\/05\/fauveparis_lalanne_2.jpg","datePublished":"2026-04-09T18:48:35+00:00","dateModified":"2026-04-15T11:37:30+00:00","description":"Vous souhaitez faire estimer un livre en ligne ? B\u00e9n\u00e9ficiez d\u2019une premi\u00e8re \u00e9valuation sous 24 h par nos sp\u00e9cialistes.","breadcrumb":{"@id":"https:\/\/www.fauveparis.com\/nos-specialites\/livres-anciens-et-manuscrits\/#breadcrumb"},"inLanguage":"en-US","potentialAction":[{"@type":"ReadAction","target":["https:\/\/www.fauveparis.com\/nos-specialites\/livres-anciens-et-manuscrits\/"]}]},{"@type":"ImageObject","inLanguage":"en-US","@id":"https:\/\/www.fauveparis.com\/nos-specialites\/livres-anciens-et-manuscrits\/#primaryimage","url":"https:\/\/www.fauveparis.com\/wp-content\/uploads\/2020\/05\/fauveparis_lalanne_2.jpg","contentUrl":"https:\/\/www.fauveparis.com\/wp-content\/uploads\/2020\/05\/fauveparis_lalanne_2.jpg"},{"@type":"BreadcrumbList","@id":"https:\/\/www.fauveparis.com\/nos-specialites\/livres-anciens-et-manuscrits\/#breadcrumb","itemListElement":[{"@type":"ListItem","position":1,"name":"Home","item":"https:\/\/www.fauveparis.com\/en\/"},{"@type":"ListItem","position":2,"name":"Toutes nos expertises : objets pr\u00e9cieux et \u0153uvres d\u2019art","item":"https:\/\/www.fauveparis.com\/nos-specialites\/"},{"@type":"ListItem","position":3,"name":"Livres anciens et manuscrits"}]},{"@type":"WebSite","@id":"https:\/\/www.fauveparis.com\/en\/#website","url":"https:\/\/www.fauveparis.com\/en\/","name":"FauveParis","description":"Ventes aux ench\u00e8res \u00b7 Auctions now","publisher":{"@id":"https:\/\/www.fauveparis.com\/en\/#organization"},"potentialAction":[{"@type":"SearchAction","target":{"@type":"EntryPoint","urlTemplate":"https:\/\/www.fauveparis.com\/en\/?s={search_term_string}"},"query-input":{"@type":"PropertyValueSpecification","valueRequired":true,"valueName":"search_term_string"}}],"inLanguage":"en-US"},{"@type":"Organization","@id":"https:\/\/www.fauveparis.com\/en\/#organization","name":"FauveParis","url":"https:\/\/www.fauveparis.com\/en\/","logo":{"@type":"ImageObject","inLanguage":"en-US","@id":"https:\/\/www.fauveparis.com\/en\/#\/schema\/logo\/image\/","url":"https:\/\/www.fauveparis.com\/wp-content\/uploads\/2023\/05\/fauveparis_logo_800.png","contentUrl":"https:\/\/www.fauveparis.com\/wp-content\/uploads\/2023\/05\/fauveparis_logo_800.png","width":800,"height":228,"caption":"FauveParis"},"image":{"@id":"https:\/\/www.fauveparis.com\/en\/#\/schema\/logo\/image\/"},"sameAs":["https:\/\/www.facebook.com\/fauveparis\/","https:\/\/x.com\/FauveParis","https:\/\/www.instagram.com\/fauveparis\/"]}]}},"_links":{"self":[{"href":"https:\/\/www.fauveparis.com\/en\/wp-json\/wp\/v2\/pages\/24926","targetHints":{"allow":["GET"]}}],"collection":[{"href":"https:\/\/www.fauveparis.com\/en\/wp-json\/wp\/v2\/pages"}],"about":[{"href":"https:\/\/www.fauveparis.com\/en\/wp-json\/wp\/v2\/types\/page"}],"author":[{"embeddable":true,"href":"https:\/\/www.fauveparis.com\/en\/wp-json\/wp\/v2\/users\/15"}],"replies":[{"embeddable":true,"href":"https:\/\/www.fauveparis.com\/en\/wp-json\/wp\/v2\/comments?post=24926"}],"version-history":[{"count":7,"href":"https:\/\/www.fauveparis.com\/en\/wp-json\/wp\/v2\/pages\/24926\/revisions"}],"predecessor-version":[{"id":25037,"href":"https:\/\/www.fauveparis.com\/en\/wp-json\/wp\/v2\/pages\/24926\/revisions\/25037"}],"up":[{"embeddable":true,"href":"https:\/\/www.fauveparis.com\/en\/wp-json\/wp\/v2\/pages\/6365"}],"wp:attachment":[{"href":"https:\/\/www.fauveparis.com\/en\/wp-json\/wp\/v2\/media?parent=24926"}],"curies":[{"name":"wp","href":"https:\/\/api.w.org\/{rel}","templated":true}]}}