{"id":24920,"date":"2026-04-09T20:31:54","date_gmt":"2026-04-09T18:31:54","guid":{"rendered":"https:\/\/www.fauveparis.com\/?page_id=24920"},"modified":"2026-04-15T13:58:23","modified_gmt":"2026-04-15T11:58:23","slug":"art-premier-africain","status":"publish","type":"page","link":"https:\/\/www.fauveparis.com\/en\/nos-specialites\/art-premier-africain\/","title":{"rendered":"Art premier &amp; africain"},"content":{"rendered":"\n<div class=\"container-default\">\n  <div class=\"hero-section-desktop\">\n    <div class=\" hero-intro\">\n      <h1 class=\"hero-text\">Estimation d\u2019art premier &#038; art africain<\/h1>\n      <div class=\"hero-intro-main-text\">D\u00e9couvrez la valeur de votre art premier et africain gr\u00e2ce \u00e0 nos sp\u00e9cialistes<\/div>\n      <div class=\"hero-intro-br\"><\/div>\n      <div class=\"hero-intro-desc\"> D\u00e9couvrez la valeur de votre art premier et africain gr\u00e2ce \u00e0 nos sp\u00e9cialistes <\/div>\n<p>L\u2019estimation d\u2019une \u0153uvre d\u2019art premier ou africain repose sur l\u2019analyse de son origine, de sa fonction, de sa raret\u00e9 et de son \u00e9tat de conservation. Masques, statues, objets rituels ou pi\u00e8ces ethnographiques n\u00e9cessitent une lecture experte du march\u00e9 et des cultures d\u2019origine. \u00c0 Paris, FauveParis propose une expertise fond\u00e9e sur les ventes aux ench\u00e8res pour \u00e9tablir une valeur coh\u00e9rente et actuelle.<\/p>\n\n      <a href=\"https:\/\/www.fauveparis.com\/estimation-en-ligne\/ \" class=\"call-to-action\">Obtenez une estimation gratuite rapidement<i class=\"fas fa-chevron-right\"><\/i> <\/a> <\/div>\n    <div class=\"hero-desktop\"> <img decoding=\"async\" style=\"width:100%\" src=\"https:\/\/www.fauveparis.com\/wp-content\/uploads\/2020\/05\/fauveparis_lalanne_2.jpg\"> <\/div>\n  <\/div>\n<\/div>\n\n\n\n<div class=\"hero-logos-drouot-interencheres-container\">\n  <div class=\"hero-logos-drouot-container-item\">\n    <img decoding=\"async\" src=\"https:\/\/www.fauveparis.com\/wp-content\/uploads\/2025\/12\/logo_drouot_rouge_interencheres.png\" alt=\"Logo Drouot\">\n  <\/div>\n  <div class=\"hero-logos-interencheres-container-item\">\n    <img decoding=\"async\" src=\"https:\/\/www.fauveparis.com\/wp-content\/uploads\/2025\/12\/interenchere.png\" alt=\"Logo Interencheres\">\n  <\/div>\n<\/div>\n\n\n\n<div class=\"reassurance\">\n  <div class=\"reassurance-item\">\n    <div class=\"reassurance-icon\">\n      <img decoding=\"async\" src=\"https:\/\/www.fauveparis.com\/wp-content\/uploads\/2024\/06\/Groupe-109@2x.png\">\n    <\/div>\n    <div class=\"reassurance-item-br\"><\/div>\n    <div class=\"reassurance-text\">\n      1 \u00e0 2 ventes par semaine &#8211; A Paris, Drouot + Interench\u00e8res    <\/div>\n  <\/div>\n  <div class=\"reassurance-item reassurance-light\">\n    <div class=\"reassurance-icon\">\n      <img decoding=\"async\" class=\"larger-icon\" src=\"https:\/\/www.fauveparis.com\/wp-content\/uploads\/2024\/06\/Groupe-50@2x.png\">\n    <\/div>\n    <div class=\"reassurance-item-br\"><\/div>\n    <div class=\"reassurance-text\">\n      Paiement rapide apr\u00e8s la vente    <\/div>\n  <\/div>\n  <div class=\"reassurance-item\">\n    <div class=\"reassurance-icon\">\n      <img decoding=\"async\" class=\"smaller-icon\" src=\"https:\/\/www.fauveparis.com\/wp-content\/uploads\/2024\/06\/Groupe-141@2x.png\">\n    <\/div>\n    <div class=\"reassurance-item-br\"><\/div>\n    <div class=\"reassurance-text\">\n      Objets et \u0153uvres d&#8217;art contemporains    <\/div>\n  <\/div>\n<\/div>\n\n\n\n<div class=\"container-default\">\n<section>\n  <div class=\"wrap-text\">\n    <div>\n      <h2>Pourquoi conna\u00eetre la valeur de vos objets d\u2019art premier et africain ?<\/h2>\n      <p>L\u2019estimation d\u2019objets d\u2019art premier et art africain r\u00e9pond \u00e0 plusieurs besoins concrets. Elle intervient lors d\u2019une succession, d\u2019une assurance, d\u2019une vente ou simplement pour mieux conna\u00eetre la valeur d\u2019une collection.<\/p>\n      <p>Dans un march\u00e9 tr\u00e8s attentif \u00e0 l\u2019authenticit\u00e9 et \u00e0 la provenance, l\u2019expertise sp\u00e9cialis\u00e9e s\u2019impose.<\/p>\n      <p>Dans certains cas, des pi\u00e8ces peuvent pr\u00e9senter un int\u00e9r\u00eat mus\u00e9al ou collectionnable \u00e9lev\u00e9, sans que leur valeur soit imm\u00e9diatement perceptible. C\u2019est notamment le cas de certains masques anciens, sculptures rituelles ou objets tribaux.<\/p>\n      <\/p>\n    <\/div>\n    <div>\n      <h2>Comment est d\u00e9termin\u00e9e la valeur d\u2019un objet d\u2019art premier et art africain ?<\/h2>\n      <p>L\u2019\u00e9valuation d\u2019un objet d\u2019art premier ou africain repose sur une m\u00e9thodologie rigoureuse. Les experts analysent plusieurs crit\u00e8res compl\u00e9mentaires :<\/p>\n      <ul>\n        <li>L\u2019authenticit\u00e9 et l\u2019attribution culturelle ou g\u00e9ographique<\/li>\n        <li>La qualit\u00e9 de la facture et des mat\u00e9riaux<\/li>\n        <li>La provenance et l\u2019historique document\u00e9<\/li>\n        <li>L\u2019\u00e9tat de conservation et les restaurations \u00e9ventuelles<\/li>\n        <li>Les r\u00e9sultats de ventes comparables sur le march\u00e9 international<\/li>\n      <\/ul>\n     \n<p><strong>Exemple d\u2019\u0153uvre d\u2019art africain vendue aux ench\u00e8res<\/strong><br>\n&gt; 08445_4 : <a href=\"https:\/\/www.fauveparis.com\/lot\/282\/47399\/\">Afrique, Congo (?), bracelet manchette ethnique en or<\/a><\/p>\n    <\/div>\n  <\/div>\n  <\/div>\n<\/section>\n\n\n\n<div class=\"kpi-container\">\n  <h2 class=\"kpi-title\">\n    Quelques  <span class=\"kpi-title-bold\">chiffres<\/span>\n  <\/h2>\n  <div class=\"kpi-desc\">\n    Une maison de ventes aux ench\u00e8res dynamique et performante  <\/div>\n  <div class=\"kpi-grid\">\n                  <div class=\"kpi-item\">\n          <div class=\"kpi-icon\">\n            <img decoding=\"async\" src=\"https:\/\/www.fauveparis.com\/wp-content\/uploads\/2024\/06\/Groupe-13@2x.png\">\n          <\/div>\n          <div class=\"kpi-value\">\n            67 000          <\/div>\n          <div class=\"kpi-text\">\n            Lots pass\u00e9s en ventes          <\/div>\n        <\/div>\n        <div class=\"kpi-br\"><\/div>\n              <div class=\"kpi-item\">\n          <div class=\"kpi-icon\">\n            <img decoding=\"async\" src=\"https:\/\/www.fauveparis.com\/wp-content\/uploads\/2024\/06\/Groupe-15@2x.png\">\n          <\/div>\n          <div class=\"kpi-value\">\n            600          <\/div>\n          <div class=\"kpi-text\">\n            Inventaires          <\/div>\n        <\/div>\n        <div class=\"kpi-br\"><\/div>\n              <div class=\"kpi-item\">\n          <div class=\"kpi-icon\">\n            <img decoding=\"async\" src=\"https:\/\/www.fauveparis.com\/wp-content\/uploads\/2024\/06\/Groupe-17@2x.png\">\n          <\/div>\n          <div class=\"kpi-value\">\n            120 000          <\/div>\n          <div class=\"kpi-text\">\n            Estimations          <\/div>\n        <\/div>\n        <div class=\"kpi-br\"><\/div>\n            <\/div>\n<\/div>\n\n\n\n<div class=\"container-default\">\n  <section>\n    <div class=\"wrap-text\">\n      <div>\n        <h2>Quelles \u0153uvres peuvent \u00eatre expertis\u00e9es en art premier et africain ?<\/h2>\n        <p>Les sp\u00e9cialit\u00e9s couvrent un large \u00e9ventail d\u2019objets issus des arts premiers et africains : masques c\u00e9r\u00e9moniels, statues ancestrales, f\u00e9tiches, objets de culte, bronzes, textiles ou encore pi\u00e8ces ethnographiques anciennes.<\/p>\n        <p>Certains objets font l\u2019objet d\u2019une attention particuli\u00e8re, notamment les masques traditionnels. L\u2019estimation de masque africain, par exemple, repose autant sur sa fonction rituelle que sur sa provenance et son anciennet\u00e9. <\/p>\n\n      <\/div>\n      <div>\n        <h2>Acc\u00e9dez \u00e0 une expertise sp\u00e9cialis\u00e9e en art premier et africain avec FauveParis<\/h2>\n        <p>FauveParis accompagne les collectionneurs, h\u00e9ritiers et amateurs dans l\u2019\u00e9valuation de leurs objets d\u2019art premier et africain. L\u2019expertise peut \u00eatre r\u00e9alis\u00e9e sur place, \u00e0 domicile ou \u00e0 partir de photographies, selon la nature des pi\u00e8ces.<\/p>\n<p>Maison de ventes aux ench\u00e8res install\u00e9e depuis 2014 dans le haut Marais \u00e0 Paris, FauveParis met \u00e0 disposition une \u00e9quipe de sp\u00e9cialistes et un r\u00e9seau d\u2019experts reconnus dans plus de 20 sp\u00e9cialit\u00e9s.<\/p>\n          <p>Une estimation gratuite constitue la premi\u00e8re \u00e9tape d\u2019une \u00e9ventuelle mise en vente ou d\u2019une meilleure compr\u00e9hension de votre patrimoine artistique.<\/p>\n      <\/div>\n    <\/div>\n  <\/section>\n<\/div>\n\n\n\n<div class=\"estimation\">\n  <h2 class=\"estimation-title\">\n    Estimation gratuite d&#8217;art premier    <div class=\"estimation-title-lower\">\n      en ligne ou dans nos bureaux    <\/div>\n  <\/h2>\n  <div class=\"estimation-desc\">\n    Recevez sous 24h une estimation d&#8217;un commissaire-priseur et vendez sous 10 jours  <\/div>\n  <a href=\"https:\/\/www.fauveparis.com\/estimation-en-ligne\/\">\n\n    <div class=\"estimation-cta\">\n      Je demande une estimation gratuite <i class=\"fas fa-chevron-right\"><\/i>\n    <\/div>\n\n  <\/a>\n  <div class=\"estimation-addresses\">\n\n    <div class=\"estimation-address\">\n      <img decoding=\"async\" src=\"https:\/\/www.fauveparis.com\/wp-content\/uploads\/2024\/06\/Groupe-31@2x.png\">\n      18 Place des Vosges, Paris 4e    <\/div>\n    <div class=\"estimation-address-sep\">&nbsp;<\/div>\n    <div class=\"estimation-address\">\n      <img decoding=\"async\" src=\"https:\/\/www.fauveparis.com\/wp-content\/uploads\/2024\/06\/Groupe-31@2x.png\">\n      49 rue Saint-Sabin, Paris 11e    <\/div>\n\n  <\/div>\n<\/div>\n\n\n\n<div class=\"container-default\">\n<section>\n    <div class=\"wrap-text\">\n    <div>\n <h2>Autres expertises \u00e0 d\u00e9couvrir : <\/h2>\n    <ul>\n  <li><a href=\"https:\/\/www.fauveparis.com\/nos-specialites\/estimation-tableau-ancien\/\">Estimation de tableau ancien<\/a><\/li>\n  <li><a href=\"https:\/\/www.fauveparis.com\/nos-specialites\/estimation-de-tableau-contemporain\/\">Estimation de tableau contemporain<\/a><\/li>   \n  <li><a href=\"https:\/\/www.fauveparis.com\/nos-specialites\/estimation-sculpture\/\">Estimation de sculpture<\/a><\/li>\n  <li><a href=\"https:\/\/www.fauveparis.com\/nos-specialites\/estimation-porcelaines-ceramiques-et-vases\/\">Estimation de porcelaines, c\u00e9ramiques et vases<\/a><\/li>\n  <li><a href=\"https:\/\/www.fauveparis.com\/nos-specialites\/estimation-de-bijoux\/\">Estimation de bijoux<\/a><\/li>      \n  <li><a href=\"https:\/\/www.fauveparis.com\/nos-specialites\/estimation-de-montre\/\">Estimation de montres<\/a><\/li>\n  <li><a href=\"https:\/\/www.fauveparis.com\/nos-specialites\/estimation-design-arts-decoratifs\/\">Estimation de design et arts d\u00e9coratifs<\/a><\/li>\n  <li><a href=\"https:\/\/www.fauveparis.com\/nos-specialites\/vins-et-spiritueux\/\">Estimation de vins et spiritueux<\/a><\/li>\n  <li><a href=\"https:\/\/www.fauveparis.com\/nos-specialites\/art-asiatique\/\">Estimation d\u2019art asiatique<\/a><\/li>\n   <li><a href=\"https:\/\/www.fauveparis.com\/nos-specialites\/livres-anciens-et-manuscrits\/\">Estimation de livres anciens et manuscrits<\/a><\/li>\n<\/ul>\n <p>Retrouvez ici toutes <a href=\"https:\/\/www.fauveparis.com\/nos-specialites\/\">nos expertises<\/a>.<\/p>\n  <\/div>\n  <\/div>\n<\/section>\n<\/div>\n\n\n\n<p><\/p>\n","protected":false},"excerpt":{"rendered":"<p>Estimation d\u2019art premier &#038; art africain D\u00e9couvrez la valeur de votre art premier et africain gr\u00e2ce \u00e0 nos sp\u00e9cialistes D\u00e9couvrez la valeur [&hellip;]<\/p>\n","protected":false},"author":15,"featured_media":0,"parent":6365,"menu_order":0,"comment_status":"closed","ping_status":"closed","template":"templates\/page-statique.php","meta":{"_acf_changed":false,"footnotes":""},"class_list":["post-24920","page","type-page","status-publish","hentry"],"acf":[],"yoast_head":"<!-- This site is optimized with the Yoast SEO plugin v27.3 - https:\/\/yoast.com\/product\/yoast-seo-wordpress\/ -->\n<title>Estimation art premier et africain \u00e0 Paris<\/title>\n<meta name=\"description\" content=\"Vous souhaitez faire estimer un objet d\u2019art premier ou art africain ? Profitez d\u2019une analyse pr\u00e9cise r\u00e9alis\u00e9e par des sp\u00e9cialistes du march\u00e9 de l\u2019art.\" \/>\n<meta name=\"robots\" content=\"index, follow, max-snippet:-1, max-image-preview:large, max-video-preview:-1\" \/>\n<link rel=\"canonical\" href=\"https:\/\/www.fauveparis.com\/en\/wp-json\/wp\/v2\/pages\/24920\" \/>\n<meta property=\"og:locale\" content=\"en_US\" \/>\n<meta property=\"og:type\" content=\"article\" \/>\n<meta property=\"og:title\" content=\"Estimation art premier et africain \u00e0 Paris\" \/>\n<meta property=\"og:description\" content=\"Vous souhaitez faire estimer un objet d\u2019art premier ou art africain ? Profitez d\u2019une analyse pr\u00e9cise r\u00e9alis\u00e9e par des sp\u00e9cialistes du march\u00e9 de l\u2019art.\" \/>\n<meta property=\"og:url\" content=\"https:\/\/www.fauveparis.com\/nos-specialites\/art-premier-africain\/\" \/>\n<meta property=\"og:site_name\" content=\"FauveParis\" \/>\n<meta property=\"article:publisher\" content=\"https:\/\/www.facebook.com\/fauveparis\/\" \/>\n<meta property=\"article:modified_time\" content=\"2026-04-15T11:58:23+00:00\" \/>\n<meta property=\"og:image\" content=\"https:\/\/www.fauveparis.com\/wp-content\/uploads\/2020\/05\/fauveparis_lalanne_2.jpg\" \/>\n<meta name=\"twitter:card\" content=\"summary_large_image\" \/>\n<meta name=\"twitter:site\" content=\"@FauveParis\" \/>\n<meta name=\"twitter:label1\" content=\"Est. reading time\" \/>\n\t<meta name=\"twitter:data1\" content=\"6 minutes\" \/>\n<script type=\"application\/ld+json\" class=\"yoast-schema-graph\">{\"@context\":\"https:\\\/\\\/schema.org\",\"@graph\":[{\"@type\":\"WebPage\",\"@id\":\"https:\\\/\\\/www.fauveparis.com\\\/nos-specialites\\\/art-premier-africain\\\/\",\"url\":\"https:\\\/\\\/www.fauveparis.com\\\/nos-specialites\\\/art-premier-africain\\\/\",\"name\":\"Estimation art premier et africain \u00e0 Paris\",\"isPartOf\":{\"@id\":\"https:\\\/\\\/www.fauveparis.com\\\/en\\\/#website\"},\"primaryImageOfPage\":{\"@id\":\"https:\\\/\\\/www.fauveparis.com\\\/nos-specialites\\\/art-premier-africain\\\/#primaryimage\"},\"image\":{\"@id\":\"https:\\\/\\\/www.fauveparis.com\\\/nos-specialites\\\/art-premier-africain\\\/#primaryimage\"},\"thumbnailUrl\":\"https:\\\/\\\/www.fauveparis.com\\\/wp-content\\\/uploads\\\/2020\\\/05\\\/fauveparis_lalanne_2.jpg\",\"datePublished\":\"2026-04-09T18:31:54+00:00\",\"dateModified\":\"2026-04-15T11:58:23+00:00\",\"description\":\"Vous souhaitez faire estimer un objet d\u2019art premier ou art africain ? Profitez d\u2019une analyse pr\u00e9cise r\u00e9alis\u00e9e par des sp\u00e9cialistes du march\u00e9 de l\u2019art.\",\"breadcrumb\":{\"@id\":\"https:\\\/\\\/www.fauveparis.com\\\/nos-specialites\\\/art-premier-africain\\\/#breadcrumb\"},\"inLanguage\":\"en-US\",\"potentialAction\":[{\"@type\":\"ReadAction\",\"target\":[\"https:\\\/\\\/www.fauveparis.com\\\/nos-specialites\\\/art-premier-africain\\\/\"]}]},{\"@type\":\"ImageObject\",\"inLanguage\":\"en-US\",\"@id\":\"https:\\\/\\\/www.fauveparis.com\\\/nos-specialites\\\/art-premier-africain\\\/#primaryimage\",\"url\":\"https:\\\/\\\/www.fauveparis.com\\\/wp-content\\\/uploads\\\/2020\\\/05\\\/fauveparis_lalanne_2.jpg\",\"contentUrl\":\"https:\\\/\\\/www.fauveparis.com\\\/wp-content\\\/uploads\\\/2020\\\/05\\\/fauveparis_lalanne_2.jpg\"},{\"@type\":\"BreadcrumbList\",\"@id\":\"https:\\\/\\\/www.fauveparis.com\\\/nos-specialites\\\/art-premier-africain\\\/#breadcrumb\",\"itemListElement\":[{\"@type\":\"ListItem\",\"position\":1,\"name\":\"Home\",\"item\":\"https:\\\/\\\/www.fauveparis.com\\\/en\\\/\"},{\"@type\":\"ListItem\",\"position\":2,\"name\":\"Toutes nos expertises : objets pr\u00e9cieux et \u0153uvres d\u2019art\",\"item\":\"https:\\\/\\\/www.fauveparis.com\\\/nos-specialites\\\/\"},{\"@type\":\"ListItem\",\"position\":3,\"name\":\"Art premier &amp; africain\"}]},{\"@type\":\"WebSite\",\"@id\":\"https:\\\/\\\/www.fauveparis.com\\\/en\\\/#website\",\"url\":\"https:\\\/\\\/www.fauveparis.com\\\/en\\\/\",\"name\":\"FauveParis\",\"description\":\"Ventes aux ench\u00e8res \u00b7 Auctions now\",\"publisher\":{\"@id\":\"https:\\\/\\\/www.fauveparis.com\\\/en\\\/#organization\"},\"potentialAction\":[{\"@type\":\"SearchAction\",\"target\":{\"@type\":\"EntryPoint\",\"urlTemplate\":\"https:\\\/\\\/www.fauveparis.com\\\/en\\\/?s={search_term_string}\"},\"query-input\":{\"@type\":\"PropertyValueSpecification\",\"valueRequired\":true,\"valueName\":\"search_term_string\"}}],\"inLanguage\":\"en-US\"},{\"@type\":\"Organization\",\"@id\":\"https:\\\/\\\/www.fauveparis.com\\\/en\\\/#organization\",\"name\":\"FauveParis\",\"url\":\"https:\\\/\\\/www.fauveparis.com\\\/en\\\/\",\"logo\":{\"@type\":\"ImageObject\",\"inLanguage\":\"en-US\",\"@id\":\"https:\\\/\\\/www.fauveparis.com\\\/en\\\/#\\\/schema\\\/logo\\\/image\\\/\",\"url\":\"https:\\\/\\\/www.fauveparis.com\\\/wp-content\\\/uploads\\\/2023\\\/05\\\/fauveparis_logo_800.png\",\"contentUrl\":\"https:\\\/\\\/www.fauveparis.com\\\/wp-content\\\/uploads\\\/2023\\\/05\\\/fauveparis_logo_800.png\",\"width\":800,\"height\":228,\"caption\":\"FauveParis\"},\"image\":{\"@id\":\"https:\\\/\\\/www.fauveparis.com\\\/en\\\/#\\\/schema\\\/logo\\\/image\\\/\"},\"sameAs\":[\"https:\\\/\\\/www.facebook.com\\\/fauveparis\\\/\",\"https:\\\/\\\/x.com\\\/FauveParis\",\"https:\\\/\\\/www.instagram.com\\\/fauveparis\\\/\"]}]}<\/script>\n<!-- \/ Yoast SEO plugin. -->","yoast_head_json":{"title":"Estimation art premier et africain \u00e0 Paris","description":"Vous souhaitez faire estimer un objet d\u2019art premier ou art africain ? Profitez d\u2019une analyse pr\u00e9cise r\u00e9alis\u00e9e par des sp\u00e9cialistes du march\u00e9 de l\u2019art.","robots":{"index":"index","follow":"follow","max-snippet":"max-snippet:-1","max-image-preview":"max-image-preview:large","max-video-preview":"max-video-preview:-1"},"canonical":"https:\/\/www.fauveparis.com\/en\/wp-json\/wp\/v2\/pages\/24920","og_locale":"en_US","og_type":"article","og_title":"Estimation art premier et africain \u00e0 Paris","og_description":"Vous souhaitez faire estimer un objet d\u2019art premier ou art africain ? Profitez d\u2019une analyse pr\u00e9cise r\u00e9alis\u00e9e par des sp\u00e9cialistes du march\u00e9 de l\u2019art.","og_url":"https:\/\/www.fauveparis.com\/nos-specialites\/art-premier-africain\/","og_site_name":"FauveParis","article_publisher":"https:\/\/www.facebook.com\/fauveparis\/","article_modified_time":"2026-04-15T11:58:23+00:00","og_image":[{"url":"https:\/\/www.fauveparis.com\/wp-content\/uploads\/2020\/05\/fauveparis_lalanne_2.jpg","type":"","width":"","height":""}],"twitter_card":"summary_large_image","twitter_site":"@FauveParis","twitter_misc":{"Est. reading time":"6 minutes"},"schema":{"@context":"https:\/\/schema.org","@graph":[{"@type":"WebPage","@id":"https:\/\/www.fauveparis.com\/nos-specialites\/art-premier-africain\/","url":"https:\/\/www.fauveparis.com\/nos-specialites\/art-premier-africain\/","name":"Estimation art premier et africain \u00e0 Paris","isPartOf":{"@id":"https:\/\/www.fauveparis.com\/en\/#website"},"primaryImageOfPage":{"@id":"https:\/\/www.fauveparis.com\/nos-specialites\/art-premier-africain\/#primaryimage"},"image":{"@id":"https:\/\/www.fauveparis.com\/nos-specialites\/art-premier-africain\/#primaryimage"},"thumbnailUrl":"https:\/\/www.fauveparis.com\/wp-content\/uploads\/2020\/05\/fauveparis_lalanne_2.jpg","datePublished":"2026-04-09T18:31:54+00:00","dateModified":"2026-04-15T11:58:23+00:00","description":"Vous souhaitez faire estimer un objet d\u2019art premier ou art africain ? Profitez d\u2019une analyse pr\u00e9cise r\u00e9alis\u00e9e par des sp\u00e9cialistes du march\u00e9 de l\u2019art.","breadcrumb":{"@id":"https:\/\/www.fauveparis.com\/nos-specialites\/art-premier-africain\/#breadcrumb"},"inLanguage":"en-US","potentialAction":[{"@type":"ReadAction","target":["https:\/\/www.fauveparis.com\/nos-specialites\/art-premier-africain\/"]}]},{"@type":"ImageObject","inLanguage":"en-US","@id":"https:\/\/www.fauveparis.com\/nos-specialites\/art-premier-africain\/#primaryimage","url":"https:\/\/www.fauveparis.com\/wp-content\/uploads\/2020\/05\/fauveparis_lalanne_2.jpg","contentUrl":"https:\/\/www.fauveparis.com\/wp-content\/uploads\/2020\/05\/fauveparis_lalanne_2.jpg"},{"@type":"BreadcrumbList","@id":"https:\/\/www.fauveparis.com\/nos-specialites\/art-premier-africain\/#breadcrumb","itemListElement":[{"@type":"ListItem","position":1,"name":"Home","item":"https:\/\/www.fauveparis.com\/en\/"},{"@type":"ListItem","position":2,"name":"Toutes nos expertises : objets pr\u00e9cieux et \u0153uvres d\u2019art","item":"https:\/\/www.fauveparis.com\/nos-specialites\/"},{"@type":"ListItem","position":3,"name":"Art premier &amp; africain"}]},{"@type":"WebSite","@id":"https:\/\/www.fauveparis.com\/en\/#website","url":"https:\/\/www.fauveparis.com\/en\/","name":"FauveParis","description":"Ventes aux ench\u00e8res \u00b7 Auctions now","publisher":{"@id":"https:\/\/www.fauveparis.com\/en\/#organization"},"potentialAction":[{"@type":"SearchAction","target":{"@type":"EntryPoint","urlTemplate":"https:\/\/www.fauveparis.com\/en\/?s={search_term_string}"},"query-input":{"@type":"PropertyValueSpecification","valueRequired":true,"valueName":"search_term_string"}}],"inLanguage":"en-US"},{"@type":"Organization","@id":"https:\/\/www.fauveparis.com\/en\/#organization","name":"FauveParis","url":"https:\/\/www.fauveparis.com\/en\/","logo":{"@type":"ImageObject","inLanguage":"en-US","@id":"https:\/\/www.fauveparis.com\/en\/#\/schema\/logo\/image\/","url":"https:\/\/www.fauveparis.com\/wp-content\/uploads\/2023\/05\/fauveparis_logo_800.png","contentUrl":"https:\/\/www.fauveparis.com\/wp-content\/uploads\/2023\/05\/fauveparis_logo_800.png","width":800,"height":228,"caption":"FauveParis"},"image":{"@id":"https:\/\/www.fauveparis.com\/en\/#\/schema\/logo\/image\/"},"sameAs":["https:\/\/www.facebook.com\/fauveparis\/","https:\/\/x.com\/FauveParis","https:\/\/www.instagram.com\/fauveparis\/"]}]}},"_links":{"self":[{"href":"https:\/\/www.fauveparis.com\/en\/wp-json\/wp\/v2\/pages\/24920","targetHints":{"allow":["GET"]}}],"collection":[{"href":"https:\/\/www.fauveparis.com\/en\/wp-json\/wp\/v2\/pages"}],"about":[{"href":"https:\/\/www.fauveparis.com\/en\/wp-json\/wp\/v2\/types\/page"}],"author":[{"embeddable":true,"href":"https:\/\/www.fauveparis.com\/en\/wp-json\/wp\/v2\/users\/15"}],"replies":[{"embeddable":true,"href":"https:\/\/www.fauveparis.com\/en\/wp-json\/wp\/v2\/comments?post=24920"}],"version-history":[{"count":11,"href":"https:\/\/www.fauveparis.com\/en\/wp-json\/wp\/v2\/pages\/24920\/revisions"}],"predecessor-version":[{"id":25056,"href":"https:\/\/www.fauveparis.com\/en\/wp-json\/wp\/v2\/pages\/24920\/revisions\/25056"}],"up":[{"embeddable":true,"href":"https:\/\/www.fauveparis.com\/en\/wp-json\/wp\/v2\/pages\/6365"}],"wp:attachment":[{"href":"https:\/\/www.fauveparis.com\/en\/wp-json\/wp\/v2\/media?parent=24920"}],"curies":[{"name":"wp","href":"https:\/\/api.w.org\/{rel}","templated":true}]}}