{"id":24901,"date":"2026-04-09T11:26:52","date_gmt":"2026-04-09T09:26:52","guid":{"rendered":"https:\/\/www.fauveparis.com\/?page_id=24901"},"modified":"2026-04-15T15:36:16","modified_gmt":"2026-04-15T13:36:16","slug":"estimation-design-arts-decoratifs","status":"publish","type":"page","link":"https:\/\/www.fauveparis.com\/en\/nos-specialites\/estimation-design-arts-decoratifs\/","title":{"rendered":"Estimation design &amp; arts d\u00e9coratifs"},"content":{"rendered":"\n<div class=\"container-default\">\n<div class=\"hero-section-desktop\">\n  <div class=\" hero-intro\">\n    <h1 class=\"hero-text\">Estimation design &#038; arts d\u00e9coratifs<\/h1>\n    <div class=\"hero-intro-main-text\">B\u00e9n\u00e9ficiez de l\u2019expertise de nos sp\u00e9cialistes<\/div>\n    <div class=\"hero-intro-br\"><\/div>\n    <div class=\"hero-intro-desc\">L\u2019estimation des objets de design et des arts d\u00e9coratifs repose sur l\u2019analyse crois\u00e9e de plusieurs crit\u00e8res : attribution, \u00e9poque, usage, \u00e9tat de conservation et circulation sur le march\u00e9. \u00c0 Paris, FauveParis accompagne les propri\u00e9taires dans l\u2019\u00e9valuation de leurs pi\u00e8ces, en s\u2019appuyant sur les donn\u00e9es r\u00e9elles des ventes aux ench\u00e8res et sur l\u2019expertise de sp\u00e9cialistes du mobilier et des arts d\u00e9coratifs.\n<br\/>\n      <\/div>\n    <a href=\"https:\/\/www.fauveparis.com\/estimation-en-ligne\/ \" class=\"call-to-action\">Recevez une estimation de vos objets sous 24 <i class=\"fas fa-chevron-right\"><\/i> <\/a> <\/div>\n  <div class=\"hero-desktop\"> <img decoding=\"async\" style=\"width:100%\" src=\"https:\/\/www.fauveparis.com\/wp-content\/uploads\/2020\/05\/fauveparis_lalanne_2.jpg\"> <\/div>\n<\/div>\n\n<\/div>\n\n\n\n<div class=\"hero-logos-drouot-interencheres-container\">\n  <div class=\"hero-logos-drouot-container-item\">\n    <img decoding=\"async\" src=\"https:\/\/www.fauveparis.com\/wp-content\/uploads\/2025\/12\/logo_drouot_rouge_interencheres.png\" alt=\"Logo Drouot\">\n  <\/div>\n  <div class=\"hero-logos-interencheres-container-item\">\n    <img decoding=\"async\" src=\"https:\/\/www.fauveparis.com\/wp-content\/uploads\/2025\/12\/interenchere.png\" alt=\"Logo Interencheres\">\n  <\/div>\n<\/div>\n\n\n\n<div class=\"reassurance\">\n  <div class=\"reassurance-item\">\n    <div class=\"reassurance-icon\">\n      <img decoding=\"async\" src=\"https:\/\/www.fauveparis.com\/wp-content\/uploads\/2024\/06\/Groupe-109@2x.png\">\n    <\/div>\n    <div class=\"reassurance-item-br\"><\/div>\n    <div class=\"reassurance-text\">\n      1 \u00e0 2 ventes par semaine &#8211; A Paris, Drouot + Interench\u00e8res    <\/div>\n  <\/div>\n  <div class=\"reassurance-item reassurance-light\">\n    <div class=\"reassurance-icon\">\n      <img decoding=\"async\" class=\"larger-icon\" src=\"https:\/\/www.fauveparis.com\/wp-content\/uploads\/2024\/06\/Groupe-50@2x.png\">\n    <\/div>\n    <div class=\"reassurance-item-br\"><\/div>\n    <div class=\"reassurance-text\">\n      Paiement rapide apr\u00e8s la vente    <\/div>\n  <\/div>\n  <div class=\"reassurance-item\">\n    <div class=\"reassurance-icon\">\n      <img decoding=\"async\" class=\"smaller-icon\" src=\"https:\/\/www.fauveparis.com\/wp-content\/uploads\/2024\/06\/Groupe-141@2x.png\">\n    <\/div>\n    <div class=\"reassurance-item-br\"><\/div>\n    <div class=\"reassurance-text\">\n      Objets et \u0153uvres d&#8217;art contemporains    <\/div>\n  <\/div>\n<\/div>\n\n\n\n<div class=\"container-default\">\n<section>\n\n  <div class=\"wrap-text\">\n    <div>\n      <h2>Dans quel contexte r\u00e9aliser une estimation en design et arts d\u00e9coratifs ?<\/h2>\n      <p>Une estimation de mobilier ancien \u00e0 Paris intervient dans des contextes vari\u00e9s et structurants :\n\n<\/p>\n      <ul>\n        <li>Succession et partage patrimonial<\/li>\n        <li>Assurance ou d\u00e9claration de valeur<\/li>\n        <li>Volont\u00e9 de vente aux ench\u00e8res<\/li>      \n        <li>Arbitrage ou r\u00e9organisation d\u2019une collection<\/li>\n       <li>Connaissance pr\u00e9cise de la valeur d\u2019un bien<\/li>\n      <\/ul>\n    <\/div>\n    <div>\n      <p>Dans le cadre d\u2019une transmission ou d\u2019une vente, une estimation de meuble ancien, une estimation de mobilier ancien constituent des \u00e9tapes essentielles pour situer correctement un bien dans son environnement de march\u00e9.<\/p>\n\n      <a href=\"https:\/\/www.fauveparis.com\/estimation-en-ligne\/\" class=\"call-to-action\"> Recevez une estimation sous 24 h et vendez en 10 jours<i class=\"fas fa-chevron-right\"><\/i> <\/a> <\/div>\n  <\/div>\n<\/div>\n<\/section>\n\n\n\n<div class=\"container-default\">\n<section>\n\n  <div class=\"wrap-text\">\n    <div>\n      <h2>Quels types d\u2019objets sont concern\u00e9s ?<\/h2>\n      <p>Les arts d\u00e9coratifs recouvrent un champ large, allant du mobilier ancien aux cr\u00e9ations de design du XXe si\u00e8cle et contemporain. Sont notamment concern\u00e9s :\n<\/p>\n<\/div>\n<div>\n      <ul>\n        <li>Meubles anciens et mobilier d\u2019\u00e9poque<\/li>\n        <li>Pi\u00e8ces de design sign\u00e9 ou attribu\u00e9<\/li>\n        <li>Objets d\u00e9coratifs et \u00e9l\u00e9ments d\u2019architecture int\u00e9rieure<\/li>\n        <li>Luminaires, miroirs, si\u00e8ges, bureaux, consoles<\/li>\n        <li>Ensembles homog\u00e8nes ou pi\u00e8ces isol\u00e9es<\/li>\n      <\/ul>\n    <\/div>\n    <div>\n      <p>Chaque objet est analys\u00e9 selon sa coh\u00e9rence stylistique, son \u00e9tat et sa raret\u00e9, afin de d\u00e9terminer sa position sur le march\u00e9 des ench\u00e8res.\n<\/p> \n<p><strong>Exemple de mobilier design et d\u2019art d\u00e9coratif vendu aux ench\u00e8res<\/strong><\/p>\n<p>&gt; 00845_55 : <a href=\"https:\/\/www.fauveparis.com\/lot\/378\/56053\/\">Pierre Chareau (1883-1950), 3 berg\u00e8res et 1 canap\u00e9, variante du mod\u00e8le MF 15, circa 1920-1922<\/a><\/p>\n<\/div>\n  <\/div>\n\n<\/section>\n<\/div>\n\n\n\n<div class=\"kpi-container\">\n  <h2 class=\"kpi-title\">\n    Quelques  <span class=\"kpi-title-bold\">chiffres<\/span>\n  <\/h2>\n  <div class=\"kpi-desc\">\n    Une maison de ventes aux ench\u00e8res dynamique et performante  <\/div>\n  <div class=\"kpi-grid\">\n                  <div class=\"kpi-item\">\n          <div class=\"kpi-icon\">\n            <img decoding=\"async\" src=\"https:\/\/www.fauveparis.com\/wp-content\/uploads\/2024\/06\/Groupe-13@2x.png\">\n          <\/div>\n          <div class=\"kpi-value\">\n            67 000          <\/div>\n          <div class=\"kpi-text\">\n            Lots pass\u00e9s en ventes          <\/div>\n        <\/div>\n        <div class=\"kpi-br\"><\/div>\n              <div class=\"kpi-item\">\n          <div class=\"kpi-icon\">\n            <img decoding=\"async\" src=\"https:\/\/www.fauveparis.com\/wp-content\/uploads\/2024\/06\/Groupe-15@2x.png\">\n          <\/div>\n          <div class=\"kpi-value\">\n            600          <\/div>\n          <div class=\"kpi-text\">\n            Inventaires          <\/div>\n        <\/div>\n        <div class=\"kpi-br\"><\/div>\n              <div class=\"kpi-item\">\n          <div class=\"kpi-icon\">\n            <img decoding=\"async\" src=\"https:\/\/www.fauveparis.com\/wp-content\/uploads\/2024\/06\/Groupe-17@2x.png\">\n          <\/div>\n          <div class=\"kpi-value\">\n            120 000          <\/div>\n          <div class=\"kpi-text\">\n            Estimations          <\/div>\n        <\/div>\n        <div class=\"kpi-br\"><\/div>\n            <\/div>\n<\/div>\n\n\n\n<div class=\"container-default\">\n<section>\n    <div class=\"wrap-text\">\n    <div>\n  <h2>Comment est r\u00e9alis\u00e9e l\u2019expertise ?<\/h2>\n<p>L\u2019estimation de meuble ancien \u00e0 Paris ne se limite pas \u00e0 une estimation indicative. Elle repose sur une lecture compl\u00e8te de la pi\u00e8ce :<\/p>\n<ul>\n        <li>Identification de l\u2019auteur ou de l\u2019atelier<\/li>\n        <li>Analyse des mat\u00e9riaux et des techniques<\/li>\n        <li>\u00c9tude des r\u00e9f\u00e9rences historiques et stylistiques<\/li>\n        <li>Comparaison avec des adjudications r\u00e9centes<\/li>\n        <li>Observation de la demande des collectionneurs<\/li>\n      <\/ul>\n<p>Cette approche permet de replacer chaque objet dans un contexte de march\u00e9 actualis\u00e9, coh\u00e9rent avec les tendances des ventes aux ench\u00e8res.<\/p>\n  <\/div>\n    <div>\n      <h2>Sollicitez nos experts pour l\u2019estimation de vos objets de design et arts d\u00e9coratifs<\/h2>\n      <p>FauveParis, maison de ventes aux ench\u00e8res install\u00e9e depuis 2014 dans le haut Marais \u00e0 Paris, met \u00e0 disposition son \u00e9quipe de sp\u00e9cialistes pour l\u2019expertise de vos biens. Sur place ou \u00e0 domicile, les commissaires-priseurs r\u00e9alisent estimations, inventaires et accompagnement \u00e0 la vente.\n<\/p>\n<p>Les objets estim\u00e9s peuvent ensuite \u00eatre propos\u00e9s lors de la vente publique du samedi matin \u00e0 10h30, pr\u00e9c\u00e9d\u00e9e d\u2019une exposition ouverte au public tout au long de la semaine.<\/p>\n<p>La d\u00e9marche est confidentielle, simple et fond\u00e9e sur une analyse rigoureuse du march\u00e9 de l\u2019art.<\/p>\n\n  <\/div>\n  <\/div>\n<\/section>\n<\/div>\n\n\n\n<div class=\"estimation\">\n  <h2 class=\"estimation-title\">\n    Estimation gratuite de votre objet d\u00e9coratif<div class=\"estimation-title-lower\">\n      en ligne ou dans nos bureaux    <\/div>\n  <\/h2>\n  <div class=\"estimation-desc\">\n    Recevez sous 24h une estimation d&#8217;un commissaire-priseur et vendez sous 10 jours  <\/div>\n  <a href=\"https:\/\/www.fauveparis.com\/estimation-en-ligne\/\">\n\n    <div class=\"estimation-cta\">\n      Je demande une estimation gratuite <i class=\"fas fa-chevron-right\"><\/i>\n    <\/div>\n\n  <\/a>\n  <div class=\"estimation-addresses\">\n\n    <div class=\"estimation-address\">\n      <img decoding=\"async\" src=\"https:\/\/www.fauveparis.com\/wp-content\/uploads\/2024\/06\/Groupe-31@2x.png\">\n      18 Place des Vosges, Paris 4e    <\/div>\n    <div class=\"estimation-address-sep\">&nbsp;<\/div>\n    <div class=\"estimation-address\">\n      <img decoding=\"async\" src=\"https:\/\/www.fauveparis.com\/wp-content\/uploads\/2024\/06\/Groupe-31@2x.png\">\n      49 rue Saint-Sabin, Paris 11e    <\/div>\n\n  <\/div>\n<\/div>\n\n\n\n<div class=\"container-default\">\n<section>\n    <div class=\"wrap-text\">\n    <div>\n <h2>Autres expertises \u00e0 d\u00e9couvrir : <\/h2>\n     <ul>\n  <li><a href=\"https:\/\/www.fauveparis.com\/nos-specialites\/estimation-tableau-ancien\/\">Estimation de tableau ancien<\/a><\/li>\n  <li><a href=\"https:\/\/www.fauveparis.com\/nos-specialites\/estimation-de-tableau-contemporain\/\">Estimation de tableau contemporain<\/a><\/li>   \n  <li><a href=\"https:\/\/www.fauveparis.com\/nos-specialites\/estimation-sculpture\/\">Estimation de sculpture<\/a><\/li>\n  <li><a href=\"https:\/\/www.fauveparis.com\/nos-specialites\/estimation-porcelaines-ceramiques-et-vases\/\">Estimation de porcelaines, c\u00e9ramiques et vases<\/a><\/li>\n  <li><a href=\"https:\/\/www.fauveparis.com\/nos-specialites\/estimation-de-bijoux\/\">Estimation de bijoux<\/a><\/li>      \n  <li><a href=\"https:\/\/www.fauveparis.com\/nos-specialites\/estimation-de-montre\/\">Estimation de montres<\/a><\/li>\n   <li><a href=\"https:\/\/www.fauveparis.com\/nos-specialites\/vins-et-spiritueux\/\">Estimation de vins et spiritueux<\/a><\/li>\n  <li><a href=\"https:\/\/www.fauveparis.com\/nos-specialites\/art-asiatique\/\">Estimation d\u2019art asiatique<\/a><\/li>\n  <li><a href=\"https:\/\/www.fauveparis.com\/nos-specialites\/art-premier-africain\/\">Estimation d\u2019art premier et africain<\/a><\/li>\n  <li><a href=\"https:\/\/www.fauveparis.com\/nos-specialites\/livres-anciens-et-manuscrits\/\">Estimation de livres anciens et manuscrits<\/a><\/li>\n<\/ul>\n <p>Retrouvez ici toutes <a href=\"https:\/\/www.fauveparis.com\/nos-specialites\/\">nos expertises<\/a>.<\/p>\n  <\/div>\n  <\/div>\n<\/section>\n<\/div>\n","protected":false},"excerpt":{"rendered":"<p>Estimation design &#038; arts d\u00e9coratifs B\u00e9n\u00e9ficiez de l\u2019expertise de nos sp\u00e9cialistes L\u2019estimation des objets de design et des arts d\u00e9coratifs repose sur [&hellip;]<\/p>\n","protected":false},"author":15,"featured_media":0,"parent":6365,"menu_order":0,"comment_status":"closed","ping_status":"closed","template":"templates\/page-statique.php","meta":{"_acf_changed":false,"footnotes":""},"class_list":["post-24901","page","type-page","status-publish","hentry"],"acf":[],"yoast_head":"<!-- This site is optimized with the Yoast SEO plugin v27.3 - https:\/\/yoast.com\/product\/yoast-seo-wordpress\/ -->\n<title>Estimation design et arts d\u00e9coratifs \u00e0 Paris - FauveParis<\/title>\n<meta name=\"description\" content=\"Besoin d\u2019une estimation de vos pi\u00e8ces de design et d\u2019arts d\u00e9coratifs ? Nous proposons une expertise fond\u00e9e sur le march\u00e9 des ench\u00e8res.\" \/>\n<meta name=\"robots\" content=\"index, follow, max-snippet:-1, max-image-preview:large, max-video-preview:-1\" \/>\n<link rel=\"canonical\" href=\"https:\/\/www.fauveparis.com\/en\/wp-json\/wp\/v2\/pages\/24901\" \/>\n<meta property=\"og:locale\" content=\"en_US\" \/>\n<meta property=\"og:type\" content=\"article\" \/>\n<meta property=\"og:title\" content=\"Estimation design et arts d\u00e9coratifs \u00e0 Paris - FauveParis\" \/>\n<meta property=\"og:description\" content=\"Besoin d\u2019une estimation de vos pi\u00e8ces de design et d\u2019arts d\u00e9coratifs ? Nous proposons une expertise fond\u00e9e sur le march\u00e9 des ench\u00e8res.\" \/>\n<meta property=\"og:url\" content=\"https:\/\/www.fauveparis.com\/nos-specialites\/estimation-design-arts-decoratifs\/\" \/>\n<meta property=\"og:site_name\" content=\"FauveParis\" \/>\n<meta property=\"article:publisher\" content=\"https:\/\/www.facebook.com\/fauveparis\/\" \/>\n<meta property=\"article:modified_time\" content=\"2026-04-15T13:36:16+00:00\" \/>\n<meta property=\"og:image\" content=\"https:\/\/www.fauveparis.com\/wp-content\/uploads\/2020\/05\/fauveparis_lalanne_2.jpg\" \/>\n<meta name=\"twitter:card\" content=\"summary_large_image\" \/>\n<meta name=\"twitter:site\" content=\"@FauveParis\" \/>\n<meta name=\"twitter:label1\" content=\"Est. reading time\" \/>\n\t<meta name=\"twitter:data1\" content=\"6 minutes\" \/>\n<script type=\"application\/ld+json\" class=\"yoast-schema-graph\">{\"@context\":\"https:\\\/\\\/schema.org\",\"@graph\":[{\"@type\":\"WebPage\",\"@id\":\"https:\\\/\\\/www.fauveparis.com\\\/nos-specialites\\\/estimation-design-arts-decoratifs\\\/\",\"url\":\"https:\\\/\\\/www.fauveparis.com\\\/nos-specialites\\\/estimation-design-arts-decoratifs\\\/\",\"name\":\"Estimation design et arts d\u00e9coratifs \u00e0 Paris - FauveParis\",\"isPartOf\":{\"@id\":\"https:\\\/\\\/www.fauveparis.com\\\/en\\\/#website\"},\"primaryImageOfPage\":{\"@id\":\"https:\\\/\\\/www.fauveparis.com\\\/nos-specialites\\\/estimation-design-arts-decoratifs\\\/#primaryimage\"},\"image\":{\"@id\":\"https:\\\/\\\/www.fauveparis.com\\\/nos-specialites\\\/estimation-design-arts-decoratifs\\\/#primaryimage\"},\"thumbnailUrl\":\"https:\\\/\\\/www.fauveparis.com\\\/wp-content\\\/uploads\\\/2020\\\/05\\\/fauveparis_lalanne_2.jpg\",\"datePublished\":\"2026-04-09T09:26:52+00:00\",\"dateModified\":\"2026-04-15T13:36:16+00:00\",\"description\":\"Besoin d\u2019une estimation de vos pi\u00e8ces de design et d\u2019arts d\u00e9coratifs ? Nous proposons une expertise fond\u00e9e sur le march\u00e9 des ench\u00e8res.\",\"breadcrumb\":{\"@id\":\"https:\\\/\\\/www.fauveparis.com\\\/nos-specialites\\\/estimation-design-arts-decoratifs\\\/#breadcrumb\"},\"inLanguage\":\"en-US\",\"potentialAction\":[{\"@type\":\"ReadAction\",\"target\":[\"https:\\\/\\\/www.fauveparis.com\\\/nos-specialites\\\/estimation-design-arts-decoratifs\\\/\"]}]},{\"@type\":\"ImageObject\",\"inLanguage\":\"en-US\",\"@id\":\"https:\\\/\\\/www.fauveparis.com\\\/nos-specialites\\\/estimation-design-arts-decoratifs\\\/#primaryimage\",\"url\":\"https:\\\/\\\/www.fauveparis.com\\\/wp-content\\\/uploads\\\/2020\\\/05\\\/fauveparis_lalanne_2.jpg\",\"contentUrl\":\"https:\\\/\\\/www.fauveparis.com\\\/wp-content\\\/uploads\\\/2020\\\/05\\\/fauveparis_lalanne_2.jpg\"},{\"@type\":\"BreadcrumbList\",\"@id\":\"https:\\\/\\\/www.fauveparis.com\\\/nos-specialites\\\/estimation-design-arts-decoratifs\\\/#breadcrumb\",\"itemListElement\":[{\"@type\":\"ListItem\",\"position\":1,\"name\":\"Home\",\"item\":\"https:\\\/\\\/www.fauveparis.com\\\/en\\\/\"},{\"@type\":\"ListItem\",\"position\":2,\"name\":\"Toutes nos expertises : objets pr\u00e9cieux et \u0153uvres d\u2019art\",\"item\":\"https:\\\/\\\/www.fauveparis.com\\\/nos-specialites\\\/\"},{\"@type\":\"ListItem\",\"position\":3,\"name\":\"Estimation design &amp; arts d\u00e9coratifs\"}]},{\"@type\":\"WebSite\",\"@id\":\"https:\\\/\\\/www.fauveparis.com\\\/en\\\/#website\",\"url\":\"https:\\\/\\\/www.fauveparis.com\\\/en\\\/\",\"name\":\"FauveParis\",\"description\":\"Ventes aux ench\u00e8res \u00b7 Auctions now\",\"publisher\":{\"@id\":\"https:\\\/\\\/www.fauveparis.com\\\/en\\\/#organization\"},\"potentialAction\":[{\"@type\":\"SearchAction\",\"target\":{\"@type\":\"EntryPoint\",\"urlTemplate\":\"https:\\\/\\\/www.fauveparis.com\\\/en\\\/?s={search_term_string}\"},\"query-input\":{\"@type\":\"PropertyValueSpecification\",\"valueRequired\":true,\"valueName\":\"search_term_string\"}}],\"inLanguage\":\"en-US\"},{\"@type\":\"Organization\",\"@id\":\"https:\\\/\\\/www.fauveparis.com\\\/en\\\/#organization\",\"name\":\"FauveParis\",\"url\":\"https:\\\/\\\/www.fauveparis.com\\\/en\\\/\",\"logo\":{\"@type\":\"ImageObject\",\"inLanguage\":\"en-US\",\"@id\":\"https:\\\/\\\/www.fauveparis.com\\\/en\\\/#\\\/schema\\\/logo\\\/image\\\/\",\"url\":\"https:\\\/\\\/www.fauveparis.com\\\/wp-content\\\/uploads\\\/2023\\\/05\\\/fauveparis_logo_800.png\",\"contentUrl\":\"https:\\\/\\\/www.fauveparis.com\\\/wp-content\\\/uploads\\\/2023\\\/05\\\/fauveparis_logo_800.png\",\"width\":800,\"height\":228,\"caption\":\"FauveParis\"},\"image\":{\"@id\":\"https:\\\/\\\/www.fauveparis.com\\\/en\\\/#\\\/schema\\\/logo\\\/image\\\/\"},\"sameAs\":[\"https:\\\/\\\/www.facebook.com\\\/fauveparis\\\/\",\"https:\\\/\\\/x.com\\\/FauveParis\",\"https:\\\/\\\/www.instagram.com\\\/fauveparis\\\/\"]}]}<\/script>\n<!-- \/ Yoast SEO plugin. -->","yoast_head_json":{"title":"Estimation design et arts d\u00e9coratifs \u00e0 Paris - FauveParis","description":"Besoin d\u2019une estimation de vos pi\u00e8ces de design et d\u2019arts d\u00e9coratifs ? Nous proposons une expertise fond\u00e9e sur le march\u00e9 des ench\u00e8res.","robots":{"index":"index","follow":"follow","max-snippet":"max-snippet:-1","max-image-preview":"max-image-preview:large","max-video-preview":"max-video-preview:-1"},"canonical":"https:\/\/www.fauveparis.com\/en\/wp-json\/wp\/v2\/pages\/24901","og_locale":"en_US","og_type":"article","og_title":"Estimation design et arts d\u00e9coratifs \u00e0 Paris - FauveParis","og_description":"Besoin d\u2019une estimation de vos pi\u00e8ces de design et d\u2019arts d\u00e9coratifs ? Nous proposons une expertise fond\u00e9e sur le march\u00e9 des ench\u00e8res.","og_url":"https:\/\/www.fauveparis.com\/nos-specialites\/estimation-design-arts-decoratifs\/","og_site_name":"FauveParis","article_publisher":"https:\/\/www.facebook.com\/fauveparis\/","article_modified_time":"2026-04-15T13:36:16+00:00","og_image":[{"url":"https:\/\/www.fauveparis.com\/wp-content\/uploads\/2020\/05\/fauveparis_lalanne_2.jpg","type":"","width":"","height":""}],"twitter_card":"summary_large_image","twitter_site":"@FauveParis","twitter_misc":{"Est. reading time":"6 minutes"},"schema":{"@context":"https:\/\/schema.org","@graph":[{"@type":"WebPage","@id":"https:\/\/www.fauveparis.com\/nos-specialites\/estimation-design-arts-decoratifs\/","url":"https:\/\/www.fauveparis.com\/nos-specialites\/estimation-design-arts-decoratifs\/","name":"Estimation design et arts d\u00e9coratifs \u00e0 Paris - FauveParis","isPartOf":{"@id":"https:\/\/www.fauveparis.com\/en\/#website"},"primaryImageOfPage":{"@id":"https:\/\/www.fauveparis.com\/nos-specialites\/estimation-design-arts-decoratifs\/#primaryimage"},"image":{"@id":"https:\/\/www.fauveparis.com\/nos-specialites\/estimation-design-arts-decoratifs\/#primaryimage"},"thumbnailUrl":"https:\/\/www.fauveparis.com\/wp-content\/uploads\/2020\/05\/fauveparis_lalanne_2.jpg","datePublished":"2026-04-09T09:26:52+00:00","dateModified":"2026-04-15T13:36:16+00:00","description":"Besoin d\u2019une estimation de vos pi\u00e8ces de design et d\u2019arts d\u00e9coratifs ? Nous proposons une expertise fond\u00e9e sur le march\u00e9 des ench\u00e8res.","breadcrumb":{"@id":"https:\/\/www.fauveparis.com\/nos-specialites\/estimation-design-arts-decoratifs\/#breadcrumb"},"inLanguage":"en-US","potentialAction":[{"@type":"ReadAction","target":["https:\/\/www.fauveparis.com\/nos-specialites\/estimation-design-arts-decoratifs\/"]}]},{"@type":"ImageObject","inLanguage":"en-US","@id":"https:\/\/www.fauveparis.com\/nos-specialites\/estimation-design-arts-decoratifs\/#primaryimage","url":"https:\/\/www.fauveparis.com\/wp-content\/uploads\/2020\/05\/fauveparis_lalanne_2.jpg","contentUrl":"https:\/\/www.fauveparis.com\/wp-content\/uploads\/2020\/05\/fauveparis_lalanne_2.jpg"},{"@type":"BreadcrumbList","@id":"https:\/\/www.fauveparis.com\/nos-specialites\/estimation-design-arts-decoratifs\/#breadcrumb","itemListElement":[{"@type":"ListItem","position":1,"name":"Home","item":"https:\/\/www.fauveparis.com\/en\/"},{"@type":"ListItem","position":2,"name":"Toutes nos expertises : objets pr\u00e9cieux et \u0153uvres d\u2019art","item":"https:\/\/www.fauveparis.com\/nos-specialites\/"},{"@type":"ListItem","position":3,"name":"Estimation design &amp; arts d\u00e9coratifs"}]},{"@type":"WebSite","@id":"https:\/\/www.fauveparis.com\/en\/#website","url":"https:\/\/www.fauveparis.com\/en\/","name":"FauveParis","description":"Ventes aux ench\u00e8res \u00b7 Auctions now","publisher":{"@id":"https:\/\/www.fauveparis.com\/en\/#organization"},"potentialAction":[{"@type":"SearchAction","target":{"@type":"EntryPoint","urlTemplate":"https:\/\/www.fauveparis.com\/en\/?s={search_term_string}"},"query-input":{"@type":"PropertyValueSpecification","valueRequired":true,"valueName":"search_term_string"}}],"inLanguage":"en-US"},{"@type":"Organization","@id":"https:\/\/www.fauveparis.com\/en\/#organization","name":"FauveParis","url":"https:\/\/www.fauveparis.com\/en\/","logo":{"@type":"ImageObject","inLanguage":"en-US","@id":"https:\/\/www.fauveparis.com\/en\/#\/schema\/logo\/image\/","url":"https:\/\/www.fauveparis.com\/wp-content\/uploads\/2023\/05\/fauveparis_logo_800.png","contentUrl":"https:\/\/www.fauveparis.com\/wp-content\/uploads\/2023\/05\/fauveparis_logo_800.png","width":800,"height":228,"caption":"FauveParis"},"image":{"@id":"https:\/\/www.fauveparis.com\/en\/#\/schema\/logo\/image\/"},"sameAs":["https:\/\/www.facebook.com\/fauveparis\/","https:\/\/x.com\/FauveParis","https:\/\/www.instagram.com\/fauveparis\/"]}]}},"_links":{"self":[{"href":"https:\/\/www.fauveparis.com\/en\/wp-json\/wp\/v2\/pages\/24901","targetHints":{"allow":["GET"]}}],"collection":[{"href":"https:\/\/www.fauveparis.com\/en\/wp-json\/wp\/v2\/pages"}],"about":[{"href":"https:\/\/www.fauveparis.com\/en\/wp-json\/wp\/v2\/types\/page"}],"author":[{"embeddable":true,"href":"https:\/\/www.fauveparis.com\/en\/wp-json\/wp\/v2\/users\/15"}],"replies":[{"embeddable":true,"href":"https:\/\/www.fauveparis.com\/en\/wp-json\/wp\/v2\/comments?post=24901"}],"version-history":[{"count":9,"href":"https:\/\/www.fauveparis.com\/en\/wp-json\/wp\/v2\/pages\/24901\/revisions"}],"predecessor-version":[{"id":25084,"href":"https:\/\/www.fauveparis.com\/en\/wp-json\/wp\/v2\/pages\/24901\/revisions\/25084"}],"up":[{"embeddable":true,"href":"https:\/\/www.fauveparis.com\/en\/wp-json\/wp\/v2\/pages\/6365"}],"wp:attachment":[{"href":"https:\/\/www.fauveparis.com\/en\/wp-json\/wp\/v2\/media?parent=24901"}],"curies":[{"name":"wp","href":"https:\/\/api.w.org\/{rel}","templated":true}]}}