{"id":24852,"date":"2026-04-09T10:25:36","date_gmt":"2026-04-09T08:25:36","guid":{"rendered":"https:\/\/www.fauveparis.com\/?page_id=24852"},"modified":"2026-04-15T13:26:36","modified_gmt":"2026-04-15T11:26:36","slug":"estimation-de-bijoux","status":"publish","type":"page","link":"https:\/\/www.fauveparis.com\/en\/nos-specialites\/estimation-de-bijoux\/","title":{"rendered":"Estimation de bijoux"},"content":{"rendered":"\n<div class=\"container-default\">\n<div class=\"hero-section-desktop\">\n  <div class=\" hero-intro\">\n    <h1 class=\"hero-text\"> Estimation de bijoux\u00a0 <\/h1>\n    <div class=\"hero-intro-main-text\"> Confiez l\u2019\u00e9valuation de vos bijoux \u00e0 des sp\u00e9cialistes du march\u00e9\n <\/div>\n    <div class=\"hero-intro-br\"><\/div>\n    <div class=\"hero-intro-desc\"> L\u2019estimation d\u2019un bijou repose sur une analyse fine des mat\u00e9riaux, des pierres, de la signature et de l\u2019\u00e9poque. \u00c0 Paris, FauveParis accompagne les particuliers dans l\u2019\u00e9valuation de leurs pi\u00e8ces, anciennes ou contemporaines, en s\u2019appuyant sur les r\u00e9f\u00e9rences du march\u00e9 des ench\u00e8res pour d\u00e9terminer une valeur coh\u00e9rente et actuelle.\n <br\/>\n      <\/div>\n    <a href=\"https:\/\/www.fauveparis.com\/estimation-en-ligne\/ \" class=\"call-to-action\"> Envoyez-nous les photos de vos bijoux pour une expertise gratuite <i class=\"fas fa-chevron-right\"><\/i> <\/a> <\/div>\n  <div class=\"hero-desktop\"> <img decoding=\"async\" style=\"width:100%\" src=\"https:\/\/www.fauveparis.com\/wp-content\/uploads\/2020\/05\/fauveparis_lalanne_2.jpg\"> <\/div>\n<\/div>\n\n<\/div>\n\n\n\n<div class=\"hero-logos-drouot-interencheres-container\">\n  <div class=\"hero-logos-drouot-container-item\">\n    <img decoding=\"async\" src=\"https:\/\/www.fauveparis.com\/wp-content\/uploads\/2025\/12\/logo_drouot_rouge_interencheres.png\" alt=\"Logo Drouot\">\n  <\/div>\n  <div class=\"hero-logos-interencheres-container-item\">\n    <img decoding=\"async\" src=\"https:\/\/www.fauveparis.com\/wp-content\/uploads\/2025\/12\/interenchere.png\" alt=\"Logo Interencheres\">\n  <\/div>\n<\/div>\n\n\n\n<div class=\"reassurance\">\n  <div class=\"reassurance-item\">\n    <div class=\"reassurance-icon\">\n      <img decoding=\"async\" src=\"https:\/\/www.fauveparis.com\/wp-content\/uploads\/2024\/06\/Groupe-109@2x.png\">\n    <\/div>\n    <div class=\"reassurance-item-br\"><\/div>\n    <div class=\"reassurance-text\">\n      1 \u00e0 2 ventes par semaine &#8211; A Paris, Drouot + Interench\u00e8res    <\/div>\n  <\/div>\n  <div class=\"reassurance-item reassurance-light\">\n    <div class=\"reassurance-icon\">\n      <img decoding=\"async\" class=\"larger-icon\" src=\"https:\/\/www.fauveparis.com\/wp-content\/uploads\/2024\/06\/Groupe-50@2x.png\">\n    <\/div>\n    <div class=\"reassurance-item-br\"><\/div>\n    <div class=\"reassurance-text\">\n      Paiement rapide apr\u00e8s la vente    <\/div>\n  <\/div>\n  <div class=\"reassurance-item\">\n    <div class=\"reassurance-icon\">\n      <img decoding=\"async\" class=\"smaller-icon\" src=\"https:\/\/www.fauveparis.com\/wp-content\/uploads\/2024\/06\/Groupe-141@2x.png\">\n    <\/div>\n    <div class=\"reassurance-item-br\"><\/div>\n    <div class=\"reassurance-text\">\n      Objets et \u0153uvres d&#8217;art contemporains    <\/div>\n  <\/div>\n<\/div>\n\n\n\n<div class=\"container-default\">\n<section>\n\n  <div class=\"wrap-text\">\n    <div>\n      <h2>Pourquoi faire estimer un bijou ?<\/h2>\n      <p>Une estimation de bijou ancien ou contemporain r\u00e9pond \u00e0 des besoins pr\u00e9cis, en premier lieu pour l\u2019assurance. Un rapport d\u00e9taill\u00e9, avec photos, conditionne une indemnisation \u00e0 sa juste valeur en cas de sinistre.\nElle permet aussi de :\n<\/p>\n      <ul>\n        <li>Fixer un prix de vente coh\u00e9rent<\/li>\n        <li>D\u2019organiser un partage (succession, divorce, donation)<\/li>\n        <li> Ou de faire face \u00e0 des situations comme un d\u00e9c\u00e8s, un d\u00e9m\u00e9nagement ou des dettes.<\/li>\n      <\/ul>\n    <\/div>\n    <div>\n      <p>Chaque bijou poss\u00e8de une histoire et une valeur propre. L\u2019estimation permet d\u2019en obtenir une lecture claire, \u00e0 un instant donn\u00e9, en tenant compte des r\u00e9alit\u00e9s du march\u00e9.<\/p>\n      <a href=\"https:\/\/www.fauveparis.com\/estimation-en-ligne\/\" class=\"call-to-action\"> Recevez une estimation sous 24 h et vendez en 10 jours<i class=\"fas fa-chevron-right\"><\/i> <\/a> <\/div>\n  <\/div>\n<\/div>\n<\/section>\n\n\n\n<div class=\"container-default\">\n<section>\n\n  <div class=\"wrap-text\">\n    <div>\n      <h2>Quels crit\u00e8res d\u00e9terminent la valeur d\u2019un bijou ?\n<\/h2>\n      <p>Une expertise de bijoux \u00e0 Paris s\u2019appuie sur une analyse rigoureuse et structur\u00e9e :\n<\/p>\n<\/div>\n<div>\n      <ul>\n        <li>Identification des mat\u00e9riaux (or, platine, argent)\n<\/li>\n        <li>Analyse stylistique et technique<\/li>\n        <li>Qualit\u00e9 et caract\u00e9ristiques des pierres (diamant, saphir, \u00e9meraude\u2026)<\/li>\n        <li>Signature ou maison de joaillerie<\/li>\n        <li>P\u00e9riode et style (Art d\u00e9co, XIXe si\u00e8cle, contemporain)<\/li>\n        <li>\u00c9tat de conservation<\/li>\n        <li>Provenance \u00e9ventuelle<\/li>\n      <\/ul>\n    <\/div>\n    <div>\n      <p>L\u2019\u00e9tude ne se limite pas \u00e0 l\u2019objet lui-m\u00eame. Elle int\u00e8gre \u00e9galement la demande actuelle des collectionneurs et les r\u00e9sultats r\u00e9cents observ\u00e9s en ventes publiques. Cette approche permet de positionner chaque bijou avec justesse dans le march\u00e9.<\/p> <\/div>\n  <\/div>\n\n<\/section>\n<\/div>\n\n\n\n<div class=\"container-default\">\n<section>\n\n  <div class=\"wrap-text\">\n    <div>\n    <h2>R\u00e9sultats de ventes aux ench\u00e8res de bijoux<\/h2>\n        <p>D\u00e9couvrez une s\u00e9lection de bijoux vendus aux ench\u00e8res, t\u00e9moignant de notre expertise et de notre capacit\u00e9 \u00e0 mettre en valeur chaque pi\u00e8ce.<\/p>\n\n        <div class=\"bloc-resultats\">\n          <p><strong>Couverture<\/strong><\/p>\n          <p>&gt; 14171_9 : <a href=\"https:\/\/www.fauveparis.com\/lot\/422\/60603\/\">M. G\u00e9rard (actif entre 1968 et 1985), Bague en platine (950\u2030) serti d\u2019un saphir d\u2019environ 20,4 carats<\/a><\/p>\n\n          <p><strong>R\u00e9sultats<\/strong><\/p>\n          <ul>\n            <li>09828_18_2 : <a href=\"https:\/\/www.fauveparis.com\/lot\/453\/63756\/\">Cartier, \u00c9l\u00e9gante bague d\u00f4me, 33 150 \u20ac<\/a><\/li>\n            <li>14171_9_1 : <a href=\"https:\/\/www.fauveparis.com\/lot\/422\/60603\/\">M. G\u00e9rard, Magnifique bague saphir, 105 370 \u20ac<\/a><\/li>\n            <li>14528_8_1 : <a href=\"https:\/\/www.fauveparis.com\/lot\/433\/62196\/\">Travail Art D\u00e9co, Beau bracelet, 43 932 \u20ac<\/a><\/li>\n            <li>14833_2_1 : <a href=\"https:\/\/www.fauveparis.com\/lot\/449\/63372\/\">Cartier Paris, Exceptionnelle et rarissime broche transformable en collier, 1909, 61 100 \u20ac<\/a><\/li>\n            <li>14857_22_1 : <a href=\"https:\/\/www.fauveparis.com\/lot\/449\/63459\/\">USA, 5 dollars Indian Head, 1909, En or 900 \u2030, 12 688 \u20ac<\/a><\/li>\n            <li>15809_2_2 : <a href=\"https:\/\/www.fauveparis.com\/lot\/510\/67335\/\">Important bracelet, circa 1930, 28 996 \u20ac<\/a><\/li>\n            <li>15995_9_3 : <a href=\"https:\/\/www.fauveparis.com\/lot\/518\/68025\/\">Diamant taille brillant pesant 5,98 carats, 45 500 \u20ac<\/a><\/li>\n            <li>16209_26_1 : <a href=\"https:\/\/www.fauveparis.com\/lot\/526\/69022\/\">Van Cleef &amp; Arpels, Importante broche, 40 625 \u20ac<\/a><\/li>\n            <li>18088_1_4 : <a href=\"https:\/\/www.fauveparis.com\/lot\/593\/77353\/\">Importante parure en or jaune datant du deuxi\u00e8me quart du XIXe si\u00e8cle, 91 000 \u20ac<\/a><\/li>\n            <li>18088_3_1 : <a href=\"https:\/\/www.fauveparis.com\/lot\/615\/80139\/\">Les Fabuleuses \u00e9meraudes de la Comtesse Lina de Roma (1843-1940), Collier : 65 000 \u20ac<\/a><\/li>\n          <\/ul> <\/div>\n  <\/div>\n\n<\/section>\n<\/div>\n\n\n\n<div class=\"kpi-container\">\n  <h2 class=\"kpi-title\">\n    Quelques  <span class=\"kpi-title-bold\">chiffres<\/span>\n  <\/h2>\n  <div class=\"kpi-desc\">\n    Une maison de ventes aux ench\u00e8res dynamique et performante  <\/div>\n  <div class=\"kpi-grid\">\n                  <div class=\"kpi-item\">\n          <div class=\"kpi-icon\">\n            <img decoding=\"async\" src=\"https:\/\/www.fauveparis.com\/wp-content\/uploads\/2024\/06\/Groupe-13@2x.png\">\n          <\/div>\n          <div class=\"kpi-value\">\n            67 000          <\/div>\n          <div class=\"kpi-text\">\n            Lots pass\u00e9s en ventes          <\/div>\n        <\/div>\n        <div class=\"kpi-br\"><\/div>\n              <div class=\"kpi-item\">\n          <div class=\"kpi-icon\">\n            <img decoding=\"async\" src=\"https:\/\/www.fauveparis.com\/wp-content\/uploads\/2024\/06\/Groupe-15@2x.png\">\n          <\/div>\n          <div class=\"kpi-value\">\n            600          <\/div>\n          <div class=\"kpi-text\">\n            Inventaires          <\/div>\n        <\/div>\n        <div class=\"kpi-br\"><\/div>\n              <div class=\"kpi-item\">\n          <div class=\"kpi-icon\">\n            <img decoding=\"async\" src=\"https:\/\/www.fauveparis.com\/wp-content\/uploads\/2024\/06\/Groupe-17@2x.png\">\n          <\/div>\n          <div class=\"kpi-value\">\n            120 000          <\/div>\n          <div class=\"kpi-text\">\n            Estimations          <\/div>\n        <\/div>\n        <div class=\"kpi-br\"><\/div>\n            <\/div>\n<\/div>\n\n\n\n<div class=\"container-default\">\n<section>\n    <div class=\"wrap-text\">\n    <div>\n  <h2>Comment faire estimer vos bijoux \u00e0 Paris ?<\/h2>\n<p>Une estimation de bijoux peut \u00eatre r\u00e9alis\u00e9e simplement \u00e0 partir de photographies et d\u2019informations pr\u00e9cises sur votre pi\u00e8ce. Une premi\u00e8re \u00e9valuation est alors propos\u00e9e, pouvant \u00eatre compl\u00e9t\u00e9e par une expertise physique si n\u00e9cessaire.\n<\/p>\n<p>FauveParis accompagne chaque propri\u00e9taire avec une approche confidentielle et structur\u00e9e, depuis l\u2019analyse initiale jusqu\u2019\u00e0 l\u2019\u00e9ventuelle mise en vente. L\u2019objectif reste toujours le m\u00eame : d\u00e9terminer une valeur fiable et adapt\u00e9e au march\u00e9 actuel.\n<\/p>\n  <\/div>\n  <div>\n  <h2>Pourquoi confier l\u2019estimation de vos bijoux \u00e0 FauveParis ?<\/h2>\n<p>Implant\u00e9e au c\u0153ur du Marais depuis 2014, FauveParis r\u00e9unit une \u00e9quipe sp\u00e9cialis\u00e9e dans de nombreuses disciplines, dont la joaillerie. Les estimations sont propos\u00e9es gratuitement, en ligne ou sur rendez-vous, avec la possibilit\u00e9 d\u2019organiser une vente aux ench\u00e8res dans des d\u00e9lais courts.\n\n<\/p>\n<p>Une estimation pr\u00e9cise constitue le point de d\u00e9part d\u2019une strat\u00e9gie de valorisation coh\u00e9rente, qu\u2019il s\u2019agisse d\u2019un bijou transmis, acquis ou red\u00e9couvert.\n\n<\/p>\n  <\/div>\n    \n  <\/div>\n  <\/div>\n<\/section>\n<\/div>\n\n\n\n<div class=\"estimation\">\n  <h2 class=\"estimation-title\">\n    Estimation gratuite de bijoux    <div class=\"estimation-title-lower\">\n      en ligne ou dans nos bureaux    <\/div>\n  <\/h2>\n  <div class=\"estimation-desc\">\n    Recevez sous 24h une estimation d&#8217;un commissaire-priseur et vendez sous 10 jours  <\/div>\n  <a href=\"https:\/\/www.fauveparis.com\/estimation-en-ligne\/\">\n\n    <div class=\"estimation-cta\">\n      Je demande une estimation gratuite <i class=\"fas fa-chevron-right\"><\/i>\n    <\/div>\n\n  <\/a>\n  <div class=\"estimation-addresses\">\n\n    <div class=\"estimation-address\">\n      <img decoding=\"async\" src=\"https:\/\/www.fauveparis.com\/wp-content\/uploads\/2024\/06\/Groupe-31@2x.png\">\n      18 Place des Vosges, Paris 4e    <\/div>\n    <div class=\"estimation-address-sep\">&nbsp;<\/div>\n    <div class=\"estimation-address\">\n      <img decoding=\"async\" src=\"https:\/\/www.fauveparis.com\/wp-content\/uploads\/2024\/06\/Groupe-31@2x.png\">\n      49 rue Saint-Sabin, Paris 11e    <\/div>\n\n  <\/div>\n<\/div>\n\n\n\n<div class=\"container-default\">\n<section>\n    <div class=\"wrap-text\">\n    <div>\n <h2>Autres expertises \u00e0 d\u00e9couvrir : <\/h2>\n     <ul>\n  <li><a href=\"https:\/\/www.fauveparis.com\/nos-specialites\/estimation-tableau-ancien\/\">Estimation de tableau ancien<\/a><\/li>\n  <li><a href=\"https:\/\/www.fauveparis.com\/nos-specialites\/estimation-de-tableau-contemporain\/\">Estimation de tableau contemporain<\/a><\/li>   \n  <li><a href=\"https:\/\/www.fauveparis.com\/nos-specialites\/estimation-sculpture\/\">Estimation de sculpture<\/a><\/li>\n  <li><a href=\"https:\/\/www.fauveparis.com\/nos-specialites\/estimation-porcelaines-ceramiques-et-vases\/\">Estimation de porcelaines, c\u00e9ramiques et vases<\/a><\/li>\n      \n  <li><a href=\"https:\/\/www.fauveparis.com\/nos-specialites\/estimation-de-montre\/\">Estimation de montres<\/a><\/li>\n  <li><a href=\"https:\/\/www.fauveparis.com\/nos-specialites\/estimation-design-arts-decoratifs\/\">Estimation de design et arts d\u00e9coratifs<\/a><\/li>\n  <li><a href=\"https:\/\/www.fauveparis.com\/nos-specialites\/vins-et-spiritueux\/\">Estimation de vins et spiritueux<\/a><\/li>\n  <li><a href=\"https:\/\/www.fauveparis.com\/nos-specialites\/art-asiatique\/\">Estimation d\u2019art asiatique<\/a><\/li>\n  <li><a href=\"https:\/\/www.fauveparis.com\/nos-specialites\/art-premier-africain\/\">Estimation d\u2019art premier et africain<\/a><\/li>\n  <li><a href=\"https:\/\/www.fauveparis.com\/nos-specialites\/livres-anciens-et-manuscrits\/\">Estimation de livres anciens et manuscrits<\/a><\/li>\n<\/ul>\n <p>Retrouvez ici toutes <a href=\"https:\/\/www.fauveparis.com\/nos-specialites\/\">nos expertises<\/a>.<\/p>\n  <\/div>\n  <\/div>\n<\/section>\n<\/div>\n\n\n\n<p><\/p>\n","protected":false},"excerpt":{"rendered":"<p>Estimation de bijoux\u00a0 Confiez l\u2019\u00e9valuation de vos bijoux \u00e0 des sp\u00e9cialistes du march\u00e9 L\u2019estimation d\u2019un bijou repose sur une analyse fine des [&hellip;]<\/p>\n","protected":false},"author":15,"featured_media":0,"parent":6365,"menu_order":0,"comment_status":"closed","ping_status":"closed","template":"templates\/page-statique.php","meta":{"_acf_changed":false,"footnotes":""},"class_list":["post-24852","page","type-page","status-publish","hentry"],"acf":[],"yoast_head":"<!-- This site is optimized with the Yoast SEO plugin v27.3 - https:\/\/yoast.com\/product\/yoast-seo-wordpress\/ -->\n<title>Estimation bijoux \u00e0 Paris - FauveParis<\/title>\n<meta name=\"description\" content=\"Estimation de bijoux \u00e0 Paris : expertise, analyse et \u00e9valuation de vos pi\u00e8ces anciennes ou contemporaines par des sp\u00e9cialistes.\" \/>\n<meta name=\"robots\" content=\"index, follow, max-snippet:-1, max-image-preview:large, max-video-preview:-1\" \/>\n<link rel=\"canonical\" href=\"https:\/\/www.fauveparis.com\/en\/wp-json\/wp\/v2\/pages\/24852\" \/>\n<meta property=\"og:locale\" content=\"en_US\" \/>\n<meta property=\"og:type\" content=\"article\" \/>\n<meta property=\"og:title\" content=\"Estimation bijoux \u00e0 Paris - FauveParis\" \/>\n<meta property=\"og:description\" content=\"Estimation de bijoux \u00e0 Paris : expertise, analyse et \u00e9valuation de vos pi\u00e8ces anciennes ou contemporaines par des sp\u00e9cialistes.\" \/>\n<meta property=\"og:url\" content=\"https:\/\/www.fauveparis.com\/nos-specialites\/estimation-de-bijoux\/\" \/>\n<meta property=\"og:site_name\" content=\"FauveParis\" \/>\n<meta property=\"article:publisher\" content=\"https:\/\/www.facebook.com\/fauveparis\/\" \/>\n<meta property=\"article:modified_time\" content=\"2026-04-15T11:26:36+00:00\" \/>\n<meta property=\"og:image\" content=\"https:\/\/www.fauveparis.com\/wp-content\/uploads\/2020\/05\/fauveparis_lalanne_2.jpg\" \/>\n<meta name=\"twitter:card\" content=\"summary_large_image\" \/>\n<meta name=\"twitter:site\" content=\"@FauveParis\" \/>\n<meta name=\"twitter:label1\" content=\"Est. reading time\" \/>\n\t<meta name=\"twitter:data1\" content=\"6 minutes\" \/>\n<script type=\"application\/ld+json\" class=\"yoast-schema-graph\">{\"@context\":\"https:\\\/\\\/schema.org\",\"@graph\":[{\"@type\":\"WebPage\",\"@id\":\"https:\\\/\\\/www.fauveparis.com\\\/nos-specialites\\\/estimation-de-bijoux\\\/\",\"url\":\"https:\\\/\\\/www.fauveparis.com\\\/nos-specialites\\\/estimation-de-bijoux\\\/\",\"name\":\"Estimation bijoux \u00e0 Paris - FauveParis\",\"isPartOf\":{\"@id\":\"https:\\\/\\\/www.fauveparis.com\\\/en\\\/#website\"},\"primaryImageOfPage\":{\"@id\":\"https:\\\/\\\/www.fauveparis.com\\\/nos-specialites\\\/estimation-de-bijoux\\\/#primaryimage\"},\"image\":{\"@id\":\"https:\\\/\\\/www.fauveparis.com\\\/nos-specialites\\\/estimation-de-bijoux\\\/#primaryimage\"},\"thumbnailUrl\":\"https:\\\/\\\/www.fauveparis.com\\\/wp-content\\\/uploads\\\/2020\\\/05\\\/fauveparis_lalanne_2.jpg\",\"datePublished\":\"2026-04-09T08:25:36+00:00\",\"dateModified\":\"2026-04-15T11:26:36+00:00\",\"description\":\"Estimation de bijoux \u00e0 Paris : expertise, analyse et \u00e9valuation de vos pi\u00e8ces anciennes ou contemporaines par des sp\u00e9cialistes.\",\"breadcrumb\":{\"@id\":\"https:\\\/\\\/www.fauveparis.com\\\/nos-specialites\\\/estimation-de-bijoux\\\/#breadcrumb\"},\"inLanguage\":\"en-US\",\"potentialAction\":[{\"@type\":\"ReadAction\",\"target\":[\"https:\\\/\\\/www.fauveparis.com\\\/nos-specialites\\\/estimation-de-bijoux\\\/\"]}]},{\"@type\":\"ImageObject\",\"inLanguage\":\"en-US\",\"@id\":\"https:\\\/\\\/www.fauveparis.com\\\/nos-specialites\\\/estimation-de-bijoux\\\/#primaryimage\",\"url\":\"https:\\\/\\\/www.fauveparis.com\\\/wp-content\\\/uploads\\\/2020\\\/05\\\/fauveparis_lalanne_2.jpg\",\"contentUrl\":\"https:\\\/\\\/www.fauveparis.com\\\/wp-content\\\/uploads\\\/2020\\\/05\\\/fauveparis_lalanne_2.jpg\"},{\"@type\":\"BreadcrumbList\",\"@id\":\"https:\\\/\\\/www.fauveparis.com\\\/nos-specialites\\\/estimation-de-bijoux\\\/#breadcrumb\",\"itemListElement\":[{\"@type\":\"ListItem\",\"position\":1,\"name\":\"Home\",\"item\":\"https:\\\/\\\/www.fauveparis.com\\\/en\\\/\"},{\"@type\":\"ListItem\",\"position\":2,\"name\":\"Toutes nos expertises : objets pr\u00e9cieux et \u0153uvres d\u2019art\",\"item\":\"https:\\\/\\\/www.fauveparis.com\\\/nos-specialites\\\/\"},{\"@type\":\"ListItem\",\"position\":3,\"name\":\"Estimation de bijoux\"}]},{\"@type\":\"WebSite\",\"@id\":\"https:\\\/\\\/www.fauveparis.com\\\/en\\\/#website\",\"url\":\"https:\\\/\\\/www.fauveparis.com\\\/en\\\/\",\"name\":\"FauveParis\",\"description\":\"Ventes aux ench\u00e8res \u00b7 Auctions now\",\"publisher\":{\"@id\":\"https:\\\/\\\/www.fauveparis.com\\\/en\\\/#organization\"},\"potentialAction\":[{\"@type\":\"SearchAction\",\"target\":{\"@type\":\"EntryPoint\",\"urlTemplate\":\"https:\\\/\\\/www.fauveparis.com\\\/en\\\/?s={search_term_string}\"},\"query-input\":{\"@type\":\"PropertyValueSpecification\",\"valueRequired\":true,\"valueName\":\"search_term_string\"}}],\"inLanguage\":\"en-US\"},{\"@type\":\"Organization\",\"@id\":\"https:\\\/\\\/www.fauveparis.com\\\/en\\\/#organization\",\"name\":\"FauveParis\",\"url\":\"https:\\\/\\\/www.fauveparis.com\\\/en\\\/\",\"logo\":{\"@type\":\"ImageObject\",\"inLanguage\":\"en-US\",\"@id\":\"https:\\\/\\\/www.fauveparis.com\\\/en\\\/#\\\/schema\\\/logo\\\/image\\\/\",\"url\":\"https:\\\/\\\/www.fauveparis.com\\\/wp-content\\\/uploads\\\/2023\\\/05\\\/fauveparis_logo_800.png\",\"contentUrl\":\"https:\\\/\\\/www.fauveparis.com\\\/wp-content\\\/uploads\\\/2023\\\/05\\\/fauveparis_logo_800.png\",\"width\":800,\"height\":228,\"caption\":\"FauveParis\"},\"image\":{\"@id\":\"https:\\\/\\\/www.fauveparis.com\\\/en\\\/#\\\/schema\\\/logo\\\/image\\\/\"},\"sameAs\":[\"https:\\\/\\\/www.facebook.com\\\/fauveparis\\\/\",\"https:\\\/\\\/x.com\\\/FauveParis\",\"https:\\\/\\\/www.instagram.com\\\/fauveparis\\\/\"]}]}<\/script>\n<!-- \/ Yoast SEO plugin. -->","yoast_head_json":{"title":"Estimation bijoux \u00e0 Paris - FauveParis","description":"Estimation de bijoux \u00e0 Paris : expertise, analyse et \u00e9valuation de vos pi\u00e8ces anciennes ou contemporaines par des sp\u00e9cialistes.","robots":{"index":"index","follow":"follow","max-snippet":"max-snippet:-1","max-image-preview":"max-image-preview:large","max-video-preview":"max-video-preview:-1"},"canonical":"https:\/\/www.fauveparis.com\/en\/wp-json\/wp\/v2\/pages\/24852","og_locale":"en_US","og_type":"article","og_title":"Estimation bijoux \u00e0 Paris - FauveParis","og_description":"Estimation de bijoux \u00e0 Paris : expertise, analyse et \u00e9valuation de vos pi\u00e8ces anciennes ou contemporaines par des sp\u00e9cialistes.","og_url":"https:\/\/www.fauveparis.com\/nos-specialites\/estimation-de-bijoux\/","og_site_name":"FauveParis","article_publisher":"https:\/\/www.facebook.com\/fauveparis\/","article_modified_time":"2026-04-15T11:26:36+00:00","og_image":[{"url":"https:\/\/www.fauveparis.com\/wp-content\/uploads\/2020\/05\/fauveparis_lalanne_2.jpg","type":"","width":"","height":""}],"twitter_card":"summary_large_image","twitter_site":"@FauveParis","twitter_misc":{"Est. reading time":"6 minutes"},"schema":{"@context":"https:\/\/schema.org","@graph":[{"@type":"WebPage","@id":"https:\/\/www.fauveparis.com\/nos-specialites\/estimation-de-bijoux\/","url":"https:\/\/www.fauveparis.com\/nos-specialites\/estimation-de-bijoux\/","name":"Estimation bijoux \u00e0 Paris - FauveParis","isPartOf":{"@id":"https:\/\/www.fauveparis.com\/en\/#website"},"primaryImageOfPage":{"@id":"https:\/\/www.fauveparis.com\/nos-specialites\/estimation-de-bijoux\/#primaryimage"},"image":{"@id":"https:\/\/www.fauveparis.com\/nos-specialites\/estimation-de-bijoux\/#primaryimage"},"thumbnailUrl":"https:\/\/www.fauveparis.com\/wp-content\/uploads\/2020\/05\/fauveparis_lalanne_2.jpg","datePublished":"2026-04-09T08:25:36+00:00","dateModified":"2026-04-15T11:26:36+00:00","description":"Estimation de bijoux \u00e0 Paris : expertise, analyse et \u00e9valuation de vos pi\u00e8ces anciennes ou contemporaines par des sp\u00e9cialistes.","breadcrumb":{"@id":"https:\/\/www.fauveparis.com\/nos-specialites\/estimation-de-bijoux\/#breadcrumb"},"inLanguage":"en-US","potentialAction":[{"@type":"ReadAction","target":["https:\/\/www.fauveparis.com\/nos-specialites\/estimation-de-bijoux\/"]}]},{"@type":"ImageObject","inLanguage":"en-US","@id":"https:\/\/www.fauveparis.com\/nos-specialites\/estimation-de-bijoux\/#primaryimage","url":"https:\/\/www.fauveparis.com\/wp-content\/uploads\/2020\/05\/fauveparis_lalanne_2.jpg","contentUrl":"https:\/\/www.fauveparis.com\/wp-content\/uploads\/2020\/05\/fauveparis_lalanne_2.jpg"},{"@type":"BreadcrumbList","@id":"https:\/\/www.fauveparis.com\/nos-specialites\/estimation-de-bijoux\/#breadcrumb","itemListElement":[{"@type":"ListItem","position":1,"name":"Home","item":"https:\/\/www.fauveparis.com\/en\/"},{"@type":"ListItem","position":2,"name":"Toutes nos expertises : objets pr\u00e9cieux et \u0153uvres d\u2019art","item":"https:\/\/www.fauveparis.com\/nos-specialites\/"},{"@type":"ListItem","position":3,"name":"Estimation de bijoux"}]},{"@type":"WebSite","@id":"https:\/\/www.fauveparis.com\/en\/#website","url":"https:\/\/www.fauveparis.com\/en\/","name":"FauveParis","description":"Ventes aux ench\u00e8res \u00b7 Auctions now","publisher":{"@id":"https:\/\/www.fauveparis.com\/en\/#organization"},"potentialAction":[{"@type":"SearchAction","target":{"@type":"EntryPoint","urlTemplate":"https:\/\/www.fauveparis.com\/en\/?s={search_term_string}"},"query-input":{"@type":"PropertyValueSpecification","valueRequired":true,"valueName":"search_term_string"}}],"inLanguage":"en-US"},{"@type":"Organization","@id":"https:\/\/www.fauveparis.com\/en\/#organization","name":"FauveParis","url":"https:\/\/www.fauveparis.com\/en\/","logo":{"@type":"ImageObject","inLanguage":"en-US","@id":"https:\/\/www.fauveparis.com\/en\/#\/schema\/logo\/image\/","url":"https:\/\/www.fauveparis.com\/wp-content\/uploads\/2023\/05\/fauveparis_logo_800.png","contentUrl":"https:\/\/www.fauveparis.com\/wp-content\/uploads\/2023\/05\/fauveparis_logo_800.png","width":800,"height":228,"caption":"FauveParis"},"image":{"@id":"https:\/\/www.fauveparis.com\/en\/#\/schema\/logo\/image\/"},"sameAs":["https:\/\/www.facebook.com\/fauveparis\/","https:\/\/x.com\/FauveParis","https:\/\/www.instagram.com\/fauveparis\/"]}]}},"_links":{"self":[{"href":"https:\/\/www.fauveparis.com\/en\/wp-json\/wp\/v2\/pages\/24852","targetHints":{"allow":["GET"]}}],"collection":[{"href":"https:\/\/www.fauveparis.com\/en\/wp-json\/wp\/v2\/pages"}],"about":[{"href":"https:\/\/www.fauveparis.com\/en\/wp-json\/wp\/v2\/types\/page"}],"author":[{"embeddable":true,"href":"https:\/\/www.fauveparis.com\/en\/wp-json\/wp\/v2\/users\/15"}],"replies":[{"embeddable":true,"href":"https:\/\/www.fauveparis.com\/en\/wp-json\/wp\/v2\/comments?post=24852"}],"version-history":[{"count":35,"href":"https:\/\/www.fauveparis.com\/en\/wp-json\/wp\/v2\/pages\/24852\/revisions"}],"predecessor-version":[{"id":25025,"href":"https:\/\/www.fauveparis.com\/en\/wp-json\/wp\/v2\/pages\/24852\/revisions\/25025"}],"up":[{"embeddable":true,"href":"https:\/\/www.fauveparis.com\/en\/wp-json\/wp\/v2\/pages\/6365"}],"wp:attachment":[{"href":"https:\/\/www.fauveparis.com\/en\/wp-json\/wp\/v2\/media?parent=24852"}],"curies":[{"name":"wp","href":"https:\/\/api.w.org\/{rel}","templated":true}]}}