{"id":24836,"date":"2026-04-08T17:10:53","date_gmt":"2026-04-08T15:10:53","guid":{"rendered":"https:\/\/www.fauveparis.com\/?page_id=24836"},"modified":"2026-04-15T13:30:05","modified_gmt":"2026-04-15T11:30:05","slug":"estimation-tableau-ancien","status":"publish","type":"page","link":"https:\/\/www.fauveparis.com\/en\/nos-specialites\/estimation-tableau-ancien\/","title":{"rendered":"\u00a0Tableau ancien"},"content":{"rendered":"\n<div class=\"container-default\">\n  <div class=\"hero-section-desktop\">\n    <div class=\" hero-intro\">\n      <h1 class=\"hero-text\">Estimation de tableau ancien<\/h1>\n      <div class=\"hero-intro-main-text\">Faites \u00e9valuer votre tableau ancien par nos experts<\/div>\n      <div class=\"hero-intro-br\"><\/div>\n      <div class=\"hero-intro-desc\">L\u2019estimation de tableau ancien repose sur une analyse crois\u00e9e entre histoire de l\u2019art, technique et march\u00e9. Chaque \u0153uvre est \u00e9tudi\u00e9e avec pr\u00e9cision afin d\u2019en d\u00e9terminer la valeur. Notre \u00e9quipe d\u2019experts de tableaux anciens examine l\u2019attribution, l\u2019\u00e9poque, l\u2019\u00e9tat de conservation et la provenance pour positionner le tableau avec justesse.\n      <\/div>\n      <a href=\"https:\/\/www.fauveparis.com\/estimation-en-ligne\/ \" class=\"call-to-action\">Recevez une premi\u00e8re estimation gratuite sous 24 h<i class=\"fas fa-chevron-right\"><\/i> <\/a> <\/div>\n    <div class=\"hero-desktop\"> <img decoding=\"async\" style=\"width:100%\" src=\"https:\/\/www.fauveparis.com\/wp-content\/uploads\/2020\/05\/fauveparis_lalanne_2.jpg\"> <\/div>\n  <\/div>\n<\/div>\n\n\n\n<div class=\"hero-logos-drouot-interencheres-container\">\n  <div class=\"hero-logos-drouot-container-item\">\n    <img decoding=\"async\" src=\"https:\/\/www.fauveparis.com\/wp-content\/uploads\/2025\/12\/logo_drouot_rouge_interencheres.png\" alt=\"Logo Drouot\">\n  <\/div>\n  <div class=\"hero-logos-interencheres-container-item\">\n    <img decoding=\"async\" src=\"https:\/\/www.fauveparis.com\/wp-content\/uploads\/2025\/12\/interenchere.png\" alt=\"Logo Interencheres\">\n  <\/div>\n<\/div>\n\n\n\n<div class=\"reassurance\">\n  <div class=\"reassurance-item\">\n    <div class=\"reassurance-icon\">\n      <img decoding=\"async\" src=\"https:\/\/www.fauveparis.com\/wp-content\/uploads\/2024\/06\/Groupe-109@2x.png\">\n    <\/div>\n    <div class=\"reassurance-item-br\"><\/div>\n    <div class=\"reassurance-text\">\n      1 \u00e0 2 ventes par semaine &#8211; A Paris, Drouot + Interench\u00e8res    <\/div>\n  <\/div>\n  <div class=\"reassurance-item reassurance-light\">\n    <div class=\"reassurance-icon\">\n      <img decoding=\"async\" class=\"larger-icon\" src=\"https:\/\/www.fauveparis.com\/wp-content\/uploads\/2024\/06\/Groupe-50@2x.png\">\n    <\/div>\n    <div class=\"reassurance-item-br\"><\/div>\n    <div class=\"reassurance-text\">\n      Paiement rapide apr\u00e8s la vente    <\/div>\n  <\/div>\n  <div class=\"reassurance-item\">\n    <div class=\"reassurance-icon\">\n      <img decoding=\"async\" class=\"smaller-icon\" src=\"https:\/\/www.fauveparis.com\/wp-content\/uploads\/2024\/06\/Groupe-141@2x.png\">\n    <\/div>\n    <div class=\"reassurance-item-br\"><\/div>\n    <div class=\"reassurance-text\">\n      Objets et \u0153uvres d&#8217;art contemporains    <\/div>\n  <\/div>\n<\/div>\n\n\n\n<section>\n  <div class=\"container-default\">\n<br\/><br\/>\n    <div class=\"wrap-text\">\n      <div>\n        <h2>Dans quels cas faire expertiser un tableau ancien ?<\/h2>\n        <p>Une estimation de tableaux anciens s\u2019impose dans des situations concr\u00e8tes o\u00f9 la valeur doit \u00eatre \u00e9tablie sans approximation.<\/p>\n        <p>Lors d\u2019une vente ou d\u2019ench\u00e8res, l\u2019expertise permet d\u2019ajuster le prix au march\u00e9. En cas de succession, de d\u00e9c\u00e8s, de divorce ou de dettes, elle garantit une \u00e9valuation impartiale.<\/p>\n        <p>Elle est \u00e9galement utile pour l\u2019assurance (valeur de remplacement), en cas de d\u00e9m\u00e9nagement, de doute sur l\u2019authenticit\u00e9 (signature, \u00e9poque, \u00e9cole) ou pour v\u00e9rifier l\u2019\u00e9tat de conservation (restaurations, dommages).<\/p>\n        <p>Une expertise de tableau ancien \u00e9vite les approximations. Elle apporte une vision claire du positionnement de l\u2019\u0153uvre sur le march\u00e9, en tenant compte des r\u00e9sultats r\u00e9cents et de la demande des collectionneurs.<\/p>\n      <\/div>\n      <div>\n        <h2>Comment est \u00e9valu\u00e9e une peinture ancienne ?<\/h2>\n        <p>L\u2019expertise de peinture ancienne repose sur une m\u00e9thodologie pr\u00e9cise. Chaque \u0153uvre est \u00e9tudi\u00e9e dans sa globalit\u00e9 :<\/p>\n        <ul>\n          <li>Identification de l\u2019artiste ou de l\u2019\u00e9cole<\/li>\n          <li>Analyse stylistique (composition, lumi\u00e8re, touche)<\/li>\n          <li> \u00c9tude des mat\u00e9riaux et techniques<\/li>\n          <li>V\u00e9rification de l\u2019\u00e9tat de conservation<\/li>\n          <li>Recherche de provenance et d\u2019historique<\/li>\n        <\/ul>\n        <p>FauveParis s\u2019appuie sur un r\u00e9seau d\u2019experts de tableaux anciens sp\u00e9cialis\u00e9s pour affiner une attribution ou confirmer une authenticit\u00e9.<\/p>\n<p><strong>Exemple de tableau ancien vendu aux ench\u00e8res<\/strong><br>\n&gt; 00036_112 : <a href=\"https:\/\/www.fauveparis.com\/lot\/28\/5374\/\">Jan Frans Van Dael (1764-1840), Bouquet de roses, huile sur toile sign\u00e9e<\/a><\/p>\n      <\/div>\n    <\/div>\n  <\/div>\n<\/section>\n\n\n\n<div class=\"kpi-container\">\r\n  <h2 class=\"kpi-title\">\r\n    Quelques  <span class=\"kpi-title-bold\">chiffres<\/span>\r\n  <\/h2>\r\n  <div class=\"kpi-desc\">\r\n    Une maison de ventes aux ench\u00e8res dynamique et performante  <\/div>\r\n  <div class=\"kpi-grid\">\r\n                  <div class=\"kpi-item\">\r\n          <div class=\"kpi-icon\">\r\n            <img decoding=\"async\" src=\"https:\/\/www.fauveparis.com\/wp-content\/uploads\/2024\/06\/Groupe-13@2x.png\">\r\n          <\/div>\r\n          <div class=\"kpi-value\">\r\n            67 000          <\/div>\r\n          <div class=\"kpi-text\">\r\n            Lots pass\u00e9s en ventes          <\/div>\r\n        <\/div>\r\n        <div class=\"kpi-br\"><\/div>\r\n              <div class=\"kpi-item\">\r\n          <div class=\"kpi-icon\">\r\n            <img decoding=\"async\" src=\"https:\/\/www.fauveparis.com\/wp-content\/uploads\/2024\/06\/Groupe-15@2x.png\">\r\n          <\/div>\r\n          <div class=\"kpi-value\">\r\n            600          <\/div>\r\n          <div class=\"kpi-text\">\r\n            Inventaires          <\/div>\r\n        <\/div>\r\n        <div class=\"kpi-br\"><\/div>\r\n              <div class=\"kpi-item\">\r\n          <div class=\"kpi-icon\">\r\n            <img decoding=\"async\" src=\"https:\/\/www.fauveparis.com\/wp-content\/uploads\/2024\/06\/Groupe-17@2x.png\">\r\n          <\/div>\r\n          <div class=\"kpi-value\">\r\n            120 000          <\/div>\r\n          <div class=\"kpi-text\">\r\n            Estimations          <\/div>\r\n        <\/div>\r\n        <div class=\"kpi-br\"><\/div>\r\n            <\/div>\r\n<\/div>\n\n\n\n<section>\n  <div class=\"container-default\"> <br\/>\n    <br\/>\n    <div>\n      <h2>Donnez une valeur juste \u00e0 votre tableau ancien avec FauveParis<\/h2>\n      <p>FauveParis accompagne chaque demande d\u2019expertise gratuite de tableaux anciens avec discr\u00e9tion et pr\u00e9cision. Depuis 2014, la maison de ventes accueille collectionneurs et particuliers dans un espace d\u00e9di\u00e9 aux \u0153uvres d\u2019art, o\u00f9 sont organis\u00e9es des ventes aux ench\u00e8res chaque semaine.<\/p>\n      <p>FauveParis propose une estimation de tableau ancien \u00e0 Paris dans ses bureaux situ\u00e9s dans le Haut Marais, ou directement \u00e0 domicile selon la nature des \u0153uvres.<\/p>\n      <p>Pour plus de simplicit\u00e9, une estimation peut \u00e9galement \u00eatre r\u00e9alis\u00e9e en ligne, \u00e0 partir de photographies et d\u2019informations transmises. Cette premi\u00e8re \u00e9tape permet d\u2019orienter rapidement vers une valeur indicative.<\/p>\n      <p>Obtenir une estimation de tableaux anciens constitue le point de d\u00e9part d\u2019une strat\u00e9gie de valorisation adapt\u00e9e. Une fois l\u2019\u0153uvre analys\u00e9e, nos sp\u00e9cialistes vous orientent vers les meilleures options : conservation, vente ou transmission.<\/p>\n      <p>Une estimation juste ne se limite pas \u00e0 un chiffre. Elle donne les cl\u00e9s pour comprendre, situer et valoriser durablement votre tableau ancien.<\/p>\n    <\/div>\n    <br\/>\n    <br\/>\n  <\/div>\n<\/section>\n\n\n\n<div class=\"estimation\">\n  <h2 class=\"estimation-title\">\n    Estimation gratuite de votre tableau ancien    <div class=\"estimation-title-lower\">\n      en ligne ou dans nos bureaux    <\/div>\n  <\/h2>\n  <div class=\"estimation-desc\">\n    Recevez sous 24h une estimation d&#8217;un commissaire-priseur et vendez sous 10 jours  <\/div>\n  <a href=\"https:\/\/www.fauveparis.com\/estimation-en-ligne\/\">\n\n    <div class=\"estimation-cta\">\n      Je demande une estimation gratuite <i class=\"fas fa-chevron-right\"><\/i>\n    <\/div>\n\n  <\/a>\n  <div class=\"estimation-addresses\">\n\n    <div class=\"estimation-address\">\n      <img decoding=\"async\" src=\"https:\/\/www.fauveparis.com\/wp-content\/uploads\/2024\/06\/Groupe-31@2x.png\">\n      18 Place des Vosges, Paris 4e    <\/div>\n    <div class=\"estimation-address-sep\">&nbsp;<\/div>\n    <div class=\"estimation-address\">\n      <img decoding=\"async\" src=\"https:\/\/www.fauveparis.com\/wp-content\/uploads\/2024\/06\/Groupe-31@2x.png\">\n      49 rue Saint-Sabin, Paris 11e    <\/div>\n\n  <\/div>\n<\/div>\n\n\n\n<div class=\"container-default\">\n<section>\n    <div class=\"wrap-text\">\n    <div>\n <h2>Autres expertises \u00e0 d\u00e9couvrir : <\/h2>\n       <ul>\n   <li><a href=\"https:\/\/www.fauveparis.com\/nos-specialites\/estimation-de-tableau-contemporain\/\">Estimation de tableau contemporain<\/a><\/li>   \n  <li><a href=\"https:\/\/www.fauveparis.com\/nos-specialites\/estimation-sculpture\/\">Estimation de sculpture<\/a><\/li>\n  <li><a href=\"https:\/\/www.fauveparis.com\/nos-specialites\/estimation-porcelaines-ceramiques-et-vases\/\">Estimation de porcelaines, c\u00e9ramiques et vases<\/a><\/li>\n  <li><a href=\"https:\/\/www.fauveparis.com\/nos-specialites\/estimation-de-bijoux\/\">Estimation de bijoux<\/a><\/li>      \n  <li><a href=\"https:\/\/www.fauveparis.com\/nos-specialites\/estimation-de-montre\/\">Estimation de montres<\/a><\/li>\n  <li><a href=\"https:\/\/www.fauveparis.com\/nos-specialites\/estimation-design-arts-decoratifs\/\">Estimation de design et arts d\u00e9coratifs<\/a><\/li>\n  <li><a href=\"https:\/\/www.fauveparis.com\/nos-specialites\/vins-et-spiritueux\/\">Estimation de vins et spiritueux<\/a><\/li>\n  <li><a href=\"https:\/\/www.fauveparis.com\/nos-specialites\/art-asiatique\/\">Estimation d\u2019art asiatique<\/a><\/li>\n  <li><a href=\"https:\/\/www.fauveparis.com\/nos-specialites\/art-premier-africain\/\">Estimation d\u2019art premier et africain<\/a><\/li>\n  <li><a href=\"https:\/\/www.fauveparis.com\/nos-specialites\/livres-anciens-et-manuscrits\/\">Estimation de livres anciens et manuscrits<\/a><\/li>\n<\/ul>\n <p>Retrouvez ici toutes <a href=\"https:\/\/www.fauveparis.com\/nos-specialites\/\">nos expertises<\/a>.<\/p>\n  <\/div>\n  <\/div>\n<\/section>\n<\/div>\n","protected":false},"excerpt":{"rendered":"<p>Estimation de tableau ancien Faites \u00e9valuer votre tableau ancien par nos experts L\u2019estimation de tableau ancien repose sur une analyse crois\u00e9e entre [&hellip;]<\/p>\n","protected":false},"author":15,"featured_media":0,"parent":6365,"menu_order":0,"comment_status":"closed","ping_status":"closed","template":"templates\/page-statique.php","meta":{"_acf_changed":false,"footnotes":""},"class_list":["post-24836","page","type-page","status-publish","hentry"],"acf":[],"yoast_head":"<!-- This site is optimized with the Yoast SEO plugin v27.3 - https:\/\/yoast.com\/product\/yoast-seo-wordpress\/ -->\n<title>Estimation tableau ancien \u00e0 Paris<\/title>\n<meta name=\"description\" content=\"Estimation de tableau ancien \u00e0 Paris : analyse, expertise et \u00e9valuation par des sp\u00e9cialistes du march\u00e9 de l\u2019art ancien.\" \/>\n<meta name=\"robots\" content=\"index, follow, max-snippet:-1, max-image-preview:large, max-video-preview:-1\" \/>\n<link rel=\"canonical\" href=\"https:\/\/www.fauveparis.com\/en\/wp-json\/wp\/v2\/pages\/24836\" \/>\n<meta property=\"og:locale\" content=\"en_US\" \/>\n<meta property=\"og:type\" content=\"article\" \/>\n<meta property=\"og:title\" content=\"Estimation tableau ancien \u00e0 Paris\" \/>\n<meta property=\"og:description\" content=\"Estimation de tableau ancien \u00e0 Paris : analyse, expertise et \u00e9valuation par des sp\u00e9cialistes du march\u00e9 de l\u2019art ancien.\" \/>\n<meta property=\"og:url\" content=\"https:\/\/www.fauveparis.com\/nos-specialites\/estimation-tableau-ancien\/\" \/>\n<meta property=\"og:site_name\" content=\"FauveParis\" \/>\n<meta property=\"article:publisher\" content=\"https:\/\/www.facebook.com\/fauveparis\/\" \/>\n<meta property=\"article:modified_time\" content=\"2026-04-15T11:30:05+00:00\" \/>\n<meta property=\"og:image\" content=\"https:\/\/www.fauveparis.com\/wp-content\/uploads\/2020\/05\/fauveparis_lalanne_2.jpg\" \/>\n<meta name=\"twitter:card\" content=\"summary_large_image\" \/>\n<meta name=\"twitter:site\" content=\"@FauveParis\" \/>\n<meta name=\"twitter:label1\" content=\"Est. reading time\" \/>\n\t<meta name=\"twitter:data1\" content=\"6 minutes\" \/>\n<script type=\"application\/ld+json\" class=\"yoast-schema-graph\">{\"@context\":\"https:\\\/\\\/schema.org\",\"@graph\":[{\"@type\":\"WebPage\",\"@id\":\"https:\\\/\\\/www.fauveparis.com\\\/nos-specialites\\\/estimation-tableau-ancien\\\/\",\"url\":\"https:\\\/\\\/www.fauveparis.com\\\/nos-specialites\\\/estimation-tableau-ancien\\\/\",\"name\":\"Estimation tableau ancien \u00e0 Paris\",\"isPartOf\":{\"@id\":\"https:\\\/\\\/www.fauveparis.com\\\/en\\\/#website\"},\"primaryImageOfPage\":{\"@id\":\"https:\\\/\\\/www.fauveparis.com\\\/nos-specialites\\\/estimation-tableau-ancien\\\/#primaryimage\"},\"image\":{\"@id\":\"https:\\\/\\\/www.fauveparis.com\\\/nos-specialites\\\/estimation-tableau-ancien\\\/#primaryimage\"},\"thumbnailUrl\":\"https:\\\/\\\/www.fauveparis.com\\\/wp-content\\\/uploads\\\/2020\\\/05\\\/fauveparis_lalanne_2.jpg\",\"datePublished\":\"2026-04-08T15:10:53+00:00\",\"dateModified\":\"2026-04-15T11:30:05+00:00\",\"description\":\"Estimation de tableau ancien \u00e0 Paris : analyse, expertise et \u00e9valuation par des sp\u00e9cialistes du march\u00e9 de l\u2019art ancien.\",\"breadcrumb\":{\"@id\":\"https:\\\/\\\/www.fauveparis.com\\\/nos-specialites\\\/estimation-tableau-ancien\\\/#breadcrumb\"},\"inLanguage\":\"en-US\",\"potentialAction\":[{\"@type\":\"ReadAction\",\"target\":[\"https:\\\/\\\/www.fauveparis.com\\\/nos-specialites\\\/estimation-tableau-ancien\\\/\"]}]},{\"@type\":\"ImageObject\",\"inLanguage\":\"en-US\",\"@id\":\"https:\\\/\\\/www.fauveparis.com\\\/nos-specialites\\\/estimation-tableau-ancien\\\/#primaryimage\",\"url\":\"https:\\\/\\\/www.fauveparis.com\\\/wp-content\\\/uploads\\\/2020\\\/05\\\/fauveparis_lalanne_2.jpg\",\"contentUrl\":\"https:\\\/\\\/www.fauveparis.com\\\/wp-content\\\/uploads\\\/2020\\\/05\\\/fauveparis_lalanne_2.jpg\"},{\"@type\":\"BreadcrumbList\",\"@id\":\"https:\\\/\\\/www.fauveparis.com\\\/nos-specialites\\\/estimation-tableau-ancien\\\/#breadcrumb\",\"itemListElement\":[{\"@type\":\"ListItem\",\"position\":1,\"name\":\"Home\",\"item\":\"https:\\\/\\\/www.fauveparis.com\\\/en\\\/\"},{\"@type\":\"ListItem\",\"position\":2,\"name\":\"Toutes nos expertises : objets pr\u00e9cieux et \u0153uvres d\u2019art\",\"item\":\"https:\\\/\\\/www.fauveparis.com\\\/nos-specialites\\\/\"},{\"@type\":\"ListItem\",\"position\":3,\"name\":\"\u00a0Tableau ancien\"}]},{\"@type\":\"WebSite\",\"@id\":\"https:\\\/\\\/www.fauveparis.com\\\/en\\\/#website\",\"url\":\"https:\\\/\\\/www.fauveparis.com\\\/en\\\/\",\"name\":\"FauveParis\",\"description\":\"Ventes aux ench\u00e8res \u00b7 Auctions now\",\"publisher\":{\"@id\":\"https:\\\/\\\/www.fauveparis.com\\\/en\\\/#organization\"},\"potentialAction\":[{\"@type\":\"SearchAction\",\"target\":{\"@type\":\"EntryPoint\",\"urlTemplate\":\"https:\\\/\\\/www.fauveparis.com\\\/en\\\/?s={search_term_string}\"},\"query-input\":{\"@type\":\"PropertyValueSpecification\",\"valueRequired\":true,\"valueName\":\"search_term_string\"}}],\"inLanguage\":\"en-US\"},{\"@type\":\"Organization\",\"@id\":\"https:\\\/\\\/www.fauveparis.com\\\/en\\\/#organization\",\"name\":\"FauveParis\",\"url\":\"https:\\\/\\\/www.fauveparis.com\\\/en\\\/\",\"logo\":{\"@type\":\"ImageObject\",\"inLanguage\":\"en-US\",\"@id\":\"https:\\\/\\\/www.fauveparis.com\\\/en\\\/#\\\/schema\\\/logo\\\/image\\\/\",\"url\":\"https:\\\/\\\/www.fauveparis.com\\\/wp-content\\\/uploads\\\/2023\\\/05\\\/fauveparis_logo_800.png\",\"contentUrl\":\"https:\\\/\\\/www.fauveparis.com\\\/wp-content\\\/uploads\\\/2023\\\/05\\\/fauveparis_logo_800.png\",\"width\":800,\"height\":228,\"caption\":\"FauveParis\"},\"image\":{\"@id\":\"https:\\\/\\\/www.fauveparis.com\\\/en\\\/#\\\/schema\\\/logo\\\/image\\\/\"},\"sameAs\":[\"https:\\\/\\\/www.facebook.com\\\/fauveparis\\\/\",\"https:\\\/\\\/x.com\\\/FauveParis\",\"https:\\\/\\\/www.instagram.com\\\/fauveparis\\\/\"]}]}<\/script>\n<!-- \/ Yoast SEO plugin. -->","yoast_head_json":{"title":"Estimation tableau ancien \u00e0 Paris","description":"Estimation de tableau ancien \u00e0 Paris : analyse, expertise et \u00e9valuation par des sp\u00e9cialistes du march\u00e9 de l\u2019art ancien.","robots":{"index":"index","follow":"follow","max-snippet":"max-snippet:-1","max-image-preview":"max-image-preview:large","max-video-preview":"max-video-preview:-1"},"canonical":"https:\/\/www.fauveparis.com\/en\/wp-json\/wp\/v2\/pages\/24836","og_locale":"en_US","og_type":"article","og_title":"Estimation tableau ancien \u00e0 Paris","og_description":"Estimation de tableau ancien \u00e0 Paris : analyse, expertise et \u00e9valuation par des sp\u00e9cialistes du march\u00e9 de l\u2019art ancien.","og_url":"https:\/\/www.fauveparis.com\/nos-specialites\/estimation-tableau-ancien\/","og_site_name":"FauveParis","article_publisher":"https:\/\/www.facebook.com\/fauveparis\/","article_modified_time":"2026-04-15T11:30:05+00:00","og_image":[{"url":"https:\/\/www.fauveparis.com\/wp-content\/uploads\/2020\/05\/fauveparis_lalanne_2.jpg","type":"","width":"","height":""}],"twitter_card":"summary_large_image","twitter_site":"@FauveParis","twitter_misc":{"Est. reading time":"6 minutes"},"schema":{"@context":"https:\/\/schema.org","@graph":[{"@type":"WebPage","@id":"https:\/\/www.fauveparis.com\/nos-specialites\/estimation-tableau-ancien\/","url":"https:\/\/www.fauveparis.com\/nos-specialites\/estimation-tableau-ancien\/","name":"Estimation tableau ancien \u00e0 Paris","isPartOf":{"@id":"https:\/\/www.fauveparis.com\/en\/#website"},"primaryImageOfPage":{"@id":"https:\/\/www.fauveparis.com\/nos-specialites\/estimation-tableau-ancien\/#primaryimage"},"image":{"@id":"https:\/\/www.fauveparis.com\/nos-specialites\/estimation-tableau-ancien\/#primaryimage"},"thumbnailUrl":"https:\/\/www.fauveparis.com\/wp-content\/uploads\/2020\/05\/fauveparis_lalanne_2.jpg","datePublished":"2026-04-08T15:10:53+00:00","dateModified":"2026-04-15T11:30:05+00:00","description":"Estimation de tableau ancien \u00e0 Paris : analyse, expertise et \u00e9valuation par des sp\u00e9cialistes du march\u00e9 de l\u2019art ancien.","breadcrumb":{"@id":"https:\/\/www.fauveparis.com\/nos-specialites\/estimation-tableau-ancien\/#breadcrumb"},"inLanguage":"en-US","potentialAction":[{"@type":"ReadAction","target":["https:\/\/www.fauveparis.com\/nos-specialites\/estimation-tableau-ancien\/"]}]},{"@type":"ImageObject","inLanguage":"en-US","@id":"https:\/\/www.fauveparis.com\/nos-specialites\/estimation-tableau-ancien\/#primaryimage","url":"https:\/\/www.fauveparis.com\/wp-content\/uploads\/2020\/05\/fauveparis_lalanne_2.jpg","contentUrl":"https:\/\/www.fauveparis.com\/wp-content\/uploads\/2020\/05\/fauveparis_lalanne_2.jpg"},{"@type":"BreadcrumbList","@id":"https:\/\/www.fauveparis.com\/nos-specialites\/estimation-tableau-ancien\/#breadcrumb","itemListElement":[{"@type":"ListItem","position":1,"name":"Home","item":"https:\/\/www.fauveparis.com\/en\/"},{"@type":"ListItem","position":2,"name":"Toutes nos expertises : objets pr\u00e9cieux et \u0153uvres d\u2019art","item":"https:\/\/www.fauveparis.com\/nos-specialites\/"},{"@type":"ListItem","position":3,"name":"\u00a0Tableau ancien"}]},{"@type":"WebSite","@id":"https:\/\/www.fauveparis.com\/en\/#website","url":"https:\/\/www.fauveparis.com\/en\/","name":"FauveParis","description":"Ventes aux ench\u00e8res \u00b7 Auctions now","publisher":{"@id":"https:\/\/www.fauveparis.com\/en\/#organization"},"potentialAction":[{"@type":"SearchAction","target":{"@type":"EntryPoint","urlTemplate":"https:\/\/www.fauveparis.com\/en\/?s={search_term_string}"},"query-input":{"@type":"PropertyValueSpecification","valueRequired":true,"valueName":"search_term_string"}}],"inLanguage":"en-US"},{"@type":"Organization","@id":"https:\/\/www.fauveparis.com\/en\/#organization","name":"FauveParis","url":"https:\/\/www.fauveparis.com\/en\/","logo":{"@type":"ImageObject","inLanguage":"en-US","@id":"https:\/\/www.fauveparis.com\/en\/#\/schema\/logo\/image\/","url":"https:\/\/www.fauveparis.com\/wp-content\/uploads\/2023\/05\/fauveparis_logo_800.png","contentUrl":"https:\/\/www.fauveparis.com\/wp-content\/uploads\/2023\/05\/fauveparis_logo_800.png","width":800,"height":228,"caption":"FauveParis"},"image":{"@id":"https:\/\/www.fauveparis.com\/en\/#\/schema\/logo\/image\/"},"sameAs":["https:\/\/www.facebook.com\/fauveparis\/","https:\/\/x.com\/FauveParis","https:\/\/www.instagram.com\/fauveparis\/"]}]}},"_links":{"self":[{"href":"https:\/\/www.fauveparis.com\/en\/wp-json\/wp\/v2\/pages\/24836","targetHints":{"allow":["GET"]}}],"collection":[{"href":"https:\/\/www.fauveparis.com\/en\/wp-json\/wp\/v2\/pages"}],"about":[{"href":"https:\/\/www.fauveparis.com\/en\/wp-json\/wp\/v2\/types\/page"}],"author":[{"embeddable":true,"href":"https:\/\/www.fauveparis.com\/en\/wp-json\/wp\/v2\/users\/15"}],"replies":[{"embeddable":true,"href":"https:\/\/www.fauveparis.com\/en\/wp-json\/wp\/v2\/comments?post=24836"}],"version-history":[{"count":17,"href":"https:\/\/www.fauveparis.com\/en\/wp-json\/wp\/v2\/pages\/24836\/revisions"}],"predecessor-version":[{"id":25029,"href":"https:\/\/www.fauveparis.com\/en\/wp-json\/wp\/v2\/pages\/24836\/revisions\/25029"}],"up":[{"embeddable":true,"href":"https:\/\/www.fauveparis.com\/en\/wp-json\/wp\/v2\/pages\/6365"}],"wp:attachment":[{"href":"https:\/\/www.fauveparis.com\/en\/wp-json\/wp\/v2\/media?parent=24836"}],"curies":[{"name":"wp","href":"https:\/\/api.w.org\/{rel}","templated":true}]}}