{"id":24829,"date":"2026-04-08T14:57:17","date_gmt":"2026-04-08T12:57:17","guid":{"rendered":"https:\/\/www.fauveparis.com\/?page_id=24829"},"modified":"2026-04-15T15:34:56","modified_gmt":"2026-04-15T13:34:56","slug":"estimation-sculpture","status":"publish","type":"page","link":"https:\/\/www.fauveparis.com\/en\/nos-specialites\/estimation-sculpture\/","title":{"rendered":"Sculpture"},"content":{"rendered":"\n<div class=\"container-default\">\n  <div class=\"hero-section-desktop\">\n    <div class=\" hero-intro\">\n      <h1 class=\"hero-text\">Estimation de sculpture<\/h1>\n      <div class=\"hero-intro-main-text\">Une expertise d\u00e9di\u00e9e aux sculptures anciennes et contemporaines<\/div>\n      <div class=\"hero-intro-br\"><\/div>\n      <div class=\"hero-intro-desc\">L\u2019estimation de sculpture requiert une connaissance fine des mat\u00e9riaux, des signatures et des p\u00e9riodes de cr\u00e9ation. Avec FauveParis, chaque \u0153uvre b\u00e9n\u00e9ficie d\u2019une analyse rigoureuse afin de d\u00e9terminer sa valeur sur le march\u00e9 actuel. Qu\u2019il s\u2019agisse d\u2019une sculpture ancienne, moderne ou en bronze, une expertise offre une premi\u00e8re \u00e9valuation fiable et structur\u00e9e. <\/div>\n      <a href=\"https:\/\/www.fauveparis.com\/estimation-en-ligne\/ \" class=\"call-to-action\">Envoyez-nous les photos de vos biens pour une expertise gratuite<i class=\"fas fa-chevron-right\"><\/i> <\/a> <\/div>\n    <div class=\"hero-desktop\"> <img decoding=\"async\" style=\"width:100%\" src=\"https:\/\/www.fauveparis.com\/wp-content\/uploads\/2020\/05\/fauveparis_lalanne_2.jpg\"> <\/div>\n  <\/div>\n<\/div>\n\n\n\n<div class=\"hero-logos-drouot-interencheres-container\">\n  <div class=\"hero-logos-drouot-container-item\">\n    <img decoding=\"async\" src=\"https:\/\/www.fauveparis.com\/wp-content\/uploads\/2025\/12\/logo_drouot_rouge_interencheres.png\" alt=\"Logo Drouot\">\n  <\/div>\n  <div class=\"hero-logos-interencheres-container-item\">\n    <img decoding=\"async\" src=\"https:\/\/www.fauveparis.com\/wp-content\/uploads\/2025\/12\/interenchere.png\" alt=\"Logo Interencheres\">\n  <\/div>\n<\/div>\n\n\n\n<div class=\"reassurance\">\n  <div class=\"reassurance-item\">\n    <div class=\"reassurance-icon\">\n      <img decoding=\"async\" src=\"https:\/\/www.fauveparis.com\/wp-content\/uploads\/2024\/06\/Groupe-109@2x.png\">\n    <\/div>\n    <div class=\"reassurance-item-br\"><\/div>\n    <div class=\"reassurance-text\">\n      1 \u00e0 2 ventes par semaine &#8211; A Paris, Drouot + Interench\u00e8res    <\/div>\n  <\/div>\n  <div class=\"reassurance-item reassurance-light\">\n    <div class=\"reassurance-icon\">\n      <img decoding=\"async\" class=\"larger-icon\" src=\"https:\/\/www.fauveparis.com\/wp-content\/uploads\/2024\/06\/Groupe-50@2x.png\">\n    <\/div>\n    <div class=\"reassurance-item-br\"><\/div>\n    <div class=\"reassurance-text\">\n      Paiement rapide apr\u00e8s la vente    <\/div>\n  <\/div>\n  <div class=\"reassurance-item\">\n    <div class=\"reassurance-icon\">\n      <img decoding=\"async\" class=\"smaller-icon\" src=\"https:\/\/www.fauveparis.com\/wp-content\/uploads\/2024\/06\/Groupe-141@2x.png\">\n    <\/div>\n    <div class=\"reassurance-item-br\"><\/div>\n    <div class=\"reassurance-text\">\n      Objets et \u0153uvres d&#8217;art contemporains    <\/div>\n  <\/div>\n<\/div>\n\n\n\n<div class=\"container-default\">\n<section>\n  <div class=\"wrap-text\">\n    <div>\n      <h2>Pourquoi faire estimer une sculpture ?<\/h2>\n      <p>Une sculpture peut voir sa valeur \u00e9voluer en fonction de nombreux crit\u00e8res : auteur, technique, tirage, \u00e9tat de conservation ou encore demande sur le march\u00e9. Une estimation de sculpture apporte une vision claire de sa valeur avant une vente, une succession ou une assurance.<br\/>\n        Dans le cadre d\u2019une estimation de sculpture \u00e0 Paris, les experts FauveParis prennent en compte :<\/p>\n      <ul>\n        <li>Les tendances des ventes aux ench\u00e8res<\/li>\n        <li>Les r\u00e9sultats comparables<\/li>      \n        <li>Les sp\u00e9cificit\u00e9s propres \u00e0 chaque \u0153uvre.<\/li>\n      <\/ul>\n      <p>Cette approche garantit une \u00e9valuation coh\u00e9rente avec les r\u00e9alit\u00e9s du march\u00e9.<\/p>\n    <\/div>\n    <div>\n      <h2>Quels types de sculptures sont expertis\u00e9s ?<\/h2>\n      <p>Les sp\u00e9cialistes de FauveParis interviennent sur une large diversit\u00e9 d\u2019\u0153uvres :<\/p>\n      <ul>\n        <li>Sculptures en bronze, marbre, pl\u00e2tre ou r\u00e9sine<\/li>\n        <li>Statues anciennes ou modernes<\/li>\n        <li>\u0152uvres sign\u00e9es ou anonymes<\/li>\n        <li>\u00c9ditions limit\u00e9es ou tirages multiples<\/li>\n        <li>Pi\u00e8ces d\u00e9coratives ou artistiques<\/li>\n        <p>Une estimation de statue bronze n\u00e9cessite notamment une attention particuli\u00e8re aux techniques de fonte, aux signatures, aux cachets de fondeur et \u00e0 la qualit\u00e9 de la patine. Ces \u00e9l\u00e9ments influencent directement la valeur de l\u2019\u0153uvre.<\/p>\n      <\/ul>\n<p><strong>Exemple de sculpture vendue aux ench\u00e8res<\/strong><br>\n&gt; 14648_2 : <a href=\"https:\/\/www.fauveparis.com\/lot\/448\/62718\/\">Fran\u00e7ois-Xavier Lalanne (1927-2008), Main de Roman, 1993, \u00e9preuve en bronze \u00e0 patine brune, sign\u00e9e et num\u00e9rot\u00e9e<\/a><\/p>\n  <\/div>\n  <\/div>\n<\/section>\n\n\n\n<div class=\"kpi-container\">\r\n  <h2 class=\"kpi-title\">\r\n    Quelques  <span class=\"kpi-title-bold\">chiffres<\/span>\r\n  <\/h2>\r\n  <div class=\"kpi-desc\">\r\n    Une maison de ventes aux ench\u00e8res dynamique et performante  <\/div>\r\n  <div class=\"kpi-grid\">\r\n                  <div class=\"kpi-item\">\r\n          <div class=\"kpi-icon\">\r\n            <img decoding=\"async\" src=\"https:\/\/www.fauveparis.com\/wp-content\/uploads\/2024\/06\/Groupe-13@2x.png\">\r\n          <\/div>\r\n          <div class=\"kpi-value\">\r\n            67 000          <\/div>\r\n          <div class=\"kpi-text\">\r\n            Lots pass\u00e9s en ventes          <\/div>\r\n        <\/div>\r\n        <div class=\"kpi-br\"><\/div>\r\n              <div class=\"kpi-item\">\r\n          <div class=\"kpi-icon\">\r\n            <img decoding=\"async\" src=\"https:\/\/www.fauveparis.com\/wp-content\/uploads\/2024\/06\/Groupe-15@2x.png\">\r\n          <\/div>\r\n          <div class=\"kpi-value\">\r\n            600          <\/div>\r\n          <div class=\"kpi-text\">\r\n            Inventaires          <\/div>\r\n        <\/div>\r\n        <div class=\"kpi-br\"><\/div>\r\n              <div class=\"kpi-item\">\r\n          <div class=\"kpi-icon\">\r\n            <img decoding=\"async\" src=\"https:\/\/www.fauveparis.com\/wp-content\/uploads\/2024\/06\/Groupe-17@2x.png\">\r\n          <\/div>\r\n          <div class=\"kpi-value\">\r\n            120 000          <\/div>\r\n          <div class=\"kpi-text\">\r\n            Estimations          <\/div>\r\n        <\/div>\r\n        <div class=\"kpi-br\"><\/div>\r\n            <\/div>\r\n<\/div>\n\n\n\n<div class=\"container-default\">\n<section>\n  <div class=\"wrap-text\">\n    <div>\n      <h2>Comment se d\u00e9roule une estimation de sculpture ?<\/h2>\n      <p>L\u2019estimation de sculpture repose sur plusieurs \u00e9tapes :<\/p>\n      <ul>\n        <li>Analyse visuelle et technique de l\u2019\u0153uvre<\/li>\n        <li>Identification de l\u2019artiste ou de l\u2019\u00e9cole<\/li>\n        <li>\u00c9tude de l\u2019\u00e9tat de conservation<\/li>\n        <li>Comparaison avec des ventes r\u00e9centes<\/li>\n          <li>D\u00e9termination d\u2019une fourchette de valeur<\/li>\n      <\/ul>\n      <p>Ce processus aboutit \u00e0 une estimation argument\u00e9e, en coh\u00e9rence avec les attentes du march\u00e9. L\u2019expertise de sculpture gratuite propos\u00e9e par FauveParis peut \u00eatre r\u00e9alis\u00e9e \u00e0 partir de photographies ou sur rendez-vous avec un expert.<\/p>\n    <\/div>\n    <div>\n      <h2>Faire appel \u00e0 FauveParis pour une estimation<\/h2>\n      <p>FauveParis accompagne les particuliers et professionnels dans leurs d\u00e9marches d\u2019estimation de sculpture \u00e0 Paris. L\u2019objectif est d\u2019apporter une r\u00e9ponse rapide, fiable et adapt\u00e9e \u00e0 chaque situation.<\/p>\n        <p>Que ce soit pour une vente aux ench\u00e8res, une succession ou une simple \u00e9valuation patrimoniale, l\u2019\u00e9quipe met \u00e0 disposition son exp\u00e9rience du march\u00e9 de l\u2019art afin de fournir une estimation claire et exploitable.<\/p>\n      \n  <\/div>\n  <\/div>\n<\/section>\n\n\n\n<div class=\"estimation\">\n  <h2 class=\"estimation-title\">\n    Estimation gratuite de votre sculpture    <div class=\"estimation-title-lower\">\n      en ligne ou dans nos bureaux    <\/div>\n  <\/h2>\n  <div class=\"estimation-desc\">\n    Recevez sous 24h une estimation d&#8217;un commissaire-priseur et vendez sous 10 jours  <\/div>\n  <a href=\"https:\/\/www.fauveparis.com\/estimation-en-ligne\/\">\n\n    <div class=\"estimation-cta\">\n      Je demande une estimation gratuite <i class=\"fas fa-chevron-right\"><\/i>\n    <\/div>\n\n  <\/a>\n  <div class=\"estimation-addresses\">\n\n    <div class=\"estimation-address\">\n      <img decoding=\"async\" src=\"https:\/\/www.fauveparis.com\/wp-content\/uploads\/2024\/06\/Groupe-31@2x.png\">\n      18 Place des Vosges, Paris 4e    <\/div>\n    <div class=\"estimation-address-sep\">&nbsp;<\/div>\n    <div class=\"estimation-address\">\n      <img decoding=\"async\" src=\"https:\/\/www.fauveparis.com\/wp-content\/uploads\/2024\/06\/Groupe-31@2x.png\">\n      49 rue Saint-Sabin, Paris 11e    <\/div>\n\n  <\/div>\n<\/div>\n\n\n\n<div class=\"container-default\">\n<section>\n    <div class=\"wrap-text\">\n    <div>\n <h2>Autres expertises \u00e0 d\u00e9couvrir : <\/h2>\n       <ul>\n  <li><a href=\"https:\/\/www.fauveparis.com\/nos-specialites\/estimation-tableau-ancien\/\">Estimation de tableau ancien<\/a><\/li>\n  <li><a href=\"https:\/\/www.fauveparis.com\/nos-specialites\/estimation-de-tableau-contemporain\/\">Estimation de tableau contemporain<\/a><\/li>   \n  <li><a href=\"https:\/\/www.fauveparis.com\/nos-specialites\/estimation-porcelaines-ceramiques-et-vases\/\">Estimation de porcelaines, c\u00e9ramiques et vases<\/a><\/li>\n  <li><a href=\"https:\/\/www.fauveparis.com\/nos-specialites\/estimation-de-bijoux\/\">Estimation de bijoux<\/a><\/li>      \n  <li><a href=\"https:\/\/www.fauveparis.com\/nos-specialites\/estimation-de-montre\/\">Estimation de montres<\/a><\/li>\n  <li><a href=\"https:\/\/www.fauveparis.com\/nos-specialites\/estimation-design-arts-decoratifs\/\">Estimation de design et arts d\u00e9coratifs<\/a><\/li>\n  <li><a href=\"https:\/\/www.fauveparis.com\/nos-specialites\/vins-et-spiritueux\/\">Estimation de vins et spiritueux<\/a><\/li>\n  <li><a href=\"https:\/\/www.fauveparis.com\/nos-specialites\/art-asiatique\/\">Estimation d\u2019art asiatique<\/a><\/li>\n  <li><a href=\"https:\/\/www.fauveparis.com\/nos-specialites\/art-premier-africain\/\">Estimation d\u2019art premier et africain<\/a><\/li>\n  <li><a href=\"https:\/\/www.fauveparis.com\/nos-specialites\/livres-anciens-et-manuscrits\/\">Estimation de livres anciens et manuscrits<\/a><\/li>\n<\/ul>\n <p>Retrouvez ici toutes <a href=\"https:\/\/www.fauveparis.com\/nos-specialites\/\">nos expertises<\/a>.<\/p>\n  <\/div>\n  <\/div>\n<\/section>\n<\/div>\n","protected":false},"excerpt":{"rendered":"<p>Estimation de sculpture Une expertise d\u00e9di\u00e9e aux sculptures anciennes et contemporaines L\u2019estimation de sculpture requiert une connaissance fine des mat\u00e9riaux, des signatures [&hellip;]<\/p>\n","protected":false},"author":15,"featured_media":0,"parent":6365,"menu_order":0,"comment_status":"closed","ping_status":"closed","template":"templates\/page-statique.php","meta":{"_acf_changed":false,"footnotes":""},"class_list":["post-24829","page","type-page","status-publish","hentry"],"acf":[],"yoast_head":"<!-- This site is optimized with the Yoast SEO plugin v27.3 - https:\/\/yoast.com\/product\/yoast-seo-wordpress\/ -->\n<title>Estimation sculpture \u00e0 Paris | FauveParis<\/title>\n<meta name=\"description\" content=\"Estimation sculpture, bronze ou statue \u00e0 Paris. B\u00e9n\u00e9ficiez d\u2019une expertise gratuite et confidentielle r\u00e9alis\u00e9e par nos sp\u00e9cialistes.\" \/>\n<meta name=\"robots\" content=\"index, follow, max-snippet:-1, max-image-preview:large, max-video-preview:-1\" \/>\n<link rel=\"canonical\" href=\"https:\/\/www.fauveparis.com\/en\/wp-json\/wp\/v2\/pages\/24829\" \/>\n<meta property=\"og:locale\" content=\"en_US\" \/>\n<meta property=\"og:type\" content=\"article\" \/>\n<meta property=\"og:title\" content=\"Estimation sculpture \u00e0 Paris | FauveParis\" \/>\n<meta property=\"og:description\" content=\"Estimation sculpture, bronze ou statue \u00e0 Paris. B\u00e9n\u00e9ficiez d\u2019une expertise gratuite et confidentielle r\u00e9alis\u00e9e par nos sp\u00e9cialistes.\" \/>\n<meta property=\"og:url\" content=\"https:\/\/www.fauveparis.com\/nos-specialites\/estimation-sculpture\/\" \/>\n<meta property=\"og:site_name\" content=\"FauveParis\" \/>\n<meta property=\"article:publisher\" content=\"https:\/\/www.facebook.com\/fauveparis\/\" \/>\n<meta property=\"article:modified_time\" content=\"2026-04-15T13:34:56+00:00\" \/>\n<meta property=\"og:image\" content=\"https:\/\/www.fauveparis.com\/wp-content\/uploads\/2020\/05\/fauveparis_lalanne_2.jpg\" \/>\n<meta name=\"twitter:card\" content=\"summary_large_image\" \/>\n<meta name=\"twitter:site\" content=\"@FauveParis\" \/>\n<meta name=\"twitter:label1\" content=\"Est. reading time\" \/>\n\t<meta name=\"twitter:data1\" content=\"5 minutes\" \/>\n<script type=\"application\/ld+json\" class=\"yoast-schema-graph\">{\"@context\":\"https:\\\/\\\/schema.org\",\"@graph\":[{\"@type\":\"WebPage\",\"@id\":\"https:\\\/\\\/www.fauveparis.com\\\/nos-specialites\\\/estimation-sculpture\\\/\",\"url\":\"https:\\\/\\\/www.fauveparis.com\\\/nos-specialites\\\/estimation-sculpture\\\/\",\"name\":\"Estimation sculpture \u00e0 Paris | FauveParis\",\"isPartOf\":{\"@id\":\"https:\\\/\\\/www.fauveparis.com\\\/en\\\/#website\"},\"primaryImageOfPage\":{\"@id\":\"https:\\\/\\\/www.fauveparis.com\\\/nos-specialites\\\/estimation-sculpture\\\/#primaryimage\"},\"image\":{\"@id\":\"https:\\\/\\\/www.fauveparis.com\\\/nos-specialites\\\/estimation-sculpture\\\/#primaryimage\"},\"thumbnailUrl\":\"https:\\\/\\\/www.fauveparis.com\\\/wp-content\\\/uploads\\\/2020\\\/05\\\/fauveparis_lalanne_2.jpg\",\"datePublished\":\"2026-04-08T12:57:17+00:00\",\"dateModified\":\"2026-04-15T13:34:56+00:00\",\"description\":\"Estimation sculpture, bronze ou statue \u00e0 Paris. B\u00e9n\u00e9ficiez d\u2019une expertise gratuite et confidentielle r\u00e9alis\u00e9e par nos sp\u00e9cialistes.\",\"breadcrumb\":{\"@id\":\"https:\\\/\\\/www.fauveparis.com\\\/nos-specialites\\\/estimation-sculpture\\\/#breadcrumb\"},\"inLanguage\":\"en-US\",\"potentialAction\":[{\"@type\":\"ReadAction\",\"target\":[\"https:\\\/\\\/www.fauveparis.com\\\/nos-specialites\\\/estimation-sculpture\\\/\"]}]},{\"@type\":\"ImageObject\",\"inLanguage\":\"en-US\",\"@id\":\"https:\\\/\\\/www.fauveparis.com\\\/nos-specialites\\\/estimation-sculpture\\\/#primaryimage\",\"url\":\"https:\\\/\\\/www.fauveparis.com\\\/wp-content\\\/uploads\\\/2020\\\/05\\\/fauveparis_lalanne_2.jpg\",\"contentUrl\":\"https:\\\/\\\/www.fauveparis.com\\\/wp-content\\\/uploads\\\/2020\\\/05\\\/fauveparis_lalanne_2.jpg\"},{\"@type\":\"BreadcrumbList\",\"@id\":\"https:\\\/\\\/www.fauveparis.com\\\/nos-specialites\\\/estimation-sculpture\\\/#breadcrumb\",\"itemListElement\":[{\"@type\":\"ListItem\",\"position\":1,\"name\":\"Home\",\"item\":\"https:\\\/\\\/www.fauveparis.com\\\/en\\\/\"},{\"@type\":\"ListItem\",\"position\":2,\"name\":\"Toutes nos expertises : objets pr\u00e9cieux et \u0153uvres d\u2019art\",\"item\":\"https:\\\/\\\/www.fauveparis.com\\\/nos-specialites\\\/\"},{\"@type\":\"ListItem\",\"position\":3,\"name\":\"Sculpture\"}]},{\"@type\":\"WebSite\",\"@id\":\"https:\\\/\\\/www.fauveparis.com\\\/en\\\/#website\",\"url\":\"https:\\\/\\\/www.fauveparis.com\\\/en\\\/\",\"name\":\"FauveParis\",\"description\":\"Ventes aux ench\u00e8res \u00b7 Auctions now\",\"publisher\":{\"@id\":\"https:\\\/\\\/www.fauveparis.com\\\/en\\\/#organization\"},\"potentialAction\":[{\"@type\":\"SearchAction\",\"target\":{\"@type\":\"EntryPoint\",\"urlTemplate\":\"https:\\\/\\\/www.fauveparis.com\\\/en\\\/?s={search_term_string}\"},\"query-input\":{\"@type\":\"PropertyValueSpecification\",\"valueRequired\":true,\"valueName\":\"search_term_string\"}}],\"inLanguage\":\"en-US\"},{\"@type\":\"Organization\",\"@id\":\"https:\\\/\\\/www.fauveparis.com\\\/en\\\/#organization\",\"name\":\"FauveParis\",\"url\":\"https:\\\/\\\/www.fauveparis.com\\\/en\\\/\",\"logo\":{\"@type\":\"ImageObject\",\"inLanguage\":\"en-US\",\"@id\":\"https:\\\/\\\/www.fauveparis.com\\\/en\\\/#\\\/schema\\\/logo\\\/image\\\/\",\"url\":\"https:\\\/\\\/www.fauveparis.com\\\/wp-content\\\/uploads\\\/2023\\\/05\\\/fauveparis_logo_800.png\",\"contentUrl\":\"https:\\\/\\\/www.fauveparis.com\\\/wp-content\\\/uploads\\\/2023\\\/05\\\/fauveparis_logo_800.png\",\"width\":800,\"height\":228,\"caption\":\"FauveParis\"},\"image\":{\"@id\":\"https:\\\/\\\/www.fauveparis.com\\\/en\\\/#\\\/schema\\\/logo\\\/image\\\/\"},\"sameAs\":[\"https:\\\/\\\/www.facebook.com\\\/fauveparis\\\/\",\"https:\\\/\\\/x.com\\\/FauveParis\",\"https:\\\/\\\/www.instagram.com\\\/fauveparis\\\/\"]}]}<\/script>\n<!-- \/ Yoast SEO plugin. -->","yoast_head_json":{"title":"Estimation sculpture \u00e0 Paris | FauveParis","description":"Estimation sculpture, bronze ou statue \u00e0 Paris. B\u00e9n\u00e9ficiez d\u2019une expertise gratuite et confidentielle r\u00e9alis\u00e9e par nos sp\u00e9cialistes.","robots":{"index":"index","follow":"follow","max-snippet":"max-snippet:-1","max-image-preview":"max-image-preview:large","max-video-preview":"max-video-preview:-1"},"canonical":"https:\/\/www.fauveparis.com\/en\/wp-json\/wp\/v2\/pages\/24829","og_locale":"en_US","og_type":"article","og_title":"Estimation sculpture \u00e0 Paris | FauveParis","og_description":"Estimation sculpture, bronze ou statue \u00e0 Paris. B\u00e9n\u00e9ficiez d\u2019une expertise gratuite et confidentielle r\u00e9alis\u00e9e par nos sp\u00e9cialistes.","og_url":"https:\/\/www.fauveparis.com\/nos-specialites\/estimation-sculpture\/","og_site_name":"FauveParis","article_publisher":"https:\/\/www.facebook.com\/fauveparis\/","article_modified_time":"2026-04-15T13:34:56+00:00","og_image":[{"url":"https:\/\/www.fauveparis.com\/wp-content\/uploads\/2020\/05\/fauveparis_lalanne_2.jpg","type":"","width":"","height":""}],"twitter_card":"summary_large_image","twitter_site":"@FauveParis","twitter_misc":{"Est. reading time":"5 minutes"},"schema":{"@context":"https:\/\/schema.org","@graph":[{"@type":"WebPage","@id":"https:\/\/www.fauveparis.com\/nos-specialites\/estimation-sculpture\/","url":"https:\/\/www.fauveparis.com\/nos-specialites\/estimation-sculpture\/","name":"Estimation sculpture \u00e0 Paris | FauveParis","isPartOf":{"@id":"https:\/\/www.fauveparis.com\/en\/#website"},"primaryImageOfPage":{"@id":"https:\/\/www.fauveparis.com\/nos-specialites\/estimation-sculpture\/#primaryimage"},"image":{"@id":"https:\/\/www.fauveparis.com\/nos-specialites\/estimation-sculpture\/#primaryimage"},"thumbnailUrl":"https:\/\/www.fauveparis.com\/wp-content\/uploads\/2020\/05\/fauveparis_lalanne_2.jpg","datePublished":"2026-04-08T12:57:17+00:00","dateModified":"2026-04-15T13:34:56+00:00","description":"Estimation sculpture, bronze ou statue \u00e0 Paris. B\u00e9n\u00e9ficiez d\u2019une expertise gratuite et confidentielle r\u00e9alis\u00e9e par nos sp\u00e9cialistes.","breadcrumb":{"@id":"https:\/\/www.fauveparis.com\/nos-specialites\/estimation-sculpture\/#breadcrumb"},"inLanguage":"en-US","potentialAction":[{"@type":"ReadAction","target":["https:\/\/www.fauveparis.com\/nos-specialites\/estimation-sculpture\/"]}]},{"@type":"ImageObject","inLanguage":"en-US","@id":"https:\/\/www.fauveparis.com\/nos-specialites\/estimation-sculpture\/#primaryimage","url":"https:\/\/www.fauveparis.com\/wp-content\/uploads\/2020\/05\/fauveparis_lalanne_2.jpg","contentUrl":"https:\/\/www.fauveparis.com\/wp-content\/uploads\/2020\/05\/fauveparis_lalanne_2.jpg"},{"@type":"BreadcrumbList","@id":"https:\/\/www.fauveparis.com\/nos-specialites\/estimation-sculpture\/#breadcrumb","itemListElement":[{"@type":"ListItem","position":1,"name":"Home","item":"https:\/\/www.fauveparis.com\/en\/"},{"@type":"ListItem","position":2,"name":"Toutes nos expertises : objets pr\u00e9cieux et \u0153uvres d\u2019art","item":"https:\/\/www.fauveparis.com\/nos-specialites\/"},{"@type":"ListItem","position":3,"name":"Sculpture"}]},{"@type":"WebSite","@id":"https:\/\/www.fauveparis.com\/en\/#website","url":"https:\/\/www.fauveparis.com\/en\/","name":"FauveParis","description":"Ventes aux ench\u00e8res \u00b7 Auctions now","publisher":{"@id":"https:\/\/www.fauveparis.com\/en\/#organization"},"potentialAction":[{"@type":"SearchAction","target":{"@type":"EntryPoint","urlTemplate":"https:\/\/www.fauveparis.com\/en\/?s={search_term_string}"},"query-input":{"@type":"PropertyValueSpecification","valueRequired":true,"valueName":"search_term_string"}}],"inLanguage":"en-US"},{"@type":"Organization","@id":"https:\/\/www.fauveparis.com\/en\/#organization","name":"FauveParis","url":"https:\/\/www.fauveparis.com\/en\/","logo":{"@type":"ImageObject","inLanguage":"en-US","@id":"https:\/\/www.fauveparis.com\/en\/#\/schema\/logo\/image\/","url":"https:\/\/www.fauveparis.com\/wp-content\/uploads\/2023\/05\/fauveparis_logo_800.png","contentUrl":"https:\/\/www.fauveparis.com\/wp-content\/uploads\/2023\/05\/fauveparis_logo_800.png","width":800,"height":228,"caption":"FauveParis"},"image":{"@id":"https:\/\/www.fauveparis.com\/en\/#\/schema\/logo\/image\/"},"sameAs":["https:\/\/www.facebook.com\/fauveparis\/","https:\/\/x.com\/FauveParis","https:\/\/www.instagram.com\/fauveparis\/"]}]}},"_links":{"self":[{"href":"https:\/\/www.fauveparis.com\/en\/wp-json\/wp\/v2\/pages\/24829","targetHints":{"allow":["GET"]}}],"collection":[{"href":"https:\/\/www.fauveparis.com\/en\/wp-json\/wp\/v2\/pages"}],"about":[{"href":"https:\/\/www.fauveparis.com\/en\/wp-json\/wp\/v2\/types\/page"}],"author":[{"embeddable":true,"href":"https:\/\/www.fauveparis.com\/en\/wp-json\/wp\/v2\/users\/15"}],"replies":[{"embeddable":true,"href":"https:\/\/www.fauveparis.com\/en\/wp-json\/wp\/v2\/comments?post=24829"}],"version-history":[{"count":14,"href":"https:\/\/www.fauveparis.com\/en\/wp-json\/wp\/v2\/pages\/24829\/revisions"}],"predecessor-version":[{"id":25083,"href":"https:\/\/www.fauveparis.com\/en\/wp-json\/wp\/v2\/pages\/24829\/revisions\/25083"}],"up":[{"embeddable":true,"href":"https:\/\/www.fauveparis.com\/en\/wp-json\/wp\/v2\/pages\/6365"}],"wp:attachment":[{"href":"https:\/\/www.fauveparis.com\/en\/wp-json\/wp\/v2\/media?parent=24829"}],"curies":[{"name":"wp","href":"https:\/\/api.w.org\/{rel}","templated":true}]}}