{"id":24589,"date":"2026-03-25T13:41:33","date_gmt":"2026-03-25T12:41:33","guid":{"rendered":"https:\/\/www.fauveparis.com\/?page_id=24589"},"modified":"2026-04-15T15:31:38","modified_gmt":"2026-04-15T13:31:38","slug":"estimation-de-tableau-contemporain","status":"publish","type":"page","link":"https:\/\/www.fauveparis.com\/en\/nos-specialites\/estimation-de-tableau-contemporain\/","title":{"rendered":"Estimation de tableau contemporain\u00a0"},"content":{"rendered":"\n<div class=\"container-default\">\n<div class=\"hero-section-desktop\">\n  <div class=\" hero-intro\">\n    <h1 class=\"hero-text\"> Estimation de tableau contemporain\u00a0 <\/h1>\n    <div class=\"hero-intro-main-text\"> Faites estimer gratuitement votre tableau contemporain par nos experts <\/div>\n    <div class=\"hero-intro-br\"><\/div>\n    <div class=\"hero-intro-desc\"> L\u2019estimation d\u2019un tableau contemporain repose sur l\u2019analyse de crit\u00e8res pr\u00e9cis tels que l\u2019artiste, la technique, la provenance et l\u2019\u00e9tat de conservation. \u00c0 Paris, FauveParis accompagne les propri\u00e9taires dans l\u2019\u00e9valuation de leurs \u0153uvres gr\u00e2ce \u00e0 une expertise fond\u00e9e sur les r\u00e9sultats de ventes aux ench\u00e8res, afin de d\u00e9terminer une valeur coh\u00e9rente et actuelle.\n <br\/>\n      <\/div>\n    <a href=\"https:\/\/www.fauveparis.com\/estimation-en-ligne\/ \" class=\"call-to-action\"> Envoyez-nous les photos de vos biens pour une expertise gratuite <i class=\"fas fa-chevron-right\"><\/i> <\/a> <\/div>\n  <div class=\"hero-desktop\"> <img decoding=\"async\" style=\"width:100%\" src=\"https:\/\/www.fauveparis.com\/wp-content\/uploads\/2020\/05\/fauveparis_lalanne_2.jpg\"> <\/div>\n<\/div>\n\n<\/div>\n\n\n\n<div class=\"hero-logos-drouot-interencheres-container\">\n  <div class=\"hero-logos-drouot-container-item\">\n    <img decoding=\"async\" src=\"https:\/\/www.fauveparis.com\/wp-content\/uploads\/2025\/12\/logo_drouot_rouge_interencheres.png\" alt=\"Logo Drouot\">\n  <\/div>\n  <div class=\"hero-logos-interencheres-container-item\">\n    <img decoding=\"async\" src=\"https:\/\/www.fauveparis.com\/wp-content\/uploads\/2025\/12\/interenchere.png\" alt=\"Logo Interencheres\">\n  <\/div>\n<\/div>\n\n\n\n<div class=\"reassurance\">\n  <div class=\"reassurance-item\">\n    <div class=\"reassurance-icon\">\n      <img decoding=\"async\" src=\"https:\/\/www.fauveparis.com\/wp-content\/uploads\/2024\/06\/Groupe-109@2x.png\">\n    <\/div>\n    <div class=\"reassurance-item-br\"><\/div>\n    <div class=\"reassurance-text\">\n      1 \u00e0 2 ventes par semaine &#8211; A Paris, Drouot + Interench\u00e8res    <\/div>\n  <\/div>\n  <div class=\"reassurance-item reassurance-light\">\n    <div class=\"reassurance-icon\">\n      <img decoding=\"async\" class=\"larger-icon\" src=\"https:\/\/www.fauveparis.com\/wp-content\/uploads\/2024\/06\/Groupe-50@2x.png\">\n    <\/div>\n    <div class=\"reassurance-item-br\"><\/div>\n    <div class=\"reassurance-text\">\n      Paiement rapide apr\u00e8s la vente    <\/div>\n  <\/div>\n  <div class=\"reassurance-item\">\n    <div class=\"reassurance-icon\">\n      <img decoding=\"async\" class=\"smaller-icon\" src=\"https:\/\/www.fauveparis.com\/wp-content\/uploads\/2024\/06\/Groupe-141@2x.png\">\n    <\/div>\n    <div class=\"reassurance-item-br\"><\/div>\n    <div class=\"reassurance-text\">\n      Objets et \u0153uvres d&#8217;art contemporains    <\/div>\n  <\/div>\n<\/div>\n\n\n\n<div class=\"container-default\">\n<section>\n\n  <div class=\"wrap-text\">\n    <div>\n      <h2>Pourquoi faire estimer un tableau contemporain ?<\/h2>\n      <p>Une estimation d\u2019un tableau contemporain \u00e0 Paris permet d\u2019en d\u00e9terminer la valeur r\u00e9elle au regard du march\u00e9 actuel, en s\u2019appuyant sur la c\u00f4te de l\u2019artiste. Cette d\u00e9marche est utile pour :\n<\/p>\n      <ul>\n        <li>Vendre au prix juste<\/li>\n        <li>Justifier une assurance en cas de sinistre<\/li>\n        <li>Organiser un partage \u00e9quitable<\/li>\n        <li>Ou confirmer l\u2019authenticit\u00e9 de l\u2019\u0153uvre.<\/li>\n      <\/ul>\n    <\/div>\n    <div>\n      <p>L\u2019estimation offre une lecture pr\u00e9cise de la valeur marchande d\u2019un tableau \u00e0 un instant donn\u00e9. Elle s\u2019impose comme une \u00e9tape pr\u00e9alable \u00e0 toute mise en vente, notamment dans des contextes tels qu\u2019un d\u00e9c\u00e8s, un divorce, un d\u00e9m\u00e9nagement ou pour r\u00e9pondre \u00e0 des contraintes financi\u00e8res.\n<\/p>\n      <p>Nos experts s\u2019appuient sur leur connaissance approfondie du march\u00e9 de l\u2019art contemporain, ainsi que sur des bases de donn\u00e9es de r\u00e9sultats et d\u2019adjudications r\u00e9centes.\n<\/p>\n      <a href=\"https:\/\/www.fauveparis.com\/estimation-en-ligne\/\" class=\"call-to-action\"> Recevez une estimation sous 24 h et vendez en 10 jours<i class=\"fas fa-chevron-right\"><\/i> <\/a> <\/div>\n  <\/div>\n<\/div>\n<\/section>\n\n\n\n<div class=\"container-default\">\n<section>\n\n  <div class=\"wrap-text\">\n    <div>\n      <h2>Une expertise fond\u00e9e sur le march\u00e9<\/h2>\n      <p>L\u2019\u00e9valuation d\u2019un tableau contemporain ne se limite pas \u00e0 une simple fourchette de prix. Elle int\u00e8gre une lecture globale de l\u2019\u0153uvre et de son environnement artistique :<\/p>\n<\/div>\n<div>\n      <ul>\n        <li>Identification de l\u2019artiste<\/li>\n        <li>Analyse stylistique et technique<\/li>\n        <li>Comparaison avec des \u0153uvres similaires<\/li>\n<li>Format de l\u2019oeuvre<\/li>\n<li>Date de l\u2019oeuvre<\/li>\n        <li>Etude de la demande des collectionneurs<\/li>\n        <li>Observation des tendances du march\u00e9<\/li>\n      <\/ul>\n    <\/div>\n    <div>\n      <p>Cette approche permet de positionner chaque \u0153uvre de mani\u00e8re coh\u00e9rente dans le circuit des ventes aux ench\u00e8res.\n<\/p> <\/div>\n  <\/div>\n\n<\/section>\n<\/div>\n\n\n\n<div class=\"kpi-container\">\n  <h2 class=\"kpi-title\">\n    Quelques  <span class=\"kpi-title-bold\">chiffres<\/span>\n  <\/h2>\n  <div class=\"kpi-desc\">\n    Une maison de ventes aux ench\u00e8res dynamique et performante  <\/div>\n  <div class=\"kpi-grid\">\n                  <div class=\"kpi-item\">\n          <div class=\"kpi-icon\">\n            <img decoding=\"async\" src=\"https:\/\/www.fauveparis.com\/wp-content\/uploads\/2024\/06\/Groupe-13@2x.png\">\n          <\/div>\n          <div class=\"kpi-value\">\n            67 000          <\/div>\n          <div class=\"kpi-text\">\n            Lots pass\u00e9s en ventes          <\/div>\n        <\/div>\n        <div class=\"kpi-br\"><\/div>\n              <div class=\"kpi-item\">\n          <div class=\"kpi-icon\">\n            <img decoding=\"async\" src=\"https:\/\/www.fauveparis.com\/wp-content\/uploads\/2024\/06\/Groupe-15@2x.png\">\n          <\/div>\n          <div class=\"kpi-value\">\n            600          <\/div>\n          <div class=\"kpi-text\">\n            Inventaires          <\/div>\n        <\/div>\n        <div class=\"kpi-br\"><\/div>\n              <div class=\"kpi-item\">\n          <div class=\"kpi-icon\">\n            <img decoding=\"async\" src=\"https:\/\/www.fauveparis.com\/wp-content\/uploads\/2024\/06\/Groupe-17@2x.png\">\n          <\/div>\n          <div class=\"kpi-value\">\n            120 000          <\/div>\n          <div class=\"kpi-text\">\n            Estimations          <\/div>\n        <\/div>\n        <div class=\"kpi-br\"><\/div>\n            <\/div>\n<\/div>\n\n\n\n<div class=\"container-default\">\n<section>\n    <div class=\"wrap-text\">\n    <div>\n  <h2>Faites estimer votre tableau contemporain avec FauveParis<\/h2>\n<p>FauveParis accompagne les propri\u00e9taires souhaitant obtenir une estimation fiable et argument\u00e9e de leurs \u0153uvres. La d\u00e9marche est simple et confidentielle. Il suffit de transmettre les informations et visuels de votre tableau afin qu\u2019une premi\u00e8re \u00e9valuation soit r\u00e9alis\u00e9e par nos sp\u00e9cialistes.<\/p>\n<p>Que vous souhaitiez obtenir une estimation de tableau contemporain, ou une expertise de peinture contemporaine, notre \u00e9quipe vous accompagne \u00e0 chaque \u00e9tape, de la premi\u00e8re analyse \u00e0 une \u00e9ventuelle mise en vente. Une estimation pr\u00e9cise constitue le point de d\u00e9part d\u2019une strat\u00e9gie de valorisation adapt\u00e9e \u00e0 votre \u0153uvre et \u00e0 son potentiel sur le march\u00e9 actuel.\n<\/p>\n  <\/div>\n    <div>\n      <h2>Ventes r\u00e9centes de tableaux et d\u2019\u0153uvres contemporaines<\/h2>\n      <p>D\u00e9couvrez quelques r\u00e9sultats r\u00e9cents de ventes de tableaux et d\u2019\u0153uvres contemporaines, illustrant notre expertise et notre capacit\u00e9 \u00e0 valoriser chaque bien au meilleur prix.\n<\/p>\n      <p><strong>Couverture<\/strong><br>\n&gt; 14193_3 : <a href=\"https:\/\/www.fauveparis.com\/lot\/425\/60648\/\">Hans Hartung (1904-1989), Composition, 1957, Pastel et fusain sur papier sign\u00e9<\/a><\/p>\n  <\/div>\n  <\/div>\n<\/section>\n<\/div>\n\n\n\n<div class=\"estimation\">\n  <h2 class=\"estimation-title\">\n    Estimation gratuite de votre tableau contemporain    <div class=\"estimation-title-lower\">\n      en ligne ou dans nos bureaux    <\/div>\n  <\/h2>\n  <div class=\"estimation-desc\">\n    Recevez sous 24h une estimation d&#8217;un commissaire-priseur et vendez sous 10 jours  <\/div>\n  <a href=\"https:\/\/www.fauveparis.com\/estimation-en-ligne\/\">\n\n    <div class=\"estimation-cta\">\n      Je demande une estimation gratuite <i class=\"fas fa-chevron-right\"><\/i>\n    <\/div>\n\n  <\/a>\n  <div class=\"estimation-addresses\">\n\n    <div class=\"estimation-address\">\n      <img decoding=\"async\" src=\"https:\/\/www.fauveparis.com\/wp-content\/uploads\/2024\/06\/Groupe-31@2x.png\">\n      18 Place des Vosges, Paris 4e    <\/div>\n    <div class=\"estimation-address-sep\">&nbsp;<\/div>\n    <div class=\"estimation-address\">\n      <img decoding=\"async\" src=\"https:\/\/www.fauveparis.com\/wp-content\/uploads\/2024\/06\/Groupe-31@2x.png\">\n      49 rue Saint-Sabin, Paris 11e    <\/div>\n\n  <\/div>\n<\/div>\n\n\n\n<div class=\"container-default\">\n<section>\n    <div class=\"wrap-text\">\n    <div>\n <h2>Autres expertises \u00e0 d\u00e9couvrir : <\/h2>\n     <ul>\n  <li><a href=\"https:\/\/www.fauveparis.com\/nos-specialites\/estimation-tableau-ancien\/\">Estimation de tableau ancien<\/a><\/li>  \n  <li><a href=\"https:\/\/www.fauveparis.com\/nos-specialites\/estimation-sculpture\/\">Estimation de sculpture<\/a><\/li>\n  <li><a href=\"https:\/\/www.fauveparis.com\/nos-specialites\/estimation-porcelaines-ceramiques-et-vases\/\">Estimation de porcelaines, c\u00e9ramiques et vases<\/a><\/li>\n  <li><a href=\"https:\/\/www.fauveparis.com\/nos-specialites\/estimation-de-bijoux\/\">Estimation de bijoux<\/a><\/li>      \n  <li><a href=\"https:\/\/www.fauveparis.com\/nos-specialites\/estimation-de-montre\/\">Estimation de montres<\/a><\/li>\n  <li><a href=\"https:\/\/www.fauveparis.com\/nos-specialites\/estimation-design-arts-decoratifs\/\">Estimation de design et arts d\u00e9coratifs<\/a><\/li>\n  <li><a href=\"https:\/\/www.fauveparis.com\/nos-specialites\/vins-et-spiritueux\/\">Estimation de vins et spiritueux<\/a><\/li>\n  <li><a href=\"https:\/\/www.fauveparis.com\/nos-specialites\/art-asiatique\/\">Estimation d\u2019art asiatique<\/a><\/li>\n  <li><a href=\"https:\/\/www.fauveparis.com\/nos-specialites\/art-premier-africain\/\">Estimation d\u2019art premier et africain<\/a><\/li>\n  <li><a href=\"https:\/\/www.fauveparis.com\/nos-specialites\/livres-anciens-et-manuscrits\/\">Estimation de livres anciens et manuscrits<\/a><\/li>\n<\/ul>\n <p>Retrouvez ici toutes <a href=\"https:\/\/www.fauveparis.com\/nos-specialites\/\">nos expertises<\/a>.<\/p>\n  <\/div>\n  <\/div>\n<\/section>\n<\/div>\n\n\n\n<p><\/p>\n","protected":false},"excerpt":{"rendered":"<p>Estimation de tableau contemporain\u00a0 Faites estimer gratuitement votre tableau contemporain par nos experts L\u2019estimation d\u2019un tableau contemporain repose sur l\u2019analyse de crit\u00e8res [&hellip;]<\/p>\n","protected":false},"author":15,"featured_media":0,"parent":6365,"menu_order":0,"comment_status":"closed","ping_status":"closed","template":"templates\/page-statique.php","meta":{"_acf_changed":false,"footnotes":""},"class_list":["post-24589","page","type-page","status-publish","hentry"],"acf":[],"yoast_head":"<!-- This site is optimized with the Yoast SEO plugin v27.3 - https:\/\/yoast.com\/product\/yoast-seo-wordpress\/ -->\n<title>Estimation tableau contemporain \u00e0 Paris - FauveParis<\/title>\n<meta name=\"description\" content=\"Estimation de tableau contemporain \u00e0 Paris : analyse, expertise et \u00e9valuation de votre \u0153uvre par des sp\u00e9cialistes du march\u00e9 de l\u2019art.\" \/>\n<meta name=\"robots\" content=\"index, follow, max-snippet:-1, max-image-preview:large, max-video-preview:-1\" \/>\n<link rel=\"canonical\" href=\"https:\/\/www.fauveparis.com\/en\/wp-json\/wp\/v2\/pages\/24589\" \/>\n<meta property=\"og:locale\" content=\"en_US\" \/>\n<meta property=\"og:type\" content=\"article\" \/>\n<meta property=\"og:title\" content=\"Estimation tableau contemporain \u00e0 Paris - FauveParis\" \/>\n<meta property=\"og:description\" content=\"Estimation de tableau contemporain \u00e0 Paris : analyse, expertise et \u00e9valuation de votre \u0153uvre par des sp\u00e9cialistes du march\u00e9 de l\u2019art.\" \/>\n<meta property=\"og:url\" content=\"https:\/\/www.fauveparis.com\/nos-specialites\/estimation-de-tableau-contemporain\/\" \/>\n<meta property=\"og:site_name\" content=\"FauveParis\" \/>\n<meta property=\"article:publisher\" content=\"https:\/\/www.facebook.com\/fauveparis\/\" \/>\n<meta property=\"article:modified_time\" content=\"2026-04-15T13:31:38+00:00\" \/>\n<meta property=\"og:image\" content=\"https:\/\/www.fauveparis.com\/wp-content\/uploads\/2020\/05\/fauveparis_lalanne_2.jpg\" \/>\n<meta name=\"twitter:card\" content=\"summary_large_image\" \/>\n<meta name=\"twitter:site\" content=\"@FauveParis\" \/>\n<meta name=\"twitter:label1\" content=\"Est. reading time\" \/>\n\t<meta name=\"twitter:data1\" content=\"6 minutes\" \/>\n<script type=\"application\/ld+json\" class=\"yoast-schema-graph\">{\"@context\":\"https:\\\/\\\/schema.org\",\"@graph\":[{\"@type\":\"WebPage\",\"@id\":\"https:\\\/\\\/www.fauveparis.com\\\/nos-specialites\\\/estimation-de-tableau-contemporain\\\/\",\"url\":\"https:\\\/\\\/www.fauveparis.com\\\/nos-specialites\\\/estimation-de-tableau-contemporain\\\/\",\"name\":\"Estimation tableau contemporain \u00e0 Paris - FauveParis\",\"isPartOf\":{\"@id\":\"https:\\\/\\\/www.fauveparis.com\\\/en\\\/#website\"},\"primaryImageOfPage\":{\"@id\":\"https:\\\/\\\/www.fauveparis.com\\\/nos-specialites\\\/estimation-de-tableau-contemporain\\\/#primaryimage\"},\"image\":{\"@id\":\"https:\\\/\\\/www.fauveparis.com\\\/nos-specialites\\\/estimation-de-tableau-contemporain\\\/#primaryimage\"},\"thumbnailUrl\":\"https:\\\/\\\/www.fauveparis.com\\\/wp-content\\\/uploads\\\/2020\\\/05\\\/fauveparis_lalanne_2.jpg\",\"datePublished\":\"2026-03-25T12:41:33+00:00\",\"dateModified\":\"2026-04-15T13:31:38+00:00\",\"description\":\"Estimation de tableau contemporain \u00e0 Paris : analyse, expertise et \u00e9valuation de votre \u0153uvre par des sp\u00e9cialistes du march\u00e9 de l\u2019art.\",\"breadcrumb\":{\"@id\":\"https:\\\/\\\/www.fauveparis.com\\\/nos-specialites\\\/estimation-de-tableau-contemporain\\\/#breadcrumb\"},\"inLanguage\":\"en-US\",\"potentialAction\":[{\"@type\":\"ReadAction\",\"target\":[\"https:\\\/\\\/www.fauveparis.com\\\/nos-specialites\\\/estimation-de-tableau-contemporain\\\/\"]}]},{\"@type\":\"ImageObject\",\"inLanguage\":\"en-US\",\"@id\":\"https:\\\/\\\/www.fauveparis.com\\\/nos-specialites\\\/estimation-de-tableau-contemporain\\\/#primaryimage\",\"url\":\"https:\\\/\\\/www.fauveparis.com\\\/wp-content\\\/uploads\\\/2020\\\/05\\\/fauveparis_lalanne_2.jpg\",\"contentUrl\":\"https:\\\/\\\/www.fauveparis.com\\\/wp-content\\\/uploads\\\/2020\\\/05\\\/fauveparis_lalanne_2.jpg\"},{\"@type\":\"BreadcrumbList\",\"@id\":\"https:\\\/\\\/www.fauveparis.com\\\/nos-specialites\\\/estimation-de-tableau-contemporain\\\/#breadcrumb\",\"itemListElement\":[{\"@type\":\"ListItem\",\"position\":1,\"name\":\"Home\",\"item\":\"https:\\\/\\\/www.fauveparis.com\\\/en\\\/\"},{\"@type\":\"ListItem\",\"position\":2,\"name\":\"Toutes nos expertises : objets pr\u00e9cieux et \u0153uvres d\u2019art\",\"item\":\"https:\\\/\\\/www.fauveparis.com\\\/nos-specialites\\\/\"},{\"@type\":\"ListItem\",\"position\":3,\"name\":\"Estimation de tableau contemporain\u00a0\"}]},{\"@type\":\"WebSite\",\"@id\":\"https:\\\/\\\/www.fauveparis.com\\\/en\\\/#website\",\"url\":\"https:\\\/\\\/www.fauveparis.com\\\/en\\\/\",\"name\":\"FauveParis\",\"description\":\"Ventes aux ench\u00e8res \u00b7 Auctions now\",\"publisher\":{\"@id\":\"https:\\\/\\\/www.fauveparis.com\\\/en\\\/#organization\"},\"potentialAction\":[{\"@type\":\"SearchAction\",\"target\":{\"@type\":\"EntryPoint\",\"urlTemplate\":\"https:\\\/\\\/www.fauveparis.com\\\/en\\\/?s={search_term_string}\"},\"query-input\":{\"@type\":\"PropertyValueSpecification\",\"valueRequired\":true,\"valueName\":\"search_term_string\"}}],\"inLanguage\":\"en-US\"},{\"@type\":\"Organization\",\"@id\":\"https:\\\/\\\/www.fauveparis.com\\\/en\\\/#organization\",\"name\":\"FauveParis\",\"url\":\"https:\\\/\\\/www.fauveparis.com\\\/en\\\/\",\"logo\":{\"@type\":\"ImageObject\",\"inLanguage\":\"en-US\",\"@id\":\"https:\\\/\\\/www.fauveparis.com\\\/en\\\/#\\\/schema\\\/logo\\\/image\\\/\",\"url\":\"https:\\\/\\\/www.fauveparis.com\\\/wp-content\\\/uploads\\\/2023\\\/05\\\/fauveparis_logo_800.png\",\"contentUrl\":\"https:\\\/\\\/www.fauveparis.com\\\/wp-content\\\/uploads\\\/2023\\\/05\\\/fauveparis_logo_800.png\",\"width\":800,\"height\":228,\"caption\":\"FauveParis\"},\"image\":{\"@id\":\"https:\\\/\\\/www.fauveparis.com\\\/en\\\/#\\\/schema\\\/logo\\\/image\\\/\"},\"sameAs\":[\"https:\\\/\\\/www.facebook.com\\\/fauveparis\\\/\",\"https:\\\/\\\/x.com\\\/FauveParis\",\"https:\\\/\\\/www.instagram.com\\\/fauveparis\\\/\"]}]}<\/script>\n<!-- \/ Yoast SEO plugin. -->","yoast_head_json":{"title":"Estimation tableau contemporain \u00e0 Paris - FauveParis","description":"Estimation de tableau contemporain \u00e0 Paris : analyse, expertise et \u00e9valuation de votre \u0153uvre par des sp\u00e9cialistes du march\u00e9 de l\u2019art.","robots":{"index":"index","follow":"follow","max-snippet":"max-snippet:-1","max-image-preview":"max-image-preview:large","max-video-preview":"max-video-preview:-1"},"canonical":"https:\/\/www.fauveparis.com\/en\/wp-json\/wp\/v2\/pages\/24589","og_locale":"en_US","og_type":"article","og_title":"Estimation tableau contemporain \u00e0 Paris - FauveParis","og_description":"Estimation de tableau contemporain \u00e0 Paris : analyse, expertise et \u00e9valuation de votre \u0153uvre par des sp\u00e9cialistes du march\u00e9 de l\u2019art.","og_url":"https:\/\/www.fauveparis.com\/nos-specialites\/estimation-de-tableau-contemporain\/","og_site_name":"FauveParis","article_publisher":"https:\/\/www.facebook.com\/fauveparis\/","article_modified_time":"2026-04-15T13:31:38+00:00","og_image":[{"url":"https:\/\/www.fauveparis.com\/wp-content\/uploads\/2020\/05\/fauveparis_lalanne_2.jpg","type":"","width":"","height":""}],"twitter_card":"summary_large_image","twitter_site":"@FauveParis","twitter_misc":{"Est. reading time":"6 minutes"},"schema":{"@context":"https:\/\/schema.org","@graph":[{"@type":"WebPage","@id":"https:\/\/www.fauveparis.com\/nos-specialites\/estimation-de-tableau-contemporain\/","url":"https:\/\/www.fauveparis.com\/nos-specialites\/estimation-de-tableau-contemporain\/","name":"Estimation tableau contemporain \u00e0 Paris - FauveParis","isPartOf":{"@id":"https:\/\/www.fauveparis.com\/en\/#website"},"primaryImageOfPage":{"@id":"https:\/\/www.fauveparis.com\/nos-specialites\/estimation-de-tableau-contemporain\/#primaryimage"},"image":{"@id":"https:\/\/www.fauveparis.com\/nos-specialites\/estimation-de-tableau-contemporain\/#primaryimage"},"thumbnailUrl":"https:\/\/www.fauveparis.com\/wp-content\/uploads\/2020\/05\/fauveparis_lalanne_2.jpg","datePublished":"2026-03-25T12:41:33+00:00","dateModified":"2026-04-15T13:31:38+00:00","description":"Estimation de tableau contemporain \u00e0 Paris : analyse, expertise et \u00e9valuation de votre \u0153uvre par des sp\u00e9cialistes du march\u00e9 de l\u2019art.","breadcrumb":{"@id":"https:\/\/www.fauveparis.com\/nos-specialites\/estimation-de-tableau-contemporain\/#breadcrumb"},"inLanguage":"en-US","potentialAction":[{"@type":"ReadAction","target":["https:\/\/www.fauveparis.com\/nos-specialites\/estimation-de-tableau-contemporain\/"]}]},{"@type":"ImageObject","inLanguage":"en-US","@id":"https:\/\/www.fauveparis.com\/nos-specialites\/estimation-de-tableau-contemporain\/#primaryimage","url":"https:\/\/www.fauveparis.com\/wp-content\/uploads\/2020\/05\/fauveparis_lalanne_2.jpg","contentUrl":"https:\/\/www.fauveparis.com\/wp-content\/uploads\/2020\/05\/fauveparis_lalanne_2.jpg"},{"@type":"BreadcrumbList","@id":"https:\/\/www.fauveparis.com\/nos-specialites\/estimation-de-tableau-contemporain\/#breadcrumb","itemListElement":[{"@type":"ListItem","position":1,"name":"Home","item":"https:\/\/www.fauveparis.com\/en\/"},{"@type":"ListItem","position":2,"name":"Toutes nos expertises : objets pr\u00e9cieux et \u0153uvres d\u2019art","item":"https:\/\/www.fauveparis.com\/nos-specialites\/"},{"@type":"ListItem","position":3,"name":"Estimation de tableau contemporain\u00a0"}]},{"@type":"WebSite","@id":"https:\/\/www.fauveparis.com\/en\/#website","url":"https:\/\/www.fauveparis.com\/en\/","name":"FauveParis","description":"Ventes aux ench\u00e8res \u00b7 Auctions now","publisher":{"@id":"https:\/\/www.fauveparis.com\/en\/#organization"},"potentialAction":[{"@type":"SearchAction","target":{"@type":"EntryPoint","urlTemplate":"https:\/\/www.fauveparis.com\/en\/?s={search_term_string}"},"query-input":{"@type":"PropertyValueSpecification","valueRequired":true,"valueName":"search_term_string"}}],"inLanguage":"en-US"},{"@type":"Organization","@id":"https:\/\/www.fauveparis.com\/en\/#organization","name":"FauveParis","url":"https:\/\/www.fauveparis.com\/en\/","logo":{"@type":"ImageObject","inLanguage":"en-US","@id":"https:\/\/www.fauveparis.com\/en\/#\/schema\/logo\/image\/","url":"https:\/\/www.fauveparis.com\/wp-content\/uploads\/2023\/05\/fauveparis_logo_800.png","contentUrl":"https:\/\/www.fauveparis.com\/wp-content\/uploads\/2023\/05\/fauveparis_logo_800.png","width":800,"height":228,"caption":"FauveParis"},"image":{"@id":"https:\/\/www.fauveparis.com\/en\/#\/schema\/logo\/image\/"},"sameAs":["https:\/\/www.facebook.com\/fauveparis\/","https:\/\/x.com\/FauveParis","https:\/\/www.instagram.com\/fauveparis\/"]}]}},"_links":{"self":[{"href":"https:\/\/www.fauveparis.com\/en\/wp-json\/wp\/v2\/pages\/24589","targetHints":{"allow":["GET"]}}],"collection":[{"href":"https:\/\/www.fauveparis.com\/en\/wp-json\/wp\/v2\/pages"}],"about":[{"href":"https:\/\/www.fauveparis.com\/en\/wp-json\/wp\/v2\/types\/page"}],"author":[{"embeddable":true,"href":"https:\/\/www.fauveparis.com\/en\/wp-json\/wp\/v2\/users\/15"}],"replies":[{"embeddable":true,"href":"https:\/\/www.fauveparis.com\/en\/wp-json\/wp\/v2\/comments?post=24589"}],"version-history":[{"count":93,"href":"https:\/\/www.fauveparis.com\/en\/wp-json\/wp\/v2\/pages\/24589\/revisions"}],"predecessor-version":[{"id":25080,"href":"https:\/\/www.fauveparis.com\/en\/wp-json\/wp\/v2\/pages\/24589\/revisions\/25080"}],"up":[{"embeddable":true,"href":"https:\/\/www.fauveparis.com\/en\/wp-json\/wp\/v2\/pages\/6365"}],"wp:attachment":[{"href":"https:\/\/www.fauveparis.com\/en\/wp-json\/wp\/v2\/media?parent=24589"}],"curies":[{"name":"wp","href":"https:\/\/api.w.org\/{rel}","templated":true}]}}